{"id":10483,"date":"2019-12-01T14:26:22","date_gmt":"2019-12-01T14:26:22","guid":{"rendered":"https:\/\/www.muehlebirgel.de\/shop\/week-end-romantique-calin-avec-2-nuits\/"},"modified":"2026-04-20T09:46:28","modified_gmt":"2026-04-20T07:46:28","slug":"calin-romance-week-end-avec-2-nuits","status":"publish","type":"product","link":"https:\/\/www.muehlebirgel.de\/fr\/shop\/calin-romance-week-end-avec-2-nuits","title":{"rendered":"Bon cadeau Week-end romantique c\u00e2lin avec 2 nuit\u00e9es"},"content":{"rendered":"<h2>Bon cadeau d\u00e9co pour un week-end en amoureux<\/h2>\n<p><strong>Ceci est inclus dans l&rsquo;offre :<\/strong><\/p>\n<ul>\n<li>2 x nuit\u00e9es pour 2 personnes<\/li>\n<li>2 x liqueurs de bienvenue<\/li>\n<li>2 petits d\u00e9jeuners buffet pour 2 personnes<\/li>\n<li>2 x menu du soir 4 plats au choix pour 2 personnes<\/li>\n<li>1 x visite du moulin pour 2 personnes<\/li>\n<li>1 x place de parking gratuite<\/li>\n<\/ul>\n<p>Plus d&rsquo;informations sur notre <a href=\"https:\/\/www.muehlebirgel.de\/romantisches-hotel-in-der-eifel-historische-wassermuehle-birgel\/kuschel-romantik-wochenende-in-der-eifel\" target=\"_blank\" rel=\"noopener noreferrer\">week-end romantique<\/a><\/p>\n<p>Remarque : Lors de la finalisation de l&rsquo;achat, veuillez saisir le nom du destinataire du bon et, le cas \u00e9ch\u00e9ant, le nom du destinataire du bon dans le champ de commentaires. d&rsquo;autres commentaires. Nous envoyons g\u00e9n\u00e9ralement votre ch\u00e8que-cadeau d\u00e9coratif par la poste le jour m\u00eame. L&rsquo;envoi est gratuit. Encaissement sur rendez-vous.  <\/p>\n<p>&nbsp;<\/p>\n","protected":false},"excerpt":{"rendered":"<p>Bon cadeau d\u00e9co pour un week-end en amoureux Ceci est inclus dans l&rsquo;offre : 2 x nuit\u00e9es pour 2 personnes 2 x liqueurs de bienvenue 2 petits d\u00e9jeuners buffet pour 2 personnes 2 x menu du soir 4 plats au choix pour 2 personnes 1 x visite du moulin pour 2 personnes 1 x place [&hellip;]<\/p>\n","protected":false},"featured_media":7384,"template":"","meta":[],"product_brand":[],"product_cat":[139],"product_tag":[],"class_list":{"0":"post-10483","1":"product","2":"type-product","3":"status-publish","4":"has-post-thumbnail","6":"product_cat-bons-de-reduction","7":"product_shipping_class-livraison-gratuite","9":"first","10":"instock","11":"taxable","12":"shipping-taxable","13":"purchasable","14":"product-type-variable"},"yoast_head":"<!-- This site is optimized with the Yoast SEO plugin v27.2 - https:\/\/yoast.com\/product\/yoast-seo-wordpress\/ -->\n<title>Bon cadeau Week-end romantique c\u00e2lin avec 2 nuit\u00e9es - Historische Wasserm\u00fchle Birgel<\/title>\n<meta name=\"robots\" content=\"index, follow, max-snippet:-1, max-image-preview:large, max-video-preview:-1\" \/>\n<link rel=\"canonical\" href=\"https:\/\/www.muehlebirgel.de\/fr\/shop\/calin-romance-week-end-avec-2-nuits\" \/>\n<meta property=\"og:locale\" content=\"fr_FR\" \/>\n<meta property=\"og:type\" content=\"article\" \/>\n<meta property=\"og:title\" content=\"Bon cadeau Week-end romantique c\u00e2lin avec 2 nuit\u00e9es - Historische Wasserm\u00fchle Birgel\" \/>\n<meta property=\"og:description\" content=\"Bon cadeau d\u00e9co pour un week-end en amoureux Ceci est inclus dans l&rsquo;offre : 2 x nuit\u00e9es pour 2 personnes 2 x liqueurs de bienvenue 2 petits d\u00e9jeuners buffet pour 2 personnes 2 x menu du soir 4 plats au choix pour 2 personnes 1 x visite du moulin pour 2 personnes 1 x place [&hellip;]\" \/>\n<meta property=\"og:url\" content=\"https:\/\/www.muehlebirgel.de\/fr\/shop\/calin-romance-week-end-avec-2-nuits\/\" \/>\n<meta property=\"og:site_name\" content=\"Historische Wasserm\u00fchle Birgel\" \/>\n<meta property=\"article:modified_time\" content=\"2026-04-20T07:46:28+00:00\" \/>\n<meta property=\"og:image\" content=\"https:\/\/www.muehlebirgel.de\/wp-content\/uploads\/2009\/04\/muehlenhotel2.jpg\" \/>\n\t<meta property=\"og:image:width\" content=\"300\" \/>\n\t<meta property=\"og:image:height\" content=\"200\" \/>\n\t<meta property=\"og:image:type\" content=\"image\/jpeg\" \/>\n<meta name=\"twitter:card\" content=\"summary_large_image\" \/>\n<meta name=\"twitter:label1\" content=\"Dur\u00e9e de lecture estim\u00e9e\" \/>\n\t<meta name=\"twitter:data1\" content=\"1 minute\" \/>\n<script type=\"application\/ld+json\" class=\"yoast-schema-graph\">{\"@context\":\"https:\/\/schema.org\",\"@graph\":[{\"@type\":\"WebPage\",\"@id\":\"https:\/\/www.muehlebirgel.de\/fr\/shop\/calin-romance-week-end-avec-2-nuits\",\"url\":\"https:\/\/www.muehlebirgel.de\/fr\/shop\/calin-romance-week-end-avec-2-nuits\",\"name\":\"Bon cadeau Week-end romantique c\u00e2lin avec 2 nuit\u00e9es - Historische Wasserm\u00fchle Birgel\",\"isPartOf\":{\"@id\":\"https:\/\/www.muehlebirgel.de\/fr\/#website\"},\"primaryImageOfPage\":{\"@id\":\"https:\/\/www.muehlebirgel.de\/fr\/shop\/calin-romance-week-end-avec-2-nuits#primaryimage\"},\"image\":{\"@id\":\"https:\/\/www.muehlebirgel.de\/fr\/shop\/calin-romance-week-end-avec-2-nuits#primaryimage\"},\"thumbnailUrl\":\"https:\/\/www.muehlebirgel.de\/wp-content\/uploads\/2009\/04\/muehlenhotel2.jpg\",\"datePublished\":\"2019-12-01T14:26:22+00:00\",\"dateModified\":\"2026-04-20T07:46:28+00:00\",\"breadcrumb\":{\"@id\":\"https:\/\/www.muehlebirgel.de\/fr\/shop\/calin-romance-week-end-avec-2-nuits#breadcrumb\"},\"inLanguage\":\"fr-FR\",\"potentialAction\":[{\"@type\":\"ReadAction\",\"target\":[\"https:\/\/www.muehlebirgel.de\/fr\/shop\/calin-romance-week-end-avec-2-nuits\"]}]},{\"@type\":\"ImageObject\",\"inLanguage\":\"fr-FR\",\"@id\":\"https:\/\/www.muehlebirgel.de\/fr\/shop\/calin-romance-week-end-avec-2-nuits#primaryimage\",\"url\":\"https:\/\/www.muehlebirgel.de\/wp-content\/uploads\/2009\/04\/muehlenhotel2.jpg\",\"contentUrl\":\"https:\/\/www.muehlebirgel.de\/wp-content\/uploads\/2009\/04\/muehlenhotel2.jpg\",\"width\":300,\"height\":200},{\"@type\":\"BreadcrumbList\",\"@id\":\"https:\/\/www.muehlebirgel.de\/fr\/shop\/calin-romance-week-end-avec-2-nuits#breadcrumb\",\"itemListElement\":[{\"@type\":\"ListItem\",\"position\":1,\"name\":\"Startseite\",\"item\":\"https:\/\/www.muehlebirgel.de\/fr\"},{\"@type\":\"ListItem\",\"position\":2,\"name\":\"Produits\",\"item\":\"https:\/\/www.muehlebirgel.de\/fr\/shop\"},{\"@type\":\"ListItem\",\"position\":3,\"name\":\"Bon cadeau Week-end romantique c\u00e2lin avec 2 nuit\u00e9es\"}]},{\"@type\":\"WebSite\",\"@id\":\"https:\/\/www.muehlebirgel.de\/fr\/#website\",\"url\":\"https:\/\/www.muehlebirgel.de\/fr\/\",\"name\":\"Historische Wasserm\u00fchle Birgel\",\"description\":\"Willkommen im M\u00fchlen-Erlebniszentrum\",\"potentialAction\":[{\"@type\":\"SearchAction\",\"target\":{\"@type\":\"EntryPoint\",\"urlTemplate\":\"https:\/\/www.muehlebirgel.de\/fr\/?s={search_term_string}\"},\"query-input\":{\"@type\":\"PropertyValueSpecification\",\"valueRequired\":true,\"valueName\":\"search_term_string\"}}],\"inLanguage\":\"fr-FR\"}]}<\/script>\n<!-- \/ Yoast SEO plugin. -->","yoast_head_json":{"title":"Bon cadeau Week-end romantique c\u00e2lin avec 2 nuit\u00e9es - Historische Wasserm\u00fchle Birgel","robots":{"index":"index","follow":"follow","max-snippet":"max-snippet:-1","max-image-preview":"max-image-preview:large","max-video-preview":"max-video-preview:-1"},"canonical":"https:\/\/www.muehlebirgel.de\/fr\/shop\/calin-romance-week-end-avec-2-nuits","og_locale":"fr_FR","og_type":"article","og_title":"Bon cadeau Week-end romantique c\u00e2lin avec 2 nuit\u00e9es - Historische Wasserm\u00fchle Birgel","og_description":"Bon cadeau d\u00e9co pour un week-end en amoureux Ceci est inclus dans l&rsquo;offre : 2 x nuit\u00e9es pour 2 personnes 2 x liqueurs de bienvenue 2 petits d\u00e9jeuners buffet pour 2 personnes 2 x menu du soir 4 plats au choix pour 2 personnes 1 x visite du moulin pour 2 personnes 1 x place [&hellip;]","og_url":"https:\/\/www.muehlebirgel.de\/fr\/shop\/calin-romance-week-end-avec-2-nuits\/","og_site_name":"Historische Wasserm\u00fchle Birgel","article_modified_time":"2026-04-20T07:46:28+00:00","og_image":[{"width":300,"height":200,"url":"https:\/\/www.muehlebirgel.de\/wp-content\/uploads\/2009\/04\/muehlenhotel2.jpg","type":"image\/jpeg"}],"twitter_card":"summary_large_image","twitter_misc":{"Dur\u00e9e de lecture estim\u00e9e":"1 minute"},"schema":{"@context":"https:\/\/schema.org","@graph":[{"@type":"WebPage","@id":"https:\/\/www.muehlebirgel.de\/fr\/shop\/calin-romance-week-end-avec-2-nuits","url":"https:\/\/www.muehlebirgel.de\/fr\/shop\/calin-romance-week-end-avec-2-nuits","name":"Bon cadeau Week-end romantique c\u00e2lin avec 2 nuit\u00e9es - Historische Wasserm\u00fchle Birgel","isPartOf":{"@id":"https:\/\/www.muehlebirgel.de\/fr\/#website"},"primaryImageOfPage":{"@id":"https:\/\/www.muehlebirgel.de\/fr\/shop\/calin-romance-week-end-avec-2-nuits#primaryimage"},"image":{"@id":"https:\/\/www.muehlebirgel.de\/fr\/shop\/calin-romance-week-end-avec-2-nuits#primaryimage"},"thumbnailUrl":"https:\/\/www.muehlebirgel.de\/wp-content\/uploads\/2009\/04\/muehlenhotel2.jpg","datePublished":"2019-12-01T14:26:22+00:00","dateModified":"2026-04-20T07:46:28+00:00","breadcrumb":{"@id":"https:\/\/www.muehlebirgel.de\/fr\/shop\/calin-romance-week-end-avec-2-nuits#breadcrumb"},"inLanguage":"fr-FR","potentialAction":[{"@type":"ReadAction","target":["https:\/\/www.muehlebirgel.de\/fr\/shop\/calin-romance-week-end-avec-2-nuits"]}]},{"@type":"ImageObject","inLanguage":"fr-FR","@id":"https:\/\/www.muehlebirgel.de\/fr\/shop\/calin-romance-week-end-avec-2-nuits#primaryimage","url":"https:\/\/www.muehlebirgel.de\/wp-content\/uploads\/2009\/04\/muehlenhotel2.jpg","contentUrl":"https:\/\/www.muehlebirgel.de\/wp-content\/uploads\/2009\/04\/muehlenhotel2.jpg","width":300,"height":200},{"@type":"BreadcrumbList","@id":"https:\/\/www.muehlebirgel.de\/fr\/shop\/calin-romance-week-end-avec-2-nuits#breadcrumb","itemListElement":[{"@type":"ListItem","position":1,"name":"Startseite","item":"https:\/\/www.muehlebirgel.de\/fr"},{"@type":"ListItem","position":2,"name":"Produits","item":"https:\/\/www.muehlebirgel.de\/fr\/shop"},{"@type":"ListItem","position":3,"name":"Bon cadeau Week-end romantique c\u00e2lin avec 2 nuit\u00e9es"}]},{"@type":"WebSite","@id":"https:\/\/www.muehlebirgel.de\/fr\/#website","url":"https:\/\/www.muehlebirgel.de\/fr\/","name":"Historische Wasserm\u00fchle Birgel","description":"Willkommen im M\u00fchlen-Erlebniszentrum","potentialAction":[{"@type":"SearchAction","target":{"@type":"EntryPoint","urlTemplate":"https:\/\/www.muehlebirgel.de\/fr\/?s={search_term_string}"},"query-input":{"@type":"PropertyValueSpecification","valueRequired":true,"valueName":"search_term_string"}}],"inLanguage":"fr-FR"}]}},"_links":{"self":[{"href":"https:\/\/www.muehlebirgel.de\/fr\/wp-json\/wp\/v2\/product\/10483","targetHints":{"allow":["GET"]}}],"collection":[{"href":"https:\/\/www.muehlebirgel.de\/fr\/wp-json\/wp\/v2\/product"}],"about":[{"href":"https:\/\/www.muehlebirgel.de\/fr\/wp-json\/wp\/v2\/types\/product"}],"wp:featuredmedia":[{"embeddable":true,"href":"https:\/\/www.muehlebirgel.de\/fr\/wp-json\/wp\/v2\/media\/7384"}],"wp:attachment":[{"href":"https:\/\/www.muehlebirgel.de\/fr\/wp-json\/wp\/v2\/media?parent=10483"}],"wp:term":[{"taxonomy":"product_brand","embeddable":true,"href":"https:\/\/www.muehlebirgel.de\/fr\/wp-json\/wp\/v2\/product_brand?post=10483"},{"taxonomy":"product_cat","embeddable":true,"href":"https:\/\/www.muehlebirgel.de\/fr\/wp-json\/wp\/v2\/product_cat?post=10483"},{"taxonomy":"product_tag","embeddable":true,"href":"https:\/\/www.muehlebirgel.de\/fr\/wp-json\/wp\/v2\/product_tag?post=10483"}],"curies":[{"name":"wp","href":"https:\/\/api.w.org\/{rel}","templated":true}]}}