{"id":10492,"date":"2019-12-19T16:16:29","date_gmt":"2021-12-10T15:16:39","guid":{"rendered":"https:\/\/www.muehlebirgel.de\/shop\/eau-de-vie-de-cerise-a-base-de-cerises-des-oiseaux-de-leifel\/"},"modified":"2022-09-06T14:32:57","modified_gmt":"2022-09-06T13:32:57","slug":"cerise-eau-de-vie-de-cerises-eifler-sauvages","status":"publish","type":"product","link":"https:\/\/www.muehlebirgel.de\/fr\/shop\/eau-de-vie-de-cerise-a-base-de-cerises-des-oiseaux-de-leifel","title":{"rendered":"Eau-de-vie de cerise \u00e0 base de cerises des oiseaux de l&rsquo;Eifel"},"content":{"rendered":"<h2>Eau-de-vie de cerise de l&rsquo;Eifel<\/h2>\n<p>Notre eau de vie de cerise \u00e0 base de griottes de l&rsquo;Eifel \u00e0 43 % vol., se caract\u00e9rise par son merveilleux parfum qui rappelle l\u00e9g\u00e8rement la p\u00e2te d&rsquo;amande et son go\u00fbt fin et opulent. Dans l&rsquo;Eifel, les cerises des oiseaux cueillies \u00e0 la main sont parmi les fruits sauvages les plus pr\u00e9cieux de la r\u00e9gion et pourtant, nous avons besoin de 100 kg de fruits pour un maximum de 2 litres d&rsquo;alcool. Une goutte s\u00e9lectionn\u00e9e avec une longue finale qui dorlote le palais et laisse une impression durable.<\/p>\n<h2>Comment appr\u00e9ciez-vous le cognac?<\/h2>\n<p>L&rsquo;eau-de-vie de fruits se boit g\u00e9n\u00e9ralement pure, la temp\u00e9rature de consommation id\u00e9ale est d&rsquo;environ 16 degr\u00e9s, mais c&rsquo;est aussi un d\u00e9licieux ajout aux cocktails et cocktails color\u00e9s. La fine goutte est utilis\u00e9e en cuisine pour la p\u00e2tisserie et inspire de nouvelles id\u00e9es de recettes. Ceux qui le pr\u00e9f\u00e8rent copieux peuvent d\u00e9guster le cognac avec la fondue au fromage.<\/p>\n","protected":false},"excerpt":{"rendered":"<p><strong>Teneur en alcool : 43 % vol<\/strong><\/p>\n<p>merveilleux parfum qui rappelle l\u00e9g\u00e8rement le massepain et le go\u00fbt fin<\/p>\n","protected":false},"featured_media":9601,"template":"","meta":[],"product_brand":[],"product_cat":[88],"product_tag":[],"class_list":{"0":"post-10492","1":"product","2":"type-product","3":"status-publish","4":"has-post-thumbnail","6":"product_cat-eaux-de-vie","7":"product_shipping_class-expedition-assuree","9":"first","10":"instock","11":"taxable","12":"shipping-taxable","13":"purchasable","14":"product-type-variable","15":"has-default-attributes"},"yoast_head":"<!-- This site is optimized with the Yoast SEO plugin v27.2 - https:\/\/yoast.com\/product\/yoast-seo-wordpress\/ -->\n<title>Eau-de-vie de cerise \u00e0 base de cerises des oiseaux de l&#039;Eifel - Historische Wasserm\u00fchle Birgel<\/title>\n<meta name=\"description\" content=\"Notre eau-de-vie de cerise \u00e0 base de cerises sauvages Eifler se caract\u00e9rise par son parfum merveilleux et son go\u00fbt fin et opulent.\" \/>\n<meta name=\"robots\" content=\"index, follow, max-snippet:-1, max-image-preview:large, max-video-preview:-1\" \/>\n<link rel=\"canonical\" href=\"https:\/\/www.muehlebirgel.de\/fr\/shop\/eau-de-vie-de-cerise-a-base-de-cerises-des-oiseaux-de-leifel\" \/>\n<meta property=\"og:locale\" content=\"fr_FR\" \/>\n<meta property=\"og:type\" content=\"article\" \/>\n<meta property=\"og:title\" content=\"Eau-de-vie de cerise \u00e0 base de cerises des oiseaux de l&#039;Eifel - Historische Wasserm\u00fchle Birgel\" \/>\n<meta property=\"og:description\" content=\"Notre eau-de-vie de cerise \u00e0 base de cerises sauvages Eifler se caract\u00e9rise par son parfum merveilleux et son go\u00fbt fin et opulent.\" \/>\n<meta property=\"og:url\" content=\"https:\/\/www.muehlebirgel.de\/fr\/shop\/eau-de-vie-de-cerise-a-base-de-cerises-des-oiseaux-de-leifel\/\" \/>\n<meta property=\"og:site_name\" content=\"Historische Wasserm\u00fchle Birgel\" \/>\n<meta property=\"article:modified_time\" content=\"2022-09-06T13:32:57+00:00\" \/>\n<meta property=\"og:image\" content=\"https:\/\/www.muehlebirgel.de\/wp-content\/uploads\/2019\/12\/Wildkirschenbrannt-05l.png\" \/>\n\t<meta property=\"og:image:width\" content=\"1400\" \/>\n\t<meta property=\"og:image:height\" content=\"2100\" \/>\n\t<meta property=\"og:image:type\" content=\"image\/png\" \/>\n<meta name=\"twitter:card\" content=\"summary_large_image\" \/>\n<meta name=\"twitter:label1\" content=\"Dur\u00e9e de lecture estim\u00e9e\" \/>\n\t<meta name=\"twitter:data1\" content=\"1 minute\" \/>\n<script type=\"application\/ld+json\" class=\"yoast-schema-graph\">{\"@context\":\"https:\/\/schema.org\",\"@graph\":[{\"@type\":\"WebPage\",\"@id\":\"https:\/\/www.muehlebirgel.de\/fr\/shop\/eau-de-vie-de-cerise-a-base-de-cerises-des-oiseaux-de-leifel\",\"url\":\"https:\/\/www.muehlebirgel.de\/fr\/shop\/eau-de-vie-de-cerise-a-base-de-cerises-des-oiseaux-de-leifel\",\"name\":\"Eau-de-vie de cerise \u00e0 base de cerises des oiseaux de l'Eifel - Historische Wasserm\u00fchle Birgel\",\"isPartOf\":{\"@id\":\"https:\/\/www.muehlebirgel.de\/fr\/#website\"},\"primaryImageOfPage\":{\"@id\":\"https:\/\/www.muehlebirgel.de\/fr\/shop\/eau-de-vie-de-cerise-a-base-de-cerises-des-oiseaux-de-leifel#primaryimage\"},\"image\":{\"@id\":\"https:\/\/www.muehlebirgel.de\/fr\/shop\/eau-de-vie-de-cerise-a-base-de-cerises-des-oiseaux-de-leifel#primaryimage\"},\"thumbnailUrl\":\"https:\/\/www.muehlebirgel.de\/wp-content\/uploads\/2019\/12\/Wildkirschenbrannt-05l.png\",\"datePublished\":\"2021-12-10T15:16:39+00:00\",\"dateModified\":\"2022-09-06T13:32:57+00:00\",\"description\":\"Notre eau-de-vie de cerise \u00e0 base de cerises sauvages Eifler se caract\u00e9rise par son parfum merveilleux et son go\u00fbt fin et opulent.\",\"breadcrumb\":{\"@id\":\"https:\/\/www.muehlebirgel.de\/fr\/shop\/eau-de-vie-de-cerise-a-base-de-cerises-des-oiseaux-de-leifel#breadcrumb\"},\"inLanguage\":\"fr-FR\",\"potentialAction\":[{\"@type\":\"ReadAction\",\"target\":[\"https:\/\/www.muehlebirgel.de\/fr\/shop\/eau-de-vie-de-cerise-a-base-de-cerises-des-oiseaux-de-leifel\"]}]},{\"@type\":\"ImageObject\",\"inLanguage\":\"fr-FR\",\"@id\":\"https:\/\/www.muehlebirgel.de\/fr\/shop\/eau-de-vie-de-cerise-a-base-de-cerises-des-oiseaux-de-leifel#primaryimage\",\"url\":\"https:\/\/www.muehlebirgel.de\/wp-content\/uploads\/2019\/12\/Wildkirschenbrannt-05l.png\",\"contentUrl\":\"https:\/\/www.muehlebirgel.de\/wp-content\/uploads\/2019\/12\/Wildkirschenbrannt-05l.png\",\"width\":1400,\"height\":2100},{\"@type\":\"BreadcrumbList\",\"@id\":\"https:\/\/www.muehlebirgel.de\/fr\/shop\/eau-de-vie-de-cerise-a-base-de-cerises-des-oiseaux-de-leifel#breadcrumb\",\"itemListElement\":[{\"@type\":\"ListItem\",\"position\":1,\"name\":\"Startseite\",\"item\":\"https:\/\/www.muehlebirgel.de\/fr\"},{\"@type\":\"ListItem\",\"position\":2,\"name\":\"Produits\",\"item\":\"https:\/\/www.muehlebirgel.de\/fr\/shop\"},{\"@type\":\"ListItem\",\"position\":3,\"name\":\"Eau-de-vie de cerise \u00e0 base de cerises des oiseaux de l&#8217;Eifel\"}]},{\"@type\":\"WebSite\",\"@id\":\"https:\/\/www.muehlebirgel.de\/fr\/#website\",\"url\":\"https:\/\/www.muehlebirgel.de\/fr\/\",\"name\":\"Historische Wasserm\u00fchle Birgel\",\"description\":\"Willkommen im M\u00fchlen-Erlebniszentrum\",\"potentialAction\":[{\"@type\":\"SearchAction\",\"target\":{\"@type\":\"EntryPoint\",\"urlTemplate\":\"https:\/\/www.muehlebirgel.de\/fr\/?s={search_term_string}\"},\"query-input\":{\"@type\":\"PropertyValueSpecification\",\"valueRequired\":true,\"valueName\":\"search_term_string\"}}],\"inLanguage\":\"fr-FR\"}]}<\/script>\n<!-- \/ Yoast SEO plugin. -->","yoast_head_json":{"title":"Eau-de-vie de cerise \u00e0 base de cerises des oiseaux de l'Eifel - Historische Wasserm\u00fchle Birgel","description":"Notre eau-de-vie de cerise \u00e0 base de cerises sauvages Eifler se caract\u00e9rise par son parfum merveilleux et son go\u00fbt fin et opulent.","robots":{"index":"index","follow":"follow","max-snippet":"max-snippet:-1","max-image-preview":"max-image-preview:large","max-video-preview":"max-video-preview:-1"},"canonical":"https:\/\/www.muehlebirgel.de\/fr\/shop\/eau-de-vie-de-cerise-a-base-de-cerises-des-oiseaux-de-leifel","og_locale":"fr_FR","og_type":"article","og_title":"Eau-de-vie de cerise \u00e0 base de cerises des oiseaux de l'Eifel - Historische Wasserm\u00fchle Birgel","og_description":"Notre eau-de-vie de cerise \u00e0 base de cerises sauvages Eifler se caract\u00e9rise par son parfum merveilleux et son go\u00fbt fin et opulent.","og_url":"https:\/\/www.muehlebirgel.de\/fr\/shop\/eau-de-vie-de-cerise-a-base-de-cerises-des-oiseaux-de-leifel\/","og_site_name":"Historische Wasserm\u00fchle Birgel","article_modified_time":"2022-09-06T13:32:57+00:00","og_image":[{"width":1400,"height":2100,"url":"https:\/\/www.muehlebirgel.de\/wp-content\/uploads\/2019\/12\/Wildkirschenbrannt-05l.png","type":"image\/png"}],"twitter_card":"summary_large_image","twitter_misc":{"Dur\u00e9e de lecture estim\u00e9e":"1 minute"},"schema":{"@context":"https:\/\/schema.org","@graph":[{"@type":"WebPage","@id":"https:\/\/www.muehlebirgel.de\/fr\/shop\/eau-de-vie-de-cerise-a-base-de-cerises-des-oiseaux-de-leifel","url":"https:\/\/www.muehlebirgel.de\/fr\/shop\/eau-de-vie-de-cerise-a-base-de-cerises-des-oiseaux-de-leifel","name":"Eau-de-vie de cerise \u00e0 base de cerises des oiseaux de l'Eifel - Historische Wasserm\u00fchle Birgel","isPartOf":{"@id":"https:\/\/www.muehlebirgel.de\/fr\/#website"},"primaryImageOfPage":{"@id":"https:\/\/www.muehlebirgel.de\/fr\/shop\/eau-de-vie-de-cerise-a-base-de-cerises-des-oiseaux-de-leifel#primaryimage"},"image":{"@id":"https:\/\/www.muehlebirgel.de\/fr\/shop\/eau-de-vie-de-cerise-a-base-de-cerises-des-oiseaux-de-leifel#primaryimage"},"thumbnailUrl":"https:\/\/www.muehlebirgel.de\/wp-content\/uploads\/2019\/12\/Wildkirschenbrannt-05l.png","datePublished":"2021-12-10T15:16:39+00:00","dateModified":"2022-09-06T13:32:57+00:00","description":"Notre eau-de-vie de cerise \u00e0 base de cerises sauvages Eifler se caract\u00e9rise par son parfum merveilleux et son go\u00fbt fin et opulent.","breadcrumb":{"@id":"https:\/\/www.muehlebirgel.de\/fr\/shop\/eau-de-vie-de-cerise-a-base-de-cerises-des-oiseaux-de-leifel#breadcrumb"},"inLanguage":"fr-FR","potentialAction":[{"@type":"ReadAction","target":["https:\/\/www.muehlebirgel.de\/fr\/shop\/eau-de-vie-de-cerise-a-base-de-cerises-des-oiseaux-de-leifel"]}]},{"@type":"ImageObject","inLanguage":"fr-FR","@id":"https:\/\/www.muehlebirgel.de\/fr\/shop\/eau-de-vie-de-cerise-a-base-de-cerises-des-oiseaux-de-leifel#primaryimage","url":"https:\/\/www.muehlebirgel.de\/wp-content\/uploads\/2019\/12\/Wildkirschenbrannt-05l.png","contentUrl":"https:\/\/www.muehlebirgel.de\/wp-content\/uploads\/2019\/12\/Wildkirschenbrannt-05l.png","width":1400,"height":2100},{"@type":"BreadcrumbList","@id":"https:\/\/www.muehlebirgel.de\/fr\/shop\/eau-de-vie-de-cerise-a-base-de-cerises-des-oiseaux-de-leifel#breadcrumb","itemListElement":[{"@type":"ListItem","position":1,"name":"Startseite","item":"https:\/\/www.muehlebirgel.de\/fr"},{"@type":"ListItem","position":2,"name":"Produits","item":"https:\/\/www.muehlebirgel.de\/fr\/shop"},{"@type":"ListItem","position":3,"name":"Eau-de-vie de cerise \u00e0 base de cerises des oiseaux de l&#8217;Eifel"}]},{"@type":"WebSite","@id":"https:\/\/www.muehlebirgel.de\/fr\/#website","url":"https:\/\/www.muehlebirgel.de\/fr\/","name":"Historische Wasserm\u00fchle Birgel","description":"Willkommen im M\u00fchlen-Erlebniszentrum","potentialAction":[{"@type":"SearchAction","target":{"@type":"EntryPoint","urlTemplate":"https:\/\/www.muehlebirgel.de\/fr\/?s={search_term_string}"},"query-input":{"@type":"PropertyValueSpecification","valueRequired":true,"valueName":"search_term_string"}}],"inLanguage":"fr-FR"}]}},"_links":{"self":[{"href":"https:\/\/www.muehlebirgel.de\/fr\/wp-json\/wp\/v2\/product\/10492","targetHints":{"allow":["GET"]}}],"collection":[{"href":"https:\/\/www.muehlebirgel.de\/fr\/wp-json\/wp\/v2\/product"}],"about":[{"href":"https:\/\/www.muehlebirgel.de\/fr\/wp-json\/wp\/v2\/types\/product"}],"wp:featuredmedia":[{"embeddable":true,"href":"https:\/\/www.muehlebirgel.de\/fr\/wp-json\/wp\/v2\/media\/9601"}],"wp:attachment":[{"href":"https:\/\/www.muehlebirgel.de\/fr\/wp-json\/wp\/v2\/media?parent=10492"}],"wp:term":[{"taxonomy":"product_brand","embeddable":true,"href":"https:\/\/www.muehlebirgel.de\/fr\/wp-json\/wp\/v2\/product_brand?post=10492"},{"taxonomy":"product_cat","embeddable":true,"href":"https:\/\/www.muehlebirgel.de\/fr\/wp-json\/wp\/v2\/product_cat?post=10492"},{"taxonomy":"product_tag","embeddable":true,"href":"https:\/\/www.muehlebirgel.de\/fr\/wp-json\/wp\/v2\/product_tag?post=10492"}],"curies":[{"name":"wp","href":"https:\/\/api.w.org\/{rel}","templated":true}]}}