{"id":10498,"date":"2019-12-19T16:16:29","date_gmt":"2021-12-10T15:16:44","guid":{"rendered":"https:\/\/www.muehlebirgel.de\/shop\/schlehengeist\/"},"modified":"2022-09-06T14:33:00","modified_gmt":"2022-09-06T13:33:00","slug":"schlehengeist","status":"publish","type":"product","link":"https:\/\/www.muehlebirgel.de\/fr\/shop\/schlehengeist","title":{"rendered":"Schlehengeist"},"content":{"rendered":"<h2>Schlehengeist de l&rsquo;Eifel<\/h2>\n<p>Le Schlehengeist avec une teneur en alcool de 43% vol est l&rsquo;une de nos meilleures sp\u00e9cialit\u00e9s de brandy. Contrairement \u00e0 notre brandy de prunelle, les prunelles ne sont pas \u00e9cras\u00e9es pour l&rsquo;alcool, mais ferment\u00e9es et tremp\u00e9es dans de l&rsquo;alcool neutre. Cela prive le fruit \u00e0 la fois de son go\u00fbt et de son ar\u00f4me typique. Cors\u00e9, agr\u00e9ablement doux et extr\u00eamement aromatique au go\u00fbt, la sp\u00e9cialit\u00e9 de l&rsquo;eau de vie est un d\u00e9lice pour tous les gourmets.<\/p>\n<h2>Comment appr\u00e9ciez-vous le cognac?<\/h2>\n<p>Pour un plaisir garanti, vous pouvez id\u00e9alement d\u00e9guster le brandy \u00e0 une temp\u00e9rature de consommation comprise entre 15 et 18 degr\u00e9s. En raison de sa finition agr\u00e9able et douce, l&rsquo;alcool ne laisse pas de sensation de br\u00fblure dans la gorge et se qualifie ainsi pour chaque occasion sp\u00e9ciale sans autre mot. Que ce soit en ap\u00e9ritif, en digestif, en accompagnement d&rsquo;un repas ou dans l&rsquo;un ou l&rsquo;autre cocktail, l&rsquo;alcool de prunelle est tendre et doux en bouche et laisse un ar\u00f4me d&rsquo;une intensit\u00e9 unique au nez.<\/p>\n<p>&nbsp;<\/p>\n","protected":false},"excerpt":{"rendered":"<p><strong>Teneur en alcool : 43 % vol<\/strong><\/p>\n<p>Cors\u00e9, aromatique et agr\u00e9ablement d\u00e9licat en finale<\/p>\n","protected":false},"featured_media":9562,"template":"","meta":[],"product_brand":[],"product_cat":[88],"product_tag":[],"class_list":{"0":"post-10498","1":"product","2":"type-product","3":"status-publish","4":"has-post-thumbnail","6":"product_cat-eaux-de-vie","7":"product_shipping_class-expedition-assuree","9":"first","10":"instock","11":"taxable","12":"shipping-taxable","13":"purchasable","14":"product-type-simple"},"yoast_head":"<!-- This site is optimized with the Yoast SEO plugin v27.2 - https:\/\/yoast.com\/product\/yoast-seo-wordpress\/ -->\n<title>Schlehengeist - Historische Wasserm\u00fchle Birgel<\/title>\n<meta name=\"description\" content=\"Cors\u00e9, agr\u00e9ablement doux et extr\u00eamement aromatique au go\u00fbt, la sp\u00e9cialit\u00e9 de brandy \u00e0 base de prunelle est un d\u00e9lice pour tous les gourmets.\" \/>\n<meta name=\"robots\" content=\"index, follow, max-snippet:-1, max-image-preview:large, max-video-preview:-1\" \/>\n<link rel=\"canonical\" href=\"https:\/\/www.muehlebirgel.de\/fr\/shop\/schlehengeist\" \/>\n<meta property=\"og:locale\" content=\"fr_FR\" \/>\n<meta property=\"og:type\" content=\"article\" \/>\n<meta property=\"og:title\" content=\"Schlehengeist - Historische Wasserm\u00fchle Birgel\" \/>\n<meta property=\"og:description\" content=\"Cors\u00e9, agr\u00e9ablement doux et extr\u00eamement aromatique au go\u00fbt, la sp\u00e9cialit\u00e9 de brandy \u00e0 base de prunelle est un d\u00e9lice pour tous les gourmets.\" \/>\n<meta property=\"og:url\" content=\"https:\/\/www.muehlebirgel.de\/fr\/shop\/schlehengeist\/\" \/>\n<meta property=\"og:site_name\" content=\"Historische Wasserm\u00fchle Birgel\" \/>\n<meta property=\"article:modified_time\" content=\"2022-09-06T13:33:00+00:00\" \/>\n<meta property=\"og:image\" content=\"https:\/\/www.muehlebirgel.de\/wp-content\/uploads\/2019\/12\/Eifeler-Schlehengeist-05l.png\" \/>\n\t<meta property=\"og:image:width\" content=\"1400\" \/>\n\t<meta property=\"og:image:height\" content=\"2100\" \/>\n\t<meta property=\"og:image:type\" content=\"image\/png\" \/>\n<meta name=\"twitter:card\" content=\"summary_large_image\" \/>\n<meta name=\"twitter:label1\" content=\"Dur\u00e9e de lecture estim\u00e9e\" \/>\n\t<meta name=\"twitter:data1\" content=\"1 minute\" \/>\n<script type=\"application\/ld+json\" class=\"yoast-schema-graph\">{\"@context\":\"https:\/\/schema.org\",\"@graph\":[{\"@type\":\"WebPage\",\"@id\":\"https:\/\/www.muehlebirgel.de\/fr\/shop\/schlehengeist\",\"url\":\"https:\/\/www.muehlebirgel.de\/fr\/shop\/schlehengeist\",\"name\":\"Schlehengeist - Historische Wasserm\u00fchle Birgel\",\"isPartOf\":{\"@id\":\"https:\/\/www.muehlebirgel.de\/fr\/#website\"},\"primaryImageOfPage\":{\"@id\":\"https:\/\/www.muehlebirgel.de\/fr\/shop\/schlehengeist#primaryimage\"},\"image\":{\"@id\":\"https:\/\/www.muehlebirgel.de\/fr\/shop\/schlehengeist#primaryimage\"},\"thumbnailUrl\":\"https:\/\/www.muehlebirgel.de\/wp-content\/uploads\/2019\/12\/Eifeler-Schlehengeist-05l.png\",\"datePublished\":\"2021-12-10T15:16:44+00:00\",\"dateModified\":\"2022-09-06T13:33:00+00:00\",\"description\":\"Cors\u00e9, agr\u00e9ablement doux et extr\u00eamement aromatique au go\u00fbt, la sp\u00e9cialit\u00e9 de brandy \u00e0 base de prunelle est un d\u00e9lice pour tous les gourmets.\",\"breadcrumb\":{\"@id\":\"https:\/\/www.muehlebirgel.de\/fr\/shop\/schlehengeist#breadcrumb\"},\"inLanguage\":\"fr-FR\",\"potentialAction\":[{\"@type\":\"ReadAction\",\"target\":[\"https:\/\/www.muehlebirgel.de\/fr\/shop\/schlehengeist\"]}]},{\"@type\":\"ImageObject\",\"inLanguage\":\"fr-FR\",\"@id\":\"https:\/\/www.muehlebirgel.de\/fr\/shop\/schlehengeist#primaryimage\",\"url\":\"https:\/\/www.muehlebirgel.de\/wp-content\/uploads\/2019\/12\/Eifeler-Schlehengeist-05l.png\",\"contentUrl\":\"https:\/\/www.muehlebirgel.de\/wp-content\/uploads\/2019\/12\/Eifeler-Schlehengeist-05l.png\",\"width\":1400,\"height\":2100},{\"@type\":\"BreadcrumbList\",\"@id\":\"https:\/\/www.muehlebirgel.de\/fr\/shop\/schlehengeist#breadcrumb\",\"itemListElement\":[{\"@type\":\"ListItem\",\"position\":1,\"name\":\"Startseite\",\"item\":\"https:\/\/www.muehlebirgel.de\/fr\"},{\"@type\":\"ListItem\",\"position\":2,\"name\":\"Produits\",\"item\":\"https:\/\/www.muehlebirgel.de\/fr\/shop\"},{\"@type\":\"ListItem\",\"position\":3,\"name\":\"Schlehengeist\"}]},{\"@type\":\"WebSite\",\"@id\":\"https:\/\/www.muehlebirgel.de\/fr\/#website\",\"url\":\"https:\/\/www.muehlebirgel.de\/fr\/\",\"name\":\"Historische Wasserm\u00fchle Birgel\",\"description\":\"Willkommen im M\u00fchlen-Erlebniszentrum\",\"potentialAction\":[{\"@type\":\"SearchAction\",\"target\":{\"@type\":\"EntryPoint\",\"urlTemplate\":\"https:\/\/www.muehlebirgel.de\/fr\/?s={search_term_string}\"},\"query-input\":{\"@type\":\"PropertyValueSpecification\",\"valueRequired\":true,\"valueName\":\"search_term_string\"}}],\"inLanguage\":\"fr-FR\"}]}<\/script>\n<!-- \/ Yoast SEO plugin. -->","yoast_head_json":{"title":"Schlehengeist - Historische Wasserm\u00fchle Birgel","description":"Cors\u00e9, agr\u00e9ablement doux et extr\u00eamement aromatique au go\u00fbt, la sp\u00e9cialit\u00e9 de brandy \u00e0 base de prunelle est un d\u00e9lice pour tous les gourmets.","robots":{"index":"index","follow":"follow","max-snippet":"max-snippet:-1","max-image-preview":"max-image-preview:large","max-video-preview":"max-video-preview:-1"},"canonical":"https:\/\/www.muehlebirgel.de\/fr\/shop\/schlehengeist","og_locale":"fr_FR","og_type":"article","og_title":"Schlehengeist - Historische Wasserm\u00fchle Birgel","og_description":"Cors\u00e9, agr\u00e9ablement doux et extr\u00eamement aromatique au go\u00fbt, la sp\u00e9cialit\u00e9 de brandy \u00e0 base de prunelle est un d\u00e9lice pour tous les gourmets.","og_url":"https:\/\/www.muehlebirgel.de\/fr\/shop\/schlehengeist\/","og_site_name":"Historische Wasserm\u00fchle Birgel","article_modified_time":"2022-09-06T13:33:00+00:00","og_image":[{"width":1400,"height":2100,"url":"https:\/\/www.muehlebirgel.de\/wp-content\/uploads\/2019\/12\/Eifeler-Schlehengeist-05l.png","type":"image\/png"}],"twitter_card":"summary_large_image","twitter_misc":{"Dur\u00e9e de lecture estim\u00e9e":"1 minute"},"schema":{"@context":"https:\/\/schema.org","@graph":[{"@type":"WebPage","@id":"https:\/\/www.muehlebirgel.de\/fr\/shop\/schlehengeist","url":"https:\/\/www.muehlebirgel.de\/fr\/shop\/schlehengeist","name":"Schlehengeist - Historische Wasserm\u00fchle Birgel","isPartOf":{"@id":"https:\/\/www.muehlebirgel.de\/fr\/#website"},"primaryImageOfPage":{"@id":"https:\/\/www.muehlebirgel.de\/fr\/shop\/schlehengeist#primaryimage"},"image":{"@id":"https:\/\/www.muehlebirgel.de\/fr\/shop\/schlehengeist#primaryimage"},"thumbnailUrl":"https:\/\/www.muehlebirgel.de\/wp-content\/uploads\/2019\/12\/Eifeler-Schlehengeist-05l.png","datePublished":"2021-12-10T15:16:44+00:00","dateModified":"2022-09-06T13:33:00+00:00","description":"Cors\u00e9, agr\u00e9ablement doux et extr\u00eamement aromatique au go\u00fbt, la sp\u00e9cialit\u00e9 de brandy \u00e0 base de prunelle est un d\u00e9lice pour tous les gourmets.","breadcrumb":{"@id":"https:\/\/www.muehlebirgel.de\/fr\/shop\/schlehengeist#breadcrumb"},"inLanguage":"fr-FR","potentialAction":[{"@type":"ReadAction","target":["https:\/\/www.muehlebirgel.de\/fr\/shop\/schlehengeist"]}]},{"@type":"ImageObject","inLanguage":"fr-FR","@id":"https:\/\/www.muehlebirgel.de\/fr\/shop\/schlehengeist#primaryimage","url":"https:\/\/www.muehlebirgel.de\/wp-content\/uploads\/2019\/12\/Eifeler-Schlehengeist-05l.png","contentUrl":"https:\/\/www.muehlebirgel.de\/wp-content\/uploads\/2019\/12\/Eifeler-Schlehengeist-05l.png","width":1400,"height":2100},{"@type":"BreadcrumbList","@id":"https:\/\/www.muehlebirgel.de\/fr\/shop\/schlehengeist#breadcrumb","itemListElement":[{"@type":"ListItem","position":1,"name":"Startseite","item":"https:\/\/www.muehlebirgel.de\/fr"},{"@type":"ListItem","position":2,"name":"Produits","item":"https:\/\/www.muehlebirgel.de\/fr\/shop"},{"@type":"ListItem","position":3,"name":"Schlehengeist"}]},{"@type":"WebSite","@id":"https:\/\/www.muehlebirgel.de\/fr\/#website","url":"https:\/\/www.muehlebirgel.de\/fr\/","name":"Historische Wasserm\u00fchle Birgel","description":"Willkommen im M\u00fchlen-Erlebniszentrum","potentialAction":[{"@type":"SearchAction","target":{"@type":"EntryPoint","urlTemplate":"https:\/\/www.muehlebirgel.de\/fr\/?s={search_term_string}"},"query-input":{"@type":"PropertyValueSpecification","valueRequired":true,"valueName":"search_term_string"}}],"inLanguage":"fr-FR"}]}},"_links":{"self":[{"href":"https:\/\/www.muehlebirgel.de\/fr\/wp-json\/wp\/v2\/product\/10498","targetHints":{"allow":["GET"]}}],"collection":[{"href":"https:\/\/www.muehlebirgel.de\/fr\/wp-json\/wp\/v2\/product"}],"about":[{"href":"https:\/\/www.muehlebirgel.de\/fr\/wp-json\/wp\/v2\/types\/product"}],"wp:featuredmedia":[{"embeddable":true,"href":"https:\/\/www.muehlebirgel.de\/fr\/wp-json\/wp\/v2\/media\/9562"}],"wp:attachment":[{"href":"https:\/\/www.muehlebirgel.de\/fr\/wp-json\/wp\/v2\/media?parent=10498"}],"wp:term":[{"taxonomy":"product_brand","embeddable":true,"href":"https:\/\/www.muehlebirgel.de\/fr\/wp-json\/wp\/v2\/product_brand?post=10498"},{"taxonomy":"product_cat","embeddable":true,"href":"https:\/\/www.muehlebirgel.de\/fr\/wp-json\/wp\/v2\/product_cat?post=10498"},{"taxonomy":"product_tag","embeddable":true,"href":"https:\/\/www.muehlebirgel.de\/fr\/wp-json\/wp\/v2\/product_tag?post=10498"}],"curies":[{"name":"wp","href":"https:\/\/api.w.org\/{rel}","templated":true}]}}