{"id":10509,"date":"2019-11-25T12:52:24","date_gmt":"2021-12-10T15:16:54","guid":{"rendered":"https:\/\/www.muehlebirgel.de\/shop\/week-end-romantique-calin-avec-1-nuit\/"},"modified":"2024-01-22T15:35:18","modified_gmt":"2024-01-22T14:35:18","slug":"week-end-romantique","status":"publish","type":"product","link":"https:\/\/www.muehlebirgel.de\/fr\/shop\/week-end-romantique-calin-avec-1-nuit","title":{"rendered":"Bon cadeau Week-end romantique c\u00e2lin avec 1 nuit"},"content":{"rendered":"<h2>Bon cadeau d\u00e9co pour un week-end en amoureux<\/h2>\n<p><strong>Ceci est inclus dans l&rsquo;offre:<\/strong><\/p>\n<ul>\n<li>1 x nuit\u00e9e pour deux personnes<\/li>\n<li>2 x liqueur de bienvenue<\/li>\n<li>1 x petit-d\u00e9jeuner buffet pour 2 personnes<\/li>\n<li>1 x menu du soir 4 services au choix pour 2 personnes<\/li>\n<li>1 x visite du moulin pour 2 personnes<\/li>\n<li>1 x place de parking gratuite<\/li>\n<\/ul>\n<p>Plus d&rsquo;informations sur notre <a href=\"https:\/\/www.muehlebirgel.de\/romantisches-hotel-in-der-eifel-historische-wassermuehle-birgel\/kuschel-romantik-wochenende-in-der-eifel\" target=\"_blank\" rel=\"noopener noreferrer\">week-end romantique<\/a><\/p>\n<p>Remarque : Lors de la finalisation de l&rsquo;achat, veuillez saisir le nom du destinataire du bon et, le cas \u00e9ch\u00e9ant, le nom du destinataire du bon dans le champ de commentaires. d&rsquo;autres commentaires. Nous publions g\u00e9n\u00e9ralement votre bon cadeau d\u00e9co le jour m\u00eame. La livraison est gratuite. Rachat sur rendez-vous.<\/p>\n<p>&nbsp;<\/p>\n","protected":false},"excerpt":{"rendered":"<p>Bon cadeau d\u00e9co pour un week-end en amoureux Ceci est inclus dans l&rsquo;offre: 1 x nuit\u00e9e pour deux personnes 2 x liqueur de bienvenue 1 x petit-d\u00e9jeuner buffet pour 2 personnes 1 x menu du soir 4 services au choix pour 2 personnes 1 x visite du moulin pour 2 personnes 1 x place de [&hellip;]<\/p>\n","protected":false},"featured_media":7642,"template":"","meta":[],"product_brand":[],"product_cat":[139],"product_tag":[],"class_list":{"0":"post-10509","1":"product","2":"type-product","3":"status-publish","4":"has-post-thumbnail","6":"product_cat-bons-de-reduction","7":"product_shipping_class-livraison-gratuite","9":"first","10":"instock","11":"taxable","12":"shipping-taxable","13":"purchasable","14":"product-type-variable"},"yoast_head":"<!-- This site is optimized with the Yoast SEO plugin v27.2 - https:\/\/yoast.com\/product\/yoast-seo-wordpress\/ -->\n<title>Bon cadeau Week-end romantique c\u00e2lin avec 1 nuit - Historische Wasserm\u00fchle Birgel<\/title>\n<meta name=\"robots\" content=\"index, follow, max-snippet:-1, max-image-preview:large, max-video-preview:-1\" \/>\n<link rel=\"canonical\" href=\"https:\/\/www.muehlebirgel.de\/fr\/shop\/week-end-romantique-calin-avec-1-nuit\" \/>\n<meta property=\"og:locale\" content=\"fr_FR\" \/>\n<meta property=\"og:type\" content=\"article\" \/>\n<meta property=\"og:title\" content=\"Bon cadeau Week-end romantique c\u00e2lin avec 1 nuit - Historische Wasserm\u00fchle Birgel\" \/>\n<meta property=\"og:description\" content=\"Bon cadeau d\u00e9co pour un week-end en amoureux Ceci est inclus dans l&rsquo;offre: 1 x nuit\u00e9e pour deux personnes 2 x liqueur de bienvenue 1 x petit-d\u00e9jeuner buffet pour 2 personnes 1 x menu du soir 4 services au choix pour 2 personnes 1 x visite du moulin pour 2 personnes 1 x place de [&hellip;]\" \/>\n<meta property=\"og:url\" content=\"https:\/\/www.muehlebirgel.de\/fr\/shop\/week-end-romantique-calin-avec-1-nuit\/\" \/>\n<meta property=\"og:site_name\" content=\"Historische Wasserm\u00fchle Birgel\" \/>\n<meta property=\"article:modified_time\" content=\"2024-01-22T14:35:18+00:00\" \/>\n<meta property=\"og:image\" content=\"https:\/\/www.muehlebirgel.de\/wp-content\/uploads\/2009\/11\/paarbett.jpg\" \/>\n\t<meta property=\"og:image:width\" content=\"300\" \/>\n\t<meta property=\"og:image:height\" content=\"294\" \/>\n\t<meta property=\"og:image:type\" content=\"image\/jpeg\" \/>\n<meta name=\"twitter:card\" content=\"summary_large_image\" \/>\n<meta name=\"twitter:label1\" content=\"Dur\u00e9e de lecture estim\u00e9e\" \/>\n\t<meta name=\"twitter:data1\" content=\"1 minute\" \/>\n<script type=\"application\/ld+json\" class=\"yoast-schema-graph\">{\"@context\":\"https:\/\/schema.org\",\"@graph\":[{\"@type\":\"WebPage\",\"@id\":\"https:\/\/www.muehlebirgel.de\/fr\/shop\/week-end-romantique-calin-avec-1-nuit\",\"url\":\"https:\/\/www.muehlebirgel.de\/fr\/shop\/week-end-romantique-calin-avec-1-nuit\",\"name\":\"Bon cadeau Week-end romantique c\u00e2lin avec 1 nuit - Historische Wasserm\u00fchle Birgel\",\"isPartOf\":{\"@id\":\"https:\/\/www.muehlebirgel.de\/fr\/#website\"},\"primaryImageOfPage\":{\"@id\":\"https:\/\/www.muehlebirgel.de\/fr\/shop\/week-end-romantique-calin-avec-1-nuit#primaryimage\"},\"image\":{\"@id\":\"https:\/\/www.muehlebirgel.de\/fr\/shop\/week-end-romantique-calin-avec-1-nuit#primaryimage\"},\"thumbnailUrl\":\"https:\/\/www.muehlebirgel.de\/wp-content\/uploads\/2009\/11\/paarbett.jpg\",\"datePublished\":\"2021-12-10T15:16:54+00:00\",\"dateModified\":\"2024-01-22T14:35:18+00:00\",\"breadcrumb\":{\"@id\":\"https:\/\/www.muehlebirgel.de\/fr\/shop\/week-end-romantique-calin-avec-1-nuit#breadcrumb\"},\"inLanguage\":\"fr-FR\",\"potentialAction\":[{\"@type\":\"ReadAction\",\"target\":[\"https:\/\/www.muehlebirgel.de\/fr\/shop\/week-end-romantique-calin-avec-1-nuit\"]}]},{\"@type\":\"ImageObject\",\"inLanguage\":\"fr-FR\",\"@id\":\"https:\/\/www.muehlebirgel.de\/fr\/shop\/week-end-romantique-calin-avec-1-nuit#primaryimage\",\"url\":\"https:\/\/www.muehlebirgel.de\/wp-content\/uploads\/2009\/11\/paarbett.jpg\",\"contentUrl\":\"https:\/\/www.muehlebirgel.de\/wp-content\/uploads\/2009\/11\/paarbett.jpg\",\"width\":300,\"height\":294},{\"@type\":\"BreadcrumbList\",\"@id\":\"https:\/\/www.muehlebirgel.de\/fr\/shop\/week-end-romantique-calin-avec-1-nuit#breadcrumb\",\"itemListElement\":[{\"@type\":\"ListItem\",\"position\":1,\"name\":\"Startseite\",\"item\":\"https:\/\/www.muehlebirgel.de\/fr\"},{\"@type\":\"ListItem\",\"position\":2,\"name\":\"Produits\",\"item\":\"https:\/\/www.muehlebirgel.de\/fr\/shop\"},{\"@type\":\"ListItem\",\"position\":3,\"name\":\"Bon cadeau Week-end romantique c\u00e2lin avec 1 nuit\"}]},{\"@type\":\"WebSite\",\"@id\":\"https:\/\/www.muehlebirgel.de\/fr\/#website\",\"url\":\"https:\/\/www.muehlebirgel.de\/fr\/\",\"name\":\"Historische Wasserm\u00fchle Birgel\",\"description\":\"Willkommen im M\u00fchlen-Erlebniszentrum\",\"potentialAction\":[{\"@type\":\"SearchAction\",\"target\":{\"@type\":\"EntryPoint\",\"urlTemplate\":\"https:\/\/www.muehlebirgel.de\/fr\/?s={search_term_string}\"},\"query-input\":{\"@type\":\"PropertyValueSpecification\",\"valueRequired\":true,\"valueName\":\"search_term_string\"}}],\"inLanguage\":\"fr-FR\"}]}<\/script>\n<!-- \/ Yoast SEO plugin. -->","yoast_head_json":{"title":"Bon cadeau Week-end romantique c\u00e2lin avec 1 nuit - Historische Wasserm\u00fchle Birgel","robots":{"index":"index","follow":"follow","max-snippet":"max-snippet:-1","max-image-preview":"max-image-preview:large","max-video-preview":"max-video-preview:-1"},"canonical":"https:\/\/www.muehlebirgel.de\/fr\/shop\/week-end-romantique-calin-avec-1-nuit","og_locale":"fr_FR","og_type":"article","og_title":"Bon cadeau Week-end romantique c\u00e2lin avec 1 nuit - Historische Wasserm\u00fchle Birgel","og_description":"Bon cadeau d\u00e9co pour un week-end en amoureux Ceci est inclus dans l&rsquo;offre: 1 x nuit\u00e9e pour deux personnes 2 x liqueur de bienvenue 1 x petit-d\u00e9jeuner buffet pour 2 personnes 1 x menu du soir 4 services au choix pour 2 personnes 1 x visite du moulin pour 2 personnes 1 x place de [&hellip;]","og_url":"https:\/\/www.muehlebirgel.de\/fr\/shop\/week-end-romantique-calin-avec-1-nuit\/","og_site_name":"Historische Wasserm\u00fchle Birgel","article_modified_time":"2024-01-22T14:35:18+00:00","og_image":[{"width":300,"height":294,"url":"https:\/\/www.muehlebirgel.de\/wp-content\/uploads\/2009\/11\/paarbett.jpg","type":"image\/jpeg"}],"twitter_card":"summary_large_image","twitter_misc":{"Dur\u00e9e de lecture estim\u00e9e":"1 minute"},"schema":{"@context":"https:\/\/schema.org","@graph":[{"@type":"WebPage","@id":"https:\/\/www.muehlebirgel.de\/fr\/shop\/week-end-romantique-calin-avec-1-nuit","url":"https:\/\/www.muehlebirgel.de\/fr\/shop\/week-end-romantique-calin-avec-1-nuit","name":"Bon cadeau Week-end romantique c\u00e2lin avec 1 nuit - Historische Wasserm\u00fchle Birgel","isPartOf":{"@id":"https:\/\/www.muehlebirgel.de\/fr\/#website"},"primaryImageOfPage":{"@id":"https:\/\/www.muehlebirgel.de\/fr\/shop\/week-end-romantique-calin-avec-1-nuit#primaryimage"},"image":{"@id":"https:\/\/www.muehlebirgel.de\/fr\/shop\/week-end-romantique-calin-avec-1-nuit#primaryimage"},"thumbnailUrl":"https:\/\/www.muehlebirgel.de\/wp-content\/uploads\/2009\/11\/paarbett.jpg","datePublished":"2021-12-10T15:16:54+00:00","dateModified":"2024-01-22T14:35:18+00:00","breadcrumb":{"@id":"https:\/\/www.muehlebirgel.de\/fr\/shop\/week-end-romantique-calin-avec-1-nuit#breadcrumb"},"inLanguage":"fr-FR","potentialAction":[{"@type":"ReadAction","target":["https:\/\/www.muehlebirgel.de\/fr\/shop\/week-end-romantique-calin-avec-1-nuit"]}]},{"@type":"ImageObject","inLanguage":"fr-FR","@id":"https:\/\/www.muehlebirgel.de\/fr\/shop\/week-end-romantique-calin-avec-1-nuit#primaryimage","url":"https:\/\/www.muehlebirgel.de\/wp-content\/uploads\/2009\/11\/paarbett.jpg","contentUrl":"https:\/\/www.muehlebirgel.de\/wp-content\/uploads\/2009\/11\/paarbett.jpg","width":300,"height":294},{"@type":"BreadcrumbList","@id":"https:\/\/www.muehlebirgel.de\/fr\/shop\/week-end-romantique-calin-avec-1-nuit#breadcrumb","itemListElement":[{"@type":"ListItem","position":1,"name":"Startseite","item":"https:\/\/www.muehlebirgel.de\/fr"},{"@type":"ListItem","position":2,"name":"Produits","item":"https:\/\/www.muehlebirgel.de\/fr\/shop"},{"@type":"ListItem","position":3,"name":"Bon cadeau Week-end romantique c\u00e2lin avec 1 nuit"}]},{"@type":"WebSite","@id":"https:\/\/www.muehlebirgel.de\/fr\/#website","url":"https:\/\/www.muehlebirgel.de\/fr\/","name":"Historische Wasserm\u00fchle Birgel","description":"Willkommen im M\u00fchlen-Erlebniszentrum","potentialAction":[{"@type":"SearchAction","target":{"@type":"EntryPoint","urlTemplate":"https:\/\/www.muehlebirgel.de\/fr\/?s={search_term_string}"},"query-input":{"@type":"PropertyValueSpecification","valueRequired":true,"valueName":"search_term_string"}}],"inLanguage":"fr-FR"}]}},"_links":{"self":[{"href":"https:\/\/www.muehlebirgel.de\/fr\/wp-json\/wp\/v2\/product\/10509","targetHints":{"allow":["GET"]}}],"collection":[{"href":"https:\/\/www.muehlebirgel.de\/fr\/wp-json\/wp\/v2\/product"}],"about":[{"href":"https:\/\/www.muehlebirgel.de\/fr\/wp-json\/wp\/v2\/types\/product"}],"wp:featuredmedia":[{"embeddable":true,"href":"https:\/\/www.muehlebirgel.de\/fr\/wp-json\/wp\/v2\/media\/7642"}],"wp:attachment":[{"href":"https:\/\/www.muehlebirgel.de\/fr\/wp-json\/wp\/v2\/media?parent=10509"}],"wp:term":[{"taxonomy":"product_brand","embeddable":true,"href":"https:\/\/www.muehlebirgel.de\/fr\/wp-json\/wp\/v2\/product_brand?post=10509"},{"taxonomy":"product_cat","embeddable":true,"href":"https:\/\/www.muehlebirgel.de\/fr\/wp-json\/wp\/v2\/product_cat?post=10509"},{"taxonomy":"product_tag","embeddable":true,"href":"https:\/\/www.muehlebirgel.de\/fr\/wp-json\/wp\/v2\/product_tag?post=10509"}],"curies":[{"name":"wp","href":"https:\/\/api.w.org\/{rel}","templated":true}]}}