{"id":36138,"date":"2022-12-05T09:05:48","date_gmt":"2022-12-05T08:05:48","guid":{"rendered":"https:\/\/www.muehlebirgel.de\/shop\/brassage-de-biere-avec-erwin"},"modified":"2026-04-20T10:22:33","modified_gmt":"2026-04-20T08:22:33","slug":"brassage-de-biere-avec-erwin","status":"publish","type":"product","link":"https:\/\/www.muehlebirgel.de\/fr\/shop\/brassage-de-biere-avec-erwin","title":{"rendered":"Bon pour le brassage de la bi\u00e8re avec Erwin incl. Nuit sur place"},"content":{"rendered":"<h2>Bon cadeau d\u00e9coratif sur le brassage de la bi\u00e8re avec Erwin von der M\u00fchle<\/h2>\n<p><strong>\u00ab\u00a0L&rsquo;eau n&rsquo;a pas de go\u00fbt tant qu&rsquo;elle n&rsquo;est pas pass\u00e9e par la brasserie !\u00a0\u00bb<\/strong><\/p>\n<p>(Citation humoristique du chef meunier Erwin)<\/p>\n<p>Bienvenue au cours de brassage de la bi\u00e8re au moulin \u00e0 eau historique de Birgel dans l&rsquo;Eifel ! Ici, vous avez la possibilit\u00e9 unique d&rsquo;apprendre \u00e0 brasser de la bi\u00e8re de A \u00e0 Z et de regarder par-dessus l&rsquo;\u00e9paule du chef meunier Erwin pendant toute une journ\u00e9e et de mettre la main \u00e0 la p\u00e2te.<\/p>\n<p>Tout est compris dans cette offre et ce sera certainement un s\u00e9jour inoubliable. Vous dormirez dans une chambre double confortable et serez accueillis \u00e0 votre arriv\u00e9e avec une bi\u00e8re de bienvenue. Pendant le cours, vous recevrez un d\u00e9jeuner et un d\u00eener copieux de la gastronomie du moulin et un d\u00e9licieux petit d\u00e9jeuner \u00e0 base de bi\u00e8re le lendemain matin.<\/p>\n<p><strong>Ceci est inclus dans l&rsquo;offre :<\/strong><\/p>\n<ul>\n<li>1 x nuit en chambre double<\/li>\n<li>1 x Brassage de la bi\u00e8re de A \u00e0 Z<\/li>\n<li>1 x visite du moulin<\/li>\n<li>1 d\u00e9jeuner<\/li>\n<li>1 x d\u00eener<\/li>\n<li>1 x bi\u00e8re de bienvenue<\/li>\n<li>3 x bi\u00e8re du moulin ou boissons non alcoolis\u00e9es<\/li>\n<li>1 verre \u00e0 bi\u00e8re et un tablier<\/li>\n<li>1 x petit d\u00e9jeuner de brassage<\/li>\n<li>1 certificat d&rsquo;aide au brassage<\/li>\n<\/ul>\n<p>Nombre maximum de personnes : 10<br \/>\nTaille maximum du groupe : 4<br \/>\nPour les groupes de 6 personnes ou plus, possibilit\u00e9 de r\u00e9server une date s\u00e9par\u00e9e.<\/p>\n<p>Plus d&rsquo;informations sur le <a href=\"https:\/\/www.muehlebirgel.de\/bierbrauen-mit-erwin\">brassage de la bi\u00e8re avec Erwin<\/a><\/p>\n<p>Remarque : Lors de la finalisation de l&rsquo;achat, veuillez saisir le nom du destinataire du bon et, le cas \u00e9ch\u00e9ant, le nom du destinataire du bon dans le champ de commentaires. d&rsquo;autres commentaires. Nous envoyons g\u00e9n\u00e9ralement votre ch\u00e8que-cadeau d\u00e9coratif par la poste le jour m\u00eame. L&rsquo;envoi est gratuit. Encaissement sur rendez-vous.  <\/p>\n","protected":false},"excerpt":{"rendered":"<p>Bon cadeau d\u00e9coratif sur le brassage de la bi\u00e8re avec Erwin von der M\u00fchle \u00ab\u00a0L&rsquo;eau n&rsquo;a pas de go\u00fbt tant qu&rsquo;elle n&rsquo;est pas pass\u00e9e par la brasserie !\u00a0\u00bb (Citation humoristique du chef meunier Erwin) Bienvenue au cours de brassage de la bi\u00e8re au moulin \u00e0 eau historique de Birgel dans l&rsquo;Eifel ! Ici, vous avez [&hellip;]<\/p>\n","protected":false},"featured_media":14860,"template":"","meta":[],"product_brand":[],"product_cat":[139],"product_tag":[],"class_list":{"0":"post-36138","1":"product","2":"type-product","3":"status-publish","4":"has-post-thumbnail","6":"product_cat-bons-de-reduction","7":"product_shipping_class-livraison-gratuite","9":"first","10":"instock","11":"taxable","12":"shipping-taxable","13":"purchasable","14":"product-type-variable","15":"has-default-attributes"},"yoast_head":"<!-- This site is optimized with the Yoast SEO plugin v27.2 - https:\/\/yoast.com\/product\/yoast-seo-wordpress\/ -->\n<title>Bon pour le brassage de la bi\u00e8re avec Erwin incl. Nuit sur place - Historische Wasserm\u00fchle Birgel<\/title>\n<meta name=\"robots\" content=\"index, follow, max-snippet:-1, max-image-preview:large, max-video-preview:-1\" \/>\n<link rel=\"canonical\" href=\"https:\/\/www.muehlebirgel.de\/fr\/shop\/brassage-de-biere-avec-erwin\" \/>\n<meta property=\"og:locale\" content=\"fr_FR\" \/>\n<meta property=\"og:type\" content=\"article\" \/>\n<meta property=\"og:title\" content=\"Bon pour le brassage de la bi\u00e8re avec Erwin incl. Nuit sur place - Historische Wasserm\u00fchle Birgel\" \/>\n<meta property=\"og:description\" content=\"Bon cadeau d\u00e9coratif sur le brassage de la bi\u00e8re avec Erwin von der M\u00fchle \u00ab\u00a0L&rsquo;eau n&rsquo;a pas de go\u00fbt tant qu&rsquo;elle n&rsquo;est pas pass\u00e9e par la brasserie !\u00a0\u00bb (Citation humoristique du chef meunier Erwin) Bienvenue au cours de brassage de la bi\u00e8re au moulin \u00e0 eau historique de Birgel dans l&rsquo;Eifel ! Ici, vous avez [&hellip;]\" \/>\n<meta property=\"og:url\" content=\"https:\/\/www.muehlebirgel.de\/fr\/shop\/brassage-de-biere-avec-erwin\/\" \/>\n<meta property=\"og:site_name\" content=\"Historische Wasserm\u00fchle Birgel\" \/>\n<meta property=\"article:modified_time\" content=\"2026-04-20T08:22:33+00:00\" \/>\n<meta property=\"og:image\" content=\"https:\/\/www.muehlebirgel.de\/wp-content\/uploads\/2022\/12\/erwin-dampf-bierbrauen-e1717756510228.jpg\" \/>\n\t<meta property=\"og:image:width\" content=\"300\" \/>\n\t<meta property=\"og:image:height\" content=\"300\" \/>\n\t<meta property=\"og:image:type\" content=\"image\/jpeg\" \/>\n<meta name=\"twitter:card\" content=\"summary_large_image\" \/>\n<meta name=\"twitter:label1\" content=\"Dur\u00e9e de lecture estim\u00e9e\" \/>\n\t<meta name=\"twitter:data1\" content=\"2 minutes\" \/>\n<script type=\"application\/ld+json\" class=\"yoast-schema-graph\">{\"@context\":\"https:\/\/schema.org\",\"@graph\":[{\"@type\":\"WebPage\",\"@id\":\"https:\/\/www.muehlebirgel.de\/fr\/shop\/brassage-de-biere-avec-erwin\",\"url\":\"https:\/\/www.muehlebirgel.de\/fr\/shop\/brassage-de-biere-avec-erwin\",\"name\":\"Bon pour le brassage de la bi\u00e8re avec Erwin incl. Nuit sur place - Historische Wasserm\u00fchle Birgel\",\"isPartOf\":{\"@id\":\"https:\/\/www.muehlebirgel.de\/fr\/#website\"},\"primaryImageOfPage\":{\"@id\":\"https:\/\/www.muehlebirgel.de\/fr\/shop\/brassage-de-biere-avec-erwin#primaryimage\"},\"image\":{\"@id\":\"https:\/\/www.muehlebirgel.de\/fr\/shop\/brassage-de-biere-avec-erwin#primaryimage\"},\"thumbnailUrl\":\"https:\/\/www.muehlebirgel.de\/wp-content\/uploads\/2022\/12\/erwin-dampf-bierbrauen-e1717756510228.jpg\",\"datePublished\":\"2022-12-05T08:05:48+00:00\",\"dateModified\":\"2026-04-20T08:22:33+00:00\",\"breadcrumb\":{\"@id\":\"https:\/\/www.muehlebirgel.de\/fr\/shop\/brassage-de-biere-avec-erwin#breadcrumb\"},\"inLanguage\":\"fr-FR\",\"potentialAction\":[{\"@type\":\"ReadAction\",\"target\":[\"https:\/\/www.muehlebirgel.de\/fr\/shop\/brassage-de-biere-avec-erwin\"]}]},{\"@type\":\"ImageObject\",\"inLanguage\":\"fr-FR\",\"@id\":\"https:\/\/www.muehlebirgel.de\/fr\/shop\/brassage-de-biere-avec-erwin#primaryimage\",\"url\":\"https:\/\/www.muehlebirgel.de\/wp-content\/uploads\/2022\/12\/erwin-dampf-bierbrauen-e1717756510228.jpg\",\"contentUrl\":\"https:\/\/www.muehlebirgel.de\/wp-content\/uploads\/2022\/12\/erwin-dampf-bierbrauen-e1717756510228.jpg\",\"width\":300,\"height\":300},{\"@type\":\"BreadcrumbList\",\"@id\":\"https:\/\/www.muehlebirgel.de\/fr\/shop\/brassage-de-biere-avec-erwin#breadcrumb\",\"itemListElement\":[{\"@type\":\"ListItem\",\"position\":1,\"name\":\"Startseite\",\"item\":\"https:\/\/www.muehlebirgel.de\/fr\"},{\"@type\":\"ListItem\",\"position\":2,\"name\":\"Produits\",\"item\":\"https:\/\/www.muehlebirgel.de\/fr\/shop\"},{\"@type\":\"ListItem\",\"position\":3,\"name\":\"Bon pour le brassage de la bi\u00e8re avec Erwin incl. Nuit sur place\"}]},{\"@type\":\"WebSite\",\"@id\":\"https:\/\/www.muehlebirgel.de\/fr\/#website\",\"url\":\"https:\/\/www.muehlebirgel.de\/fr\/\",\"name\":\"Historische Wasserm\u00fchle Birgel\",\"description\":\"Willkommen im M\u00fchlen-Erlebniszentrum\",\"potentialAction\":[{\"@type\":\"SearchAction\",\"target\":{\"@type\":\"EntryPoint\",\"urlTemplate\":\"https:\/\/www.muehlebirgel.de\/fr\/?s={search_term_string}\"},\"query-input\":{\"@type\":\"PropertyValueSpecification\",\"valueRequired\":true,\"valueName\":\"search_term_string\"}}],\"inLanguage\":\"fr-FR\"}]}<\/script>\n<!-- \/ Yoast SEO plugin. -->","yoast_head_json":{"title":"Bon pour le brassage de la bi\u00e8re avec Erwin incl. Nuit sur place - Historische Wasserm\u00fchle Birgel","robots":{"index":"index","follow":"follow","max-snippet":"max-snippet:-1","max-image-preview":"max-image-preview:large","max-video-preview":"max-video-preview:-1"},"canonical":"https:\/\/www.muehlebirgel.de\/fr\/shop\/brassage-de-biere-avec-erwin","og_locale":"fr_FR","og_type":"article","og_title":"Bon pour le brassage de la bi\u00e8re avec Erwin incl. Nuit sur place - Historische Wasserm\u00fchle Birgel","og_description":"Bon cadeau d\u00e9coratif sur le brassage de la bi\u00e8re avec Erwin von der M\u00fchle \u00ab\u00a0L&rsquo;eau n&rsquo;a pas de go\u00fbt tant qu&rsquo;elle n&rsquo;est pas pass\u00e9e par la brasserie !\u00a0\u00bb (Citation humoristique du chef meunier Erwin) Bienvenue au cours de brassage de la bi\u00e8re au moulin \u00e0 eau historique de Birgel dans l&rsquo;Eifel ! Ici, vous avez [&hellip;]","og_url":"https:\/\/www.muehlebirgel.de\/fr\/shop\/brassage-de-biere-avec-erwin\/","og_site_name":"Historische Wasserm\u00fchle Birgel","article_modified_time":"2026-04-20T08:22:33+00:00","og_image":[{"width":300,"height":300,"url":"https:\/\/www.muehlebirgel.de\/wp-content\/uploads\/2022\/12\/erwin-dampf-bierbrauen-e1717756510228.jpg","type":"image\/jpeg"}],"twitter_card":"summary_large_image","twitter_misc":{"Dur\u00e9e de lecture estim\u00e9e":"2 minutes"},"schema":{"@context":"https:\/\/schema.org","@graph":[{"@type":"WebPage","@id":"https:\/\/www.muehlebirgel.de\/fr\/shop\/brassage-de-biere-avec-erwin","url":"https:\/\/www.muehlebirgel.de\/fr\/shop\/brassage-de-biere-avec-erwin","name":"Bon pour le brassage de la bi\u00e8re avec Erwin incl. Nuit sur place - Historische Wasserm\u00fchle Birgel","isPartOf":{"@id":"https:\/\/www.muehlebirgel.de\/fr\/#website"},"primaryImageOfPage":{"@id":"https:\/\/www.muehlebirgel.de\/fr\/shop\/brassage-de-biere-avec-erwin#primaryimage"},"image":{"@id":"https:\/\/www.muehlebirgel.de\/fr\/shop\/brassage-de-biere-avec-erwin#primaryimage"},"thumbnailUrl":"https:\/\/www.muehlebirgel.de\/wp-content\/uploads\/2022\/12\/erwin-dampf-bierbrauen-e1717756510228.jpg","datePublished":"2022-12-05T08:05:48+00:00","dateModified":"2026-04-20T08:22:33+00:00","breadcrumb":{"@id":"https:\/\/www.muehlebirgel.de\/fr\/shop\/brassage-de-biere-avec-erwin#breadcrumb"},"inLanguage":"fr-FR","potentialAction":[{"@type":"ReadAction","target":["https:\/\/www.muehlebirgel.de\/fr\/shop\/brassage-de-biere-avec-erwin"]}]},{"@type":"ImageObject","inLanguage":"fr-FR","@id":"https:\/\/www.muehlebirgel.de\/fr\/shop\/brassage-de-biere-avec-erwin#primaryimage","url":"https:\/\/www.muehlebirgel.de\/wp-content\/uploads\/2022\/12\/erwin-dampf-bierbrauen-e1717756510228.jpg","contentUrl":"https:\/\/www.muehlebirgel.de\/wp-content\/uploads\/2022\/12\/erwin-dampf-bierbrauen-e1717756510228.jpg","width":300,"height":300},{"@type":"BreadcrumbList","@id":"https:\/\/www.muehlebirgel.de\/fr\/shop\/brassage-de-biere-avec-erwin#breadcrumb","itemListElement":[{"@type":"ListItem","position":1,"name":"Startseite","item":"https:\/\/www.muehlebirgel.de\/fr"},{"@type":"ListItem","position":2,"name":"Produits","item":"https:\/\/www.muehlebirgel.de\/fr\/shop"},{"@type":"ListItem","position":3,"name":"Bon pour le brassage de la bi\u00e8re avec Erwin incl. Nuit sur place"}]},{"@type":"WebSite","@id":"https:\/\/www.muehlebirgel.de\/fr\/#website","url":"https:\/\/www.muehlebirgel.de\/fr\/","name":"Historische Wasserm\u00fchle Birgel","description":"Willkommen im M\u00fchlen-Erlebniszentrum","potentialAction":[{"@type":"SearchAction","target":{"@type":"EntryPoint","urlTemplate":"https:\/\/www.muehlebirgel.de\/fr\/?s={search_term_string}"},"query-input":{"@type":"PropertyValueSpecification","valueRequired":true,"valueName":"search_term_string"}}],"inLanguage":"fr-FR"}]}},"_links":{"self":[{"href":"https:\/\/www.muehlebirgel.de\/fr\/wp-json\/wp\/v2\/product\/36138","targetHints":{"allow":["GET"]}}],"collection":[{"href":"https:\/\/www.muehlebirgel.de\/fr\/wp-json\/wp\/v2\/product"}],"about":[{"href":"https:\/\/www.muehlebirgel.de\/fr\/wp-json\/wp\/v2\/types\/product"}],"wp:featuredmedia":[{"embeddable":true,"href":"https:\/\/www.muehlebirgel.de\/fr\/wp-json\/wp\/v2\/media\/14860"}],"wp:attachment":[{"href":"https:\/\/www.muehlebirgel.de\/fr\/wp-json\/wp\/v2\/media?parent=36138"}],"wp:term":[{"taxonomy":"product_brand","embeddable":true,"href":"https:\/\/www.muehlebirgel.de\/fr\/wp-json\/wp\/v2\/product_brand?post=36138"},{"taxonomy":"product_cat","embeddable":true,"href":"https:\/\/www.muehlebirgel.de\/fr\/wp-json\/wp\/v2\/product_cat?post=36138"},{"taxonomy":"product_tag","embeddable":true,"href":"https:\/\/www.muehlebirgel.de\/fr\/wp-json\/wp\/v2\/product_tag?post=36138"}],"curies":[{"name":"wp","href":"https:\/\/api.w.org\/{rel}","templated":true}]}}