{"id":10110,"date":"2021-12-10T15:07:27","date_gmt":"2021-12-10T15:07:27","guid":{"rendered":"https:\/\/www.muehlebirgel.de\/betalingsmethoden\/"},"modified":"2021-12-10T15:07:27","modified_gmt":"2021-12-10T15:07:27","slug":"betalingsmethoden","status":"publish","type":"page","link":"https:\/\/www.muehlebirgel.de\/nl\/betalingsmethoden","title":{"rendered":"Betalingsmethoden"},"content":{"rendered":"<div class=\"woocommerce woocommerce-gzd\">\n\t<ul class=\"payment_methods methods\">\n\t\t\t\t\t<li class=\"payment_method_ppcp-gateway\">\n\t\t\t\t<label>PayPal (auch Kreditkarte m\u00f6glich)<img decoding=\"async\" src=\"https:\/\/www.muehlebirgel.de\/wp-content\/plugins\/woocommerce-paypal-payments\/modules\/ppcp-wc-gateway\/assets\/images\/paypal.svg\" alt=\"PayPal (auch Kreditkarte m\u00f6glich)\" \/><\/label>\n\t\t\t\t\t\t\t\t\t<div class=\"payment_box payment_method_ppcp-gateway\">\n\t\t\t\t\t\t<p>\u00dcber Paypal bezahlen (auch Kreditkarte m\u00f6glich)<\/p>\n\t\t\t\t\t<\/div>\n\t\t\t\t\t\t\t<\/li>\n\t\t\t\t\t<li class=\"payment_method_bacs\">\n\t\t\t\t<label>\u00dcberweisung (Vorkasse)<\/label>\n\t\t\t\t\t\t\t\t\t<div class=\"payment_box payment_method_bacs\">\n\t\t\t\t\t\t<p>Direct overmaken naar onze bankrekening. Gebruik het ordernummer als doel. Uw bestelling wordt pas verzonden nadat het geld op onze rekening is ontvangen.<\/p>\n\t\t\t\t\t<\/div>\n\t\t\t\t\t\t\t<\/li>\n\t\t\t<\/ul>\n<\/div>\n","protected":false},"excerpt":{"rendered":"PayPal (auch Kreditkarte m\u00f6glich) \u00dcber Paypal bezahlen (auch Kreditkarte m\u00f6glich) \u00dcberweisung (Vorkasse) Direct overmaken naar onze bankrekening. Gebruik het ordernummer als doel. Uw bestelling wordt pas verzonden nadat het geld op onze rekening is ontvangen.","protected":false},"author":1,"featured_media":0,"parent":0,"menu_order":0,"comment_status":"closed","ping_status":"closed","template":"","meta":{"footnotes":""},"class_list":["post-10110","page","type-page","status-publish","hentry"],"yoast_head":"<!-- This site is optimized with the Yoast SEO plugin v27.2 - https:\/\/yoast.com\/product\/yoast-seo-wordpress\/ -->\n<title>Betalingsmethoden - Historische Wasserm\u00fchle Birgel<\/title>\n<meta name=\"robots\" content=\"index, follow, max-snippet:-1, max-image-preview:large, max-video-preview:-1\" \/>\n<link rel=\"canonical\" href=\"https:\/\/www.muehlebirgel.de\/nl\/betalingsmethoden\" \/>\n<meta property=\"og:locale\" content=\"nl_NL\" \/>\n<meta property=\"og:type\" content=\"article\" \/>\n<meta property=\"og:title\" content=\"Betalingsmethoden - Historische Wasserm\u00fchle Birgel\" \/>\n<meta property=\"og:url\" content=\"https:\/\/www.muehlebirgel.de\/nl\/betalingsmethoden\/\" \/>\n<meta property=\"og:site_name\" content=\"Historische Wasserm\u00fchle Birgel\" \/>\n<meta name=\"twitter:card\" content=\"summary_large_image\" \/>\n<script type=\"application\/ld+json\" class=\"yoast-schema-graph\">{\"@context\":\"https:\/\/schema.org\",\"@graph\":[{\"@type\":\"WebPage\",\"@id\":\"https:\/\/www.muehlebirgel.de\/nl\/betalingsmethoden\",\"url\":\"https:\/\/www.muehlebirgel.de\/nl\/betalingsmethoden\",\"name\":\"Betalingsmethoden - Historische Wasserm\u00fchle Birgel\",\"isPartOf\":{\"@id\":\"https:\/\/www.muehlebirgel.de\/nl\/#website\"},\"datePublished\":\"2021-12-10T15:07:27+00:00\",\"breadcrumb\":{\"@id\":\"https:\/\/www.muehlebirgel.de\/nl\/betalingsmethoden#breadcrumb\"},\"inLanguage\":\"nl-NL\",\"potentialAction\":[{\"@type\":\"ReadAction\",\"target\":[\"https:\/\/www.muehlebirgel.de\/nl\/betalingsmethoden\"]}]},{\"@type\":\"BreadcrumbList\",\"@id\":\"https:\/\/www.muehlebirgel.de\/nl\/betalingsmethoden#breadcrumb\",\"itemListElement\":[{\"@type\":\"ListItem\",\"position\":1,\"name\":\"Startseite\",\"item\":\"https:\/\/www.muehlebirgel.de\/nl\"},{\"@type\":\"ListItem\",\"position\":2,\"name\":\"Betalingsmethoden\"}]},{\"@type\":\"WebSite\",\"@id\":\"https:\/\/www.muehlebirgel.de\/nl\/#website\",\"url\":\"https:\/\/www.muehlebirgel.de\/nl\/\",\"name\":\"Historische Wasserm\u00fchle Birgel\",\"description\":\"Willkommen im M\u00fchlen-Erlebniszentrum\",\"potentialAction\":[{\"@type\":\"SearchAction\",\"target\":{\"@type\":\"EntryPoint\",\"urlTemplate\":\"https:\/\/www.muehlebirgel.de\/nl\/?s={search_term_string}\"},\"query-input\":{\"@type\":\"PropertyValueSpecification\",\"valueRequired\":true,\"valueName\":\"search_term_string\"}}],\"inLanguage\":\"nl-NL\"}]}<\/script>\n<!-- \/ Yoast SEO plugin. -->","yoast_head_json":{"title":"Betalingsmethoden - Historische Wasserm\u00fchle Birgel","robots":{"index":"index","follow":"follow","max-snippet":"max-snippet:-1","max-image-preview":"max-image-preview:large","max-video-preview":"max-video-preview:-1"},"canonical":"https:\/\/www.muehlebirgel.de\/nl\/betalingsmethoden","og_locale":"nl_NL","og_type":"article","og_title":"Betalingsmethoden - Historische Wasserm\u00fchle Birgel","og_url":"https:\/\/www.muehlebirgel.de\/nl\/betalingsmethoden\/","og_site_name":"Historische Wasserm\u00fchle Birgel","twitter_card":"summary_large_image","schema":{"@context":"https:\/\/schema.org","@graph":[{"@type":"WebPage","@id":"https:\/\/www.muehlebirgel.de\/nl\/betalingsmethoden","url":"https:\/\/www.muehlebirgel.de\/nl\/betalingsmethoden","name":"Betalingsmethoden - Historische Wasserm\u00fchle Birgel","isPartOf":{"@id":"https:\/\/www.muehlebirgel.de\/nl\/#website"},"datePublished":"2021-12-10T15:07:27+00:00","breadcrumb":{"@id":"https:\/\/www.muehlebirgel.de\/nl\/betalingsmethoden#breadcrumb"},"inLanguage":"nl-NL","potentialAction":[{"@type":"ReadAction","target":["https:\/\/www.muehlebirgel.de\/nl\/betalingsmethoden"]}]},{"@type":"BreadcrumbList","@id":"https:\/\/www.muehlebirgel.de\/nl\/betalingsmethoden#breadcrumb","itemListElement":[{"@type":"ListItem","position":1,"name":"Startseite","item":"https:\/\/www.muehlebirgel.de\/nl"},{"@type":"ListItem","position":2,"name":"Betalingsmethoden"}]},{"@type":"WebSite","@id":"https:\/\/www.muehlebirgel.de\/nl\/#website","url":"https:\/\/www.muehlebirgel.de\/nl\/","name":"Historische Wasserm\u00fchle Birgel","description":"Willkommen im M\u00fchlen-Erlebniszentrum","potentialAction":[{"@type":"SearchAction","target":{"@type":"EntryPoint","urlTemplate":"https:\/\/www.muehlebirgel.de\/nl\/?s={search_term_string}"},"query-input":{"@type":"PropertyValueSpecification","valueRequired":true,"valueName":"search_term_string"}}],"inLanguage":"nl-NL"}]}},"_links":{"self":[{"href":"https:\/\/www.muehlebirgel.de\/nl\/wp-json\/wp\/v2\/pages\/10110","targetHints":{"allow":["GET"]}}],"collection":[{"href":"https:\/\/www.muehlebirgel.de\/nl\/wp-json\/wp\/v2\/pages"}],"about":[{"href":"https:\/\/www.muehlebirgel.de\/nl\/wp-json\/wp\/v2\/types\/page"}],"author":[{"embeddable":true,"href":"https:\/\/www.muehlebirgel.de\/nl\/wp-json\/wp\/v2\/users\/1"}],"replies":[{"embeddable":true,"href":"https:\/\/www.muehlebirgel.de\/nl\/wp-json\/wp\/v2\/comments?post=10110"}],"version-history":[{"count":0,"href":"https:\/\/www.muehlebirgel.de\/nl\/wp-json\/wp\/v2\/pages\/10110\/revisions"}],"wp:attachment":[{"href":"https:\/\/www.muehlebirgel.de\/nl\/wp-json\/wp\/v2\/media?parent=10110"}],"curies":[{"name":"wp","href":"https:\/\/api.w.org\/{rel}","templated":true}]}}