{"id":13426,"date":"2022-09-30T09:03:46","date_gmt":"2022-09-30T08:03:46","guid":{"rendered":"https:\/\/www.muehlebirgel.de\/data-en-gebeurtenissen-in-de-historische-water-molen\/muehlen-aktiv-programma\/"},"modified":"2025-01-31T22:25:42","modified_gmt":"2025-01-31T21:25:42","slug":"muehlen-aktiv-programma","status":"publish","type":"page","link":"https:\/\/www.muehlebirgel.de\/nl\/muehlen-aktiv-programma","title":{"rendered":"Actief molenprogramma voor het hele gezin"},"content":{"rendered":"\n<h2 class=\"wp-block-heading\">Groot avonturenprogramma elke donderdag tijdens de schoolvakanties<\/h2>\n\n<h3 class=\"wp-block-heading\">We nodigen jou en je hele familie uit voor ons actieve molenprogramma tijdens de paas-, zomer-, herfst- en wintervakantie.<\/h3>\n\n<div class=\"wp-block-spacer\" style=\"height: 20px;\" aria-hidden=\"true\">\u00a0<\/div>\n<p>\n\nDas M\u00fchlen-Aktiv-Programm beinhaltet das Mitwirken beim \u201eBrotbacken\u201c und setzt keine Grenzen bei der Kreation von \u201eSelber Senf machen\u201c. Das Herstellen des eigenen M\u00fcslis macht besonders Spa\u00df. Die F\u00fchrungen durch die historischen M\u00fchlen begeistern Jung und Alt.\n\n<div class=\"wp-block-columns is-layout-flex wp-container-core-columns-is-layout-9d6595d7 wp-block-columns-is-layout-flex\">\n<div class=\"wp-block-column is-layout-flow wp-block-column-is-layout-flow\">\n<figure class=\"wp-block-image size-full\"><img loading=\"lazy\" decoding=\"async\" width=\"300\" height=\"225\" src=\"https:\/\/www.muehlebirgel.de\/wp-content\/uploads\/IMG_6419-2.jpg\" alt=\"\" class=\"wp-image-38432\"\/><\/figure>\n<\/div>\n\n\n\n<div class=\"wp-block-column is-layout-flow wp-block-column-is-layout-flow\">\n<figure class=\"wp-block-image size-full\"><img loading=\"lazy\" decoding=\"async\" width=\"300\" height=\"225\" src=\"https:\/\/www.muehlebirgel.de\/wp-content\/uploads\/IMG_6514.jpg\" alt=\"\" class=\"wp-image-38399\"\/><\/figure>\n<\/div>\n\n\n\n<div class=\"wp-block-column is-layout-flow wp-block-column-is-layout-flow\">\n<figure class=\"wp-block-image size-full\"><img loading=\"lazy\" decoding=\"async\" width=\"300\" height=\"225\" src=\"https:\/\/www.muehlebirgel.de\/wp-content\/uploads\/IMG_6427-2.jpg\" alt=\"\" class=\"wp-image-38443\"\/><\/figure>\n<\/div>\n\n\n\n<div class=\"wp-block-column is-layout-flow wp-block-column-is-layout-flow\">\n<figure class=\"wp-block-image size-full\"><img loading=\"lazy\" decoding=\"async\" width=\"300\" height=\"225\" src=\"https:\/\/www.muehlebirgel.de\/wp-content\/uploads\/IMG_6504.jpg\" alt=\"\" class=\"wp-image-38388\"\/><\/figure>\n<\/div>\n<\/div>\n\n<div class=\"wp-block-columns is-layout-flex wp-container-core-columns-is-layout-9d6595d7 wp-block-columns-is-layout-flex\">\n<div class=\"wp-block-column is-layout-flow wp-block-column-is-layout-flow\">\n<h2 class=\"wp-block-heading\">Data &amp; prijzen 2025<\/h2>\n\n\n\n<p><strong>Datum:<br\/> Vanaf 2025 zal dit evenement tijdens de feestdagen niet meer elke donderdag plaatsvinden, maar alleen op aanvraag.<\/strong>Enhalten sind: Brood bakken, mosterd maken, muesli maken en rondleidingen door de molen<strong><\/strong><\/p>\n\n\n\n<p><strong>Aanvang<\/strong>: 11.00 uur &#8211; Einde: 13.15 uur.<\/p>\n\n\n\n<p><strong>Kinderen<\/strong>: 23,50 \u20ac<\/p>\n\n\n\n<p><strong>Volwassenen<\/strong>: Prijs voor de molentocht + 1 programma: \u20ac23,50 per persoon<\/p>\n\n\n\n<p>Elk extra programma: \u20ac11,50 per persoon<\/p>\n\n\n\n<p><strong>Gezinsticket<\/strong>: 50,50 \u20ac(Gezin = 2 volwassenen met kinderen tot 14 jaar) Gezinsprijs incl. Breng 1 x brood, 1x mosterd en 1x muesli per kind.<\/p>\n\n\n\n<p>We accepteren inschrijvingen op de dag van het evenement <strong>tot uiterlijk 9.30 uur<\/strong>.<\/p>\n<\/div>\n<\/div>\n\n<p><strong>We kijken uit naar uw aanmelding onder tel.: 06597\/92820 of via ons <a href=\"https:\/\/www.muehlebirgel.de\/nl\/contact\">contactformulier<\/a>!<\/strong><\/p>\n","protected":false},"excerpt":{"rendered":"<p>Groot avonturenprogramma elke donderdag tijdens de schoolvakanties We nodigen jou en je hele familie uit voor ons actieve molenprogramma tijdens de paas-, zomer-, herfst- en wintervakantie. Das M\u00fchlen-Aktiv-Programm beinhaltet das Mitwirken beim \u201eBrotbacken\u201c und setzt keine Grenzen bei der Kreation von \u201eSelber Senf machen\u201c. Das Herstellen des eigenen M\u00fcslis macht besonders Spa\u00df. Die F\u00fchrungen durch [&hellip;]<\/p>\n","protected":false},"author":5,"featured_media":0,"parent":9672,"menu_order":0,"comment_status":"closed","ping_status":"closed","template":"","meta":{"footnotes":""},"class_list":["post-13426","page","type-page","status-publish","hentry"],"yoast_head":"<!-- This site is optimized with the Yoast SEO plugin v27.2 - https:\/\/yoast.com\/product\/yoast-seo-wordpress\/ -->\n<title>Actief molenprogramma voor het hele gezin - Historische Wasserm\u00fchle Birgel<\/title>\n<meta name=\"robots\" content=\"index, follow, max-snippet:-1, max-image-preview:large, max-video-preview:-1\" \/>\n<link rel=\"canonical\" href=\"https:\/\/www.muehlebirgel.de\/nl\/muehlen-aktiv-programma\" \/>\n<meta property=\"og:locale\" content=\"nl_NL\" \/>\n<meta property=\"og:type\" content=\"article\" \/>\n<meta property=\"og:title\" content=\"Actief molenprogramma voor het hele gezin - Historische Wasserm\u00fchle Birgel\" \/>\n<meta property=\"og:description\" content=\"Groot avonturenprogramma elke donderdag tijdens de schoolvakanties We nodigen jou en je hele familie uit voor ons actieve molenprogramma tijdens de paas-, zomer-, herfst- en wintervakantie. Das M\u00fchlen-Aktiv-Programm beinhaltet das Mitwirken beim \u201eBrotbacken\u201c und setzt keine Grenzen bei der Kreation von \u201eSelber Senf machen\u201c. Das Herstellen des eigenen M\u00fcslis macht besonders Spa\u00df. Die F\u00fchrungen durch [&hellip;]\" \/>\n<meta property=\"og:url\" content=\"https:\/\/www.muehlebirgel.de\/nl\/muehlen-aktiv-programma\/\" \/>\n<meta property=\"og:site_name\" content=\"Historische Wasserm\u00fchle Birgel\" \/>\n<meta property=\"article:modified_time\" content=\"2025-01-31T21:25:42+00:00\" \/>\n<meta property=\"og:image\" content=\"https:\/\/www.muehlebirgel.de\/wp-content\/uploads\/IMG_6419-2.jpg\" \/>\n\t<meta property=\"og:image:width\" content=\"300\" \/>\n\t<meta property=\"og:image:height\" content=\"225\" \/>\n\t<meta property=\"og:image:type\" content=\"image\/jpeg\" \/>\n<meta name=\"twitter:card\" content=\"summary_large_image\" \/>\n<meta name=\"twitter:label1\" content=\"Geschatte leestijd\" \/>\n\t<meta name=\"twitter:data1\" content=\"1 minuut\" \/>\n<script type=\"application\/ld+json\" class=\"yoast-schema-graph\">{\"@context\":\"https:\/\/schema.org\",\"@graph\":[{\"@type\":\"WebPage\",\"@id\":\"https:\/\/www.muehlebirgel.de\/nl\/muehlen-aktiv-programma\",\"url\":\"https:\/\/www.muehlebirgel.de\/nl\/muehlen-aktiv-programma\",\"name\":\"Actief molenprogramma voor het hele gezin - Historische Wasserm\u00fchle Birgel\",\"isPartOf\":{\"@id\":\"https:\/\/www.muehlebirgel.de\/nl\/#website\"},\"primaryImageOfPage\":{\"@id\":\"https:\/\/www.muehlebirgel.de\/nl\/muehlen-aktiv-programma#primaryimage\"},\"image\":{\"@id\":\"https:\/\/www.muehlebirgel.de\/nl\/muehlen-aktiv-programma#primaryimage\"},\"thumbnailUrl\":\"https:\/\/www.muehlebirgel.de\/wp-content\/uploads\/IMG_6419-2.jpg\",\"datePublished\":\"2022-09-30T08:03:46+00:00\",\"dateModified\":\"2025-01-31T21:25:42+00:00\",\"breadcrumb\":{\"@id\":\"https:\/\/www.muehlebirgel.de\/nl\/muehlen-aktiv-programma#breadcrumb\"},\"inLanguage\":\"nl-NL\",\"potentialAction\":[{\"@type\":\"ReadAction\",\"target\":[\"https:\/\/www.muehlebirgel.de\/nl\/muehlen-aktiv-programma\"]}]},{\"@type\":\"ImageObject\",\"inLanguage\":\"nl-NL\",\"@id\":\"https:\/\/www.muehlebirgel.de\/nl\/muehlen-aktiv-programma#primaryimage\",\"url\":\"https:\/\/www.muehlebirgel.de\/wp-content\/uploads\/IMG_6419-2.jpg\",\"contentUrl\":\"https:\/\/www.muehlebirgel.de\/wp-content\/uploads\/IMG_6419-2.jpg\"},{\"@type\":\"BreadcrumbList\",\"@id\":\"https:\/\/www.muehlebirgel.de\/nl\/muehlen-aktiv-programma#breadcrumb\",\"itemListElement\":[{\"@type\":\"ListItem\",\"position\":1,\"name\":\"Startseite\",\"item\":\"https:\/\/www.muehlebirgel.de\/nl\"},{\"@type\":\"ListItem\",\"position\":2,\"name\":\"Data en evenementen in de historische watermolen\",\"item\":\"https:\/\/www.muehlebirgel.de\/nl\/data-en-evenementen-in-de-historische-watermolen\"},{\"@type\":\"ListItem\",\"position\":3,\"name\":\"Actief molenprogramma voor het hele gezin\"}]},{\"@type\":\"WebSite\",\"@id\":\"https:\/\/www.muehlebirgel.de\/nl\/#website\",\"url\":\"https:\/\/www.muehlebirgel.de\/nl\/\",\"name\":\"Historische Wasserm\u00fchle Birgel\",\"description\":\"Willkommen im M\u00fchlen-Erlebniszentrum\",\"potentialAction\":[{\"@type\":\"SearchAction\",\"target\":{\"@type\":\"EntryPoint\",\"urlTemplate\":\"https:\/\/www.muehlebirgel.de\/nl\/?s={search_term_string}\"},\"query-input\":{\"@type\":\"PropertyValueSpecification\",\"valueRequired\":true,\"valueName\":\"search_term_string\"}}],\"inLanguage\":\"nl-NL\"}]}<\/script>\n<!-- \/ Yoast SEO plugin. -->","yoast_head_json":{"title":"Actief molenprogramma voor het hele gezin - Historische Wasserm\u00fchle Birgel","robots":{"index":"index","follow":"follow","max-snippet":"max-snippet:-1","max-image-preview":"max-image-preview:large","max-video-preview":"max-video-preview:-1"},"canonical":"https:\/\/www.muehlebirgel.de\/nl\/muehlen-aktiv-programma","og_locale":"nl_NL","og_type":"article","og_title":"Actief molenprogramma voor het hele gezin - Historische Wasserm\u00fchle Birgel","og_description":"Groot avonturenprogramma elke donderdag tijdens de schoolvakanties We nodigen jou en je hele familie uit voor ons actieve molenprogramma tijdens de paas-, zomer-, herfst- en wintervakantie. Das M\u00fchlen-Aktiv-Programm beinhaltet das Mitwirken beim \u201eBrotbacken\u201c und setzt keine Grenzen bei der Kreation von \u201eSelber Senf machen\u201c. Das Herstellen des eigenen M\u00fcslis macht besonders Spa\u00df. Die F\u00fchrungen durch [&hellip;]","og_url":"https:\/\/www.muehlebirgel.de\/nl\/muehlen-aktiv-programma\/","og_site_name":"Historische Wasserm\u00fchle Birgel","article_modified_time":"2025-01-31T21:25:42+00:00","og_image":[{"width":300,"height":225,"url":"https:\/\/www.muehlebirgel.de\/wp-content\/uploads\/IMG_6419-2.jpg","type":"image\/jpeg"}],"twitter_card":"summary_large_image","twitter_misc":{"Geschatte leestijd":"1 minuut"},"schema":{"@context":"https:\/\/schema.org","@graph":[{"@type":"WebPage","@id":"https:\/\/www.muehlebirgel.de\/nl\/muehlen-aktiv-programma","url":"https:\/\/www.muehlebirgel.de\/nl\/muehlen-aktiv-programma","name":"Actief molenprogramma voor het hele gezin - Historische Wasserm\u00fchle Birgel","isPartOf":{"@id":"https:\/\/www.muehlebirgel.de\/nl\/#website"},"primaryImageOfPage":{"@id":"https:\/\/www.muehlebirgel.de\/nl\/muehlen-aktiv-programma#primaryimage"},"image":{"@id":"https:\/\/www.muehlebirgel.de\/nl\/muehlen-aktiv-programma#primaryimage"},"thumbnailUrl":"https:\/\/www.muehlebirgel.de\/wp-content\/uploads\/IMG_6419-2.jpg","datePublished":"2022-09-30T08:03:46+00:00","dateModified":"2025-01-31T21:25:42+00:00","breadcrumb":{"@id":"https:\/\/www.muehlebirgel.de\/nl\/muehlen-aktiv-programma#breadcrumb"},"inLanguage":"nl-NL","potentialAction":[{"@type":"ReadAction","target":["https:\/\/www.muehlebirgel.de\/nl\/muehlen-aktiv-programma"]}]},{"@type":"ImageObject","inLanguage":"nl-NL","@id":"https:\/\/www.muehlebirgel.de\/nl\/muehlen-aktiv-programma#primaryimage","url":"https:\/\/www.muehlebirgel.de\/wp-content\/uploads\/IMG_6419-2.jpg","contentUrl":"https:\/\/www.muehlebirgel.de\/wp-content\/uploads\/IMG_6419-2.jpg"},{"@type":"BreadcrumbList","@id":"https:\/\/www.muehlebirgel.de\/nl\/muehlen-aktiv-programma#breadcrumb","itemListElement":[{"@type":"ListItem","position":1,"name":"Startseite","item":"https:\/\/www.muehlebirgel.de\/nl"},{"@type":"ListItem","position":2,"name":"Data en evenementen in de historische watermolen","item":"https:\/\/www.muehlebirgel.de\/nl\/data-en-evenementen-in-de-historische-watermolen"},{"@type":"ListItem","position":3,"name":"Actief molenprogramma voor het hele gezin"}]},{"@type":"WebSite","@id":"https:\/\/www.muehlebirgel.de\/nl\/#website","url":"https:\/\/www.muehlebirgel.de\/nl\/","name":"Historische Wasserm\u00fchle Birgel","description":"Willkommen im M\u00fchlen-Erlebniszentrum","potentialAction":[{"@type":"SearchAction","target":{"@type":"EntryPoint","urlTemplate":"https:\/\/www.muehlebirgel.de\/nl\/?s={search_term_string}"},"query-input":{"@type":"PropertyValueSpecification","valueRequired":true,"valueName":"search_term_string"}}],"inLanguage":"nl-NL"}]}},"_links":{"self":[{"href":"https:\/\/www.muehlebirgel.de\/nl\/wp-json\/wp\/v2\/pages\/13426","targetHints":{"allow":["GET"]}}],"collection":[{"href":"https:\/\/www.muehlebirgel.de\/nl\/wp-json\/wp\/v2\/pages"}],"about":[{"href":"https:\/\/www.muehlebirgel.de\/nl\/wp-json\/wp\/v2\/types\/page"}],"author":[{"embeddable":true,"href":"https:\/\/www.muehlebirgel.de\/nl\/wp-json\/wp\/v2\/users\/5"}],"replies":[{"embeddable":true,"href":"https:\/\/www.muehlebirgel.de\/nl\/wp-json\/wp\/v2\/comments?post=13426"}],"version-history":[{"count":19,"href":"https:\/\/www.muehlebirgel.de\/nl\/wp-json\/wp\/v2\/pages\/13426\/revisions"}],"predecessor-version":[{"id":49313,"href":"https:\/\/www.muehlebirgel.de\/nl\/wp-json\/wp\/v2\/pages\/13426\/revisions\/49313"}],"up":[{"embeddable":true,"href":"https:\/\/www.muehlebirgel.de\/nl\/wp-json\/wp\/v2\/pages\/9672"}],"wp:attachment":[{"href":"https:\/\/www.muehlebirgel.de\/nl\/wp-json\/wp\/v2\/media?parent=13426"}],"curies":[{"name":"wp","href":"https:\/\/api.w.org\/{rel}","templated":true}]}}