{"id":63288,"date":"2026-02-18T15:33:45","date_gmt":"2026-02-18T14:33:45","guid":{"rendered":"https:\/\/www.muehlebirgel.de\/teilnahmebedingungen-fruehjahrsgewinnspiel\/"},"modified":"2026-02-18T15:56:49","modified_gmt":"2026-02-18T14:56:49","slug":"teilnahmebedingungen-fruehjahrsgewinnspiel","status":"publish","type":"page","link":"https:\/\/www.muehlebirgel.de\/nl\/teilnahmebedingungen-fruehjahrsgewinnspiel","title":{"rendered":"Voorwaarden deelname voorjaarscompetitie"},"content":{"rendered":"\n<p><strong>Organisator<\/strong><\/p>\n\n<p>De organisator van de wedstrijd is:<\/p>\n\n<p>Erwin von der M\u00fchle<\/p>\n\n<p>M\u00fchlenstra\u00dfe 1, 54587 Birgel\/Vulkaaneifel<\/p>\n\n<p>info@muehlebirgel.de<\/p>\n\n<p><strong>Deelname periode<\/strong><\/p>\n\n<p>De wedstrijd loopt tot 26.02.2026 en heeft betrekking op boekingen die zijn ontvangen in de periode 27.02.2026 tot en met 15.03.2026 (laatste dag van vertrek). Het tijdstip van ontvangst van de boeking is bepalend. <\/p>\n\n<p><strong>Deelname<\/strong><\/p>\n\n<p>Alle natuurlijke personen van 18 jaar en ouder die woonachtig zijn in de EU mogen deelnemen. Werknemers van de organisator en hun familieleden zijn uitgesloten van deelname. <\/p>\n\n<p><strong>Deelname aan de competitie<\/strong><\/p>\n\n<p>Deelname is automatisch door het boeken van een verblijf van \u00e9\u00e9n, twee of drie nachten binnen de actieperiode. Per boeking is \u00e9\u00e9n deelname mogelijk. <\/p>\n\n<p><strong>Winst<\/strong><\/p>\n\n<p>De prijsvraag dekt de volledige kosten van de geboekte overnachting(en) inclusief eten en drinken. <\/p>\n\n<p><strong>Vaststelling van winnaars en kennisgeving<\/strong><\/p>\n\n<p>De winnaar wordt willekeurig gekozen aan het einde van de deelnameperiode, bekendgemaakt op 27 februari 2026 en per e-mail of telefoon op de hoogte gebracht. Als er binnen 7 dagen geen reactie is ontvangen, behoudt de organisator zich het recht voor een nieuwe winnaar te kiezen. <\/p>\n\n<p><strong>Uitbetaling van winsten<\/strong><\/p>\n\n<p>Contante betaling, betaling in termijnen of omruiling van de prijs is uitgesloten. De prijs is niet overdraagbaar. <\/p>\n\n<p><strong>gegevensbescherming<\/strong><\/p>\n\n<p>De persoonsgegevens die in het kader van de wedstrijd worden verzameld, worden uitsluitend verwerkt ten behoeve van de organisatie en uitvoering van de wedstrijd (art. 6 lid 1 lit. b GDPR). Meer informatie over gegevensbescherming is te vinden op [link naar privacybeleid]. <\/p>\n\n<p><strong>Disclaimer \/ Voorbehoud van het recht om wijzigingen aan te brengen<\/strong><\/p>\n\n<p>De organisator behoudt zich het recht voor om de wedstrijd op elk moment om belangrijke redenen aan te passen, te wijzigen of voortijdig te be\u00ebindigen, indien dit noodzakelijk is.<\/p>\n\n<p><strong>Juridisch proces<\/strong><\/p>\n\n<p>Juridisch verhaal is uitgesloten.<\/p>\n","protected":false},"excerpt":{"rendered":"<p>Organisator De organisator van de wedstrijd is: Erwin von der M\u00fchle M\u00fchlenstra\u00dfe 1, 54587 Birgel\/Vulkaaneifel info@muehlebirgel.de Deelname periode De wedstrijd loopt tot 26.02.2026 en heeft betrekking op boekingen die zijn ontvangen in de periode 27.02.2026 tot en met 15.03.2026 (laatste dag van vertrek). Het tijdstip van ontvangst van de boeking is bepalend. Deelname Alle natuurlijke [&hellip;]<\/p>\n","protected":false},"author":5,"featured_media":0,"parent":0,"menu_order":0,"comment_status":"closed","ping_status":"closed","template":"","meta":{"footnotes":""},"class_list":["post-63288","page","type-page","status-publish","hentry"],"yoast_head":"<!-- This site is optimized with the Yoast SEO plugin v27.2 - https:\/\/yoast.com\/product\/yoast-seo-wordpress\/ -->\n<title>Voorwaarden deelname voorjaarscompetitie - Historische Wasserm\u00fchle Birgel<\/title>\n<meta name=\"robots\" content=\"index, follow, max-snippet:-1, max-image-preview:large, max-video-preview:-1\" \/>\n<link rel=\"canonical\" href=\"https:\/\/www.muehlebirgel.de\/nl\/teilnahmebedingungen-fruehjahrsgewinnspiel\" \/>\n<meta property=\"og:locale\" content=\"nl_NL\" \/>\n<meta property=\"og:type\" content=\"article\" \/>\n<meta property=\"og:title\" content=\"Voorwaarden deelname voorjaarscompetitie - Historische Wasserm\u00fchle Birgel\" \/>\n<meta property=\"og:description\" content=\"Organisator De organisator van de wedstrijd is: Erwin von der M\u00fchle M\u00fchlenstra\u00dfe 1, 54587 Birgel\/Vulkaaneifel info@muehlebirgel.de Deelname periode De wedstrijd loopt tot 26.02.2026 en heeft betrekking op boekingen die zijn ontvangen in de periode 27.02.2026 tot en met 15.03.2026 (laatste dag van vertrek). Het tijdstip van ontvangst van de boeking is bepalend. Deelname Alle natuurlijke [&hellip;]\" \/>\n<meta property=\"og:url\" content=\"https:\/\/www.muehlebirgel.de\/nl\/teilnahmebedingungen-fruehjahrsgewinnspiel\/\" \/>\n<meta property=\"og:site_name\" content=\"Historische Wasserm\u00fchle Birgel\" \/>\n<meta property=\"article:modified_time\" content=\"2026-02-18T14:56:49+00:00\" \/>\n<meta name=\"twitter:card\" content=\"summary_large_image\" \/>\n<meta name=\"twitter:label1\" content=\"Geschatte leestijd\" \/>\n\t<meta name=\"twitter:data1\" content=\"1 minuut\" \/>\n<script type=\"application\/ld+json\" class=\"yoast-schema-graph\">{\"@context\":\"https:\/\/schema.org\",\"@graph\":[{\"@type\":\"WebPage\",\"@id\":\"https:\/\/www.muehlebirgel.de\/nl\/teilnahmebedingungen-fruehjahrsgewinnspiel\",\"url\":\"https:\/\/www.muehlebirgel.de\/nl\/teilnahmebedingungen-fruehjahrsgewinnspiel\",\"name\":\"Voorwaarden deelname voorjaarscompetitie - Historische Wasserm\u00fchle Birgel\",\"isPartOf\":{\"@id\":\"https:\/\/www.muehlebirgel.de\/nl\/#website\"},\"datePublished\":\"2026-02-18T14:33:45+00:00\",\"dateModified\":\"2026-02-18T14:56:49+00:00\",\"breadcrumb\":{\"@id\":\"https:\/\/www.muehlebirgel.de\/nl\/teilnahmebedingungen-fruehjahrsgewinnspiel#breadcrumb\"},\"inLanguage\":\"nl-NL\",\"potentialAction\":[{\"@type\":\"ReadAction\",\"target\":[\"https:\/\/www.muehlebirgel.de\/nl\/teilnahmebedingungen-fruehjahrsgewinnspiel\"]}]},{\"@type\":\"BreadcrumbList\",\"@id\":\"https:\/\/www.muehlebirgel.de\/nl\/teilnahmebedingungen-fruehjahrsgewinnspiel#breadcrumb\",\"itemListElement\":[{\"@type\":\"ListItem\",\"position\":1,\"name\":\"Startseite\",\"item\":\"https:\/\/www.muehlebirgel.de\/nl\"},{\"@type\":\"ListItem\",\"position\":2,\"name\":\"Voorwaarden deelname voorjaarscompetitie\"}]},{\"@type\":\"WebSite\",\"@id\":\"https:\/\/www.muehlebirgel.de\/nl\/#website\",\"url\":\"https:\/\/www.muehlebirgel.de\/nl\/\",\"name\":\"Historische Wasserm\u00fchle Birgel\",\"description\":\"Willkommen im M\u00fchlen-Erlebniszentrum\",\"potentialAction\":[{\"@type\":\"SearchAction\",\"target\":{\"@type\":\"EntryPoint\",\"urlTemplate\":\"https:\/\/www.muehlebirgel.de\/nl\/?s={search_term_string}\"},\"query-input\":{\"@type\":\"PropertyValueSpecification\",\"valueRequired\":true,\"valueName\":\"search_term_string\"}}],\"inLanguage\":\"nl-NL\"}]}<\/script>\n<!-- \/ Yoast SEO plugin. -->","yoast_head_json":{"title":"Voorwaarden deelname voorjaarscompetitie - Historische Wasserm\u00fchle Birgel","robots":{"index":"index","follow":"follow","max-snippet":"max-snippet:-1","max-image-preview":"max-image-preview:large","max-video-preview":"max-video-preview:-1"},"canonical":"https:\/\/www.muehlebirgel.de\/nl\/teilnahmebedingungen-fruehjahrsgewinnspiel","og_locale":"nl_NL","og_type":"article","og_title":"Voorwaarden deelname voorjaarscompetitie - Historische Wasserm\u00fchle Birgel","og_description":"Organisator De organisator van de wedstrijd is: Erwin von der M\u00fchle M\u00fchlenstra\u00dfe 1, 54587 Birgel\/Vulkaaneifel info@muehlebirgel.de Deelname periode De wedstrijd loopt tot 26.02.2026 en heeft betrekking op boekingen die zijn ontvangen in de periode 27.02.2026 tot en met 15.03.2026 (laatste dag van vertrek). Het tijdstip van ontvangst van de boeking is bepalend. Deelname Alle natuurlijke [&hellip;]","og_url":"https:\/\/www.muehlebirgel.de\/nl\/teilnahmebedingungen-fruehjahrsgewinnspiel\/","og_site_name":"Historische Wasserm\u00fchle Birgel","article_modified_time":"2026-02-18T14:56:49+00:00","twitter_card":"summary_large_image","twitter_misc":{"Geschatte leestijd":"1 minuut"},"schema":{"@context":"https:\/\/schema.org","@graph":[{"@type":"WebPage","@id":"https:\/\/www.muehlebirgel.de\/nl\/teilnahmebedingungen-fruehjahrsgewinnspiel","url":"https:\/\/www.muehlebirgel.de\/nl\/teilnahmebedingungen-fruehjahrsgewinnspiel","name":"Voorwaarden deelname voorjaarscompetitie - Historische Wasserm\u00fchle Birgel","isPartOf":{"@id":"https:\/\/www.muehlebirgel.de\/nl\/#website"},"datePublished":"2026-02-18T14:33:45+00:00","dateModified":"2026-02-18T14:56:49+00:00","breadcrumb":{"@id":"https:\/\/www.muehlebirgel.de\/nl\/teilnahmebedingungen-fruehjahrsgewinnspiel#breadcrumb"},"inLanguage":"nl-NL","potentialAction":[{"@type":"ReadAction","target":["https:\/\/www.muehlebirgel.de\/nl\/teilnahmebedingungen-fruehjahrsgewinnspiel"]}]},{"@type":"BreadcrumbList","@id":"https:\/\/www.muehlebirgel.de\/nl\/teilnahmebedingungen-fruehjahrsgewinnspiel#breadcrumb","itemListElement":[{"@type":"ListItem","position":1,"name":"Startseite","item":"https:\/\/www.muehlebirgel.de\/nl"},{"@type":"ListItem","position":2,"name":"Voorwaarden deelname voorjaarscompetitie"}]},{"@type":"WebSite","@id":"https:\/\/www.muehlebirgel.de\/nl\/#website","url":"https:\/\/www.muehlebirgel.de\/nl\/","name":"Historische Wasserm\u00fchle Birgel","description":"Willkommen im M\u00fchlen-Erlebniszentrum","potentialAction":[{"@type":"SearchAction","target":{"@type":"EntryPoint","urlTemplate":"https:\/\/www.muehlebirgel.de\/nl\/?s={search_term_string}"},"query-input":{"@type":"PropertyValueSpecification","valueRequired":true,"valueName":"search_term_string"}}],"inLanguage":"nl-NL"}]}},"_links":{"self":[{"href":"https:\/\/www.muehlebirgel.de\/nl\/wp-json\/wp\/v2\/pages\/63288","targetHints":{"allow":["GET"]}}],"collection":[{"href":"https:\/\/www.muehlebirgel.de\/nl\/wp-json\/wp\/v2\/pages"}],"about":[{"href":"https:\/\/www.muehlebirgel.de\/nl\/wp-json\/wp\/v2\/types\/page"}],"author":[{"embeddable":true,"href":"https:\/\/www.muehlebirgel.de\/nl\/wp-json\/wp\/v2\/users\/5"}],"replies":[{"embeddable":true,"href":"https:\/\/www.muehlebirgel.de\/nl\/wp-json\/wp\/v2\/comments?post=63288"}],"version-history":[{"count":2,"href":"https:\/\/www.muehlebirgel.de\/nl\/wp-json\/wp\/v2\/pages\/63288\/revisions"}],"predecessor-version":[{"id":63309,"href":"https:\/\/www.muehlebirgel.de\/nl\/wp-json\/wp\/v2\/pages\/63288\/revisions\/63309"}],"wp:attachment":[{"href":"https:\/\/www.muehlebirgel.de\/nl\/wp-json\/wp\/v2\/media?parent=63288"}],"curies":[{"name":"wp","href":"https:\/\/api.w.org\/{rel}","templated":true}]}}