{"id":63391,"date":"2026-02-19T12:12:03","date_gmt":"2026-02-19T11:12:03","guid":{"rendered":"https:\/\/www.muehlebirgel.de\/fruehjahrsgewinnspiel\/"},"modified":"2026-02-23T16:13:52","modified_gmt":"2026-02-23T15:13:52","slug":"fruehjahrsgewinnspiel","status":"publish","type":"page","link":"https:\/\/www.muehlebirgel.de\/nl\/fruehjahrsgewinnspiel","title":{"rendered":"Voorjaarscompetitie &#8211; boek een kamer en doe mee aan de prijstrekking"},"content":{"rendered":"\n<div class=\"wp-block-columns is-layout-flex wp-container-core-columns-is-layout-9d6595d7 wp-block-columns-is-layout-flex\">\n<div class=\"wp-block-column is-layout-flow wp-block-column-is-layout-flow\">\n<p>Na een lange, grijze winter groeit in de lente het verlangen naar een plek waar je weer kunt ademen. Een plek die rust biedt, je vertraagt en je het gevoel geeft dat je er bent zodra je aankomt. Deze speciale plek vind je in de <a href=\"https:\/\/www.muehlebirgel.de\/nl\/molen\">historische watermolen<\/a>.  <\/p>\n\n\n\n<p>Om de lente in te luiden, willen we je graag iets cadeau doen: elke boeking voor \u00e9\u00e9n tot drie <a href=\"https:\/\/www.muehlebirgel.de\/nl\/accommodatie-in-de-eifel\">nachten<\/a> in de reisperiode 27 februari &#8211; 15 maart (vertrek) die v\u00f3\u00f3r 26 februari 2026 wordt gemaakt, doet automatisch mee aan onze prijstrekking. De trekking vindt plaats op 27\/02\/2026.  <\/p>\n\n\n\n<p>Met een beetje geluk betalen we je hele rekening &#8211; ongeacht hoeveel je verblijf kost. De enige doorslaggevende factor is dat je boekt voor 26 februari 2026. <\/p>\n\n\n\n<p>Dus je hebt de kans om:<br\/>een time-out te nemen die je goed doet.<br\/>een overwinning te behalen die je verrast.<br\/>en een blijvend millenniummoment.<\/p>\n\n\n\n<p><a href=\"https:\/\/www.muehlebirgel.de\/nl\/teilnahmebedingungen-fruehjahrsgewinnspiel\" type=\"page\" id=\"63278\">Je vindt de voorwaarden voor deelname hier<\/a>.<\/p>\n<\/div>\n\n\n\n<div class=\"wp-block-column is-layout-flow wp-block-column-is-layout-flow\">\n<figure class=\"wp-block-embed is-type-video is-provider-youtube wp-block-embed-youtube wp-embed-aspect-9-16 wp-has-aspect-ratio short-video\"><div class=\"wp-block-embed__wrapper\">\n<iframe loading=\"lazy\" title=\"Fr\u00fchjahrs Gewinnspiel - Wir \u00fcbernehmen mit etwas Gl\u00fcck Eure Rechnung!\" width=\"563\" height=\"1000\" src=\"https:\/\/www.youtube.com\/embed\/7L7ykuafKik?feature=oembed\" frameborder=\"0\" allow=\"accelerometer; autoplay; clipboard-write; encrypted-media; gyroscope; picture-in-picture; web-share\" referrerpolicy=\"strict-origin-when-cross-origin\" allowfullscreen><\/iframe>\n<\/div><figcaption class=\"wp-element-caption\">Erwin&#8217;s wedstrijd videoboodschap<\/figcaption><\/figure>\n<\/div>\n<\/div>\n\n<h2 class=\"wp-block-heading\">Boek nu &amp; doe mee!<\/h2>\n\n<div class=\"wp-block-columns is-layout-flex wp-container-core-columns-is-layout-9d6595d7 wp-block-columns-is-layout-flex\">\n<div class=\"wp-block-column is-layout-flow wp-block-column-is-layout-flow\">\n<h3 class=\"wp-block-heading\">Hotelkamer \/ appartement<\/h3>\n\n\n\n\n<div id=\"d21-quickbook\"> <\/div>\n<p><script src=\"https:\/\/js-sdk.dirs21.de\/c2da0318-8f93-4130-ba70-634ea898bc20\" type=\"text\/javascript\" async=\"async\"><\/script><br\/><\/p><\/p>\n<\/div>\n\n\n\n<div class=\"wp-block-column is-layout-flow wp-block-column-is-layout-flow\">\n<h3 class=\"wp-block-heading\">Gezellig romantisch arrangement<\/h3>\n\n\n\n<div class=\"wp-block-columns is-layout-flex wp-container-core-columns-is-layout-9d6595d7 wp-block-columns-is-layout-flex\">\n<div class=\"wp-block-column is-layout-flow wp-block-column-is-layout-flow\">\n<figure class=\"wp-block-image size-large is-resized\"><a href=\"https:\/\/www.muehlebirgel.de\/kuschel-romantik-wochenende-in-der-eifel\"><img loading=\"lazy\" decoding=\"async\" width=\"1024\" height=\"684\" src=\"https:\/\/www.muehlebirgel.de\/wp-content\/uploads\/keeping-the-romance-alive-e1715169194476-1024x684.jpg\" alt=\"Gezellige romantiek\" class=\"wp-image-38815\" style=\"width:300px\" srcset=\"https:\/\/www.muehlebirgel.de\/wp-content\/uploads\/keeping-the-romance-alive-e1715169194476-1024x684.jpg 1024w, https:\/\/www.muehlebirgel.de\/wp-content\/uploads\/keeping-the-romance-alive-e1715169194476-768x513.jpg 768w, https:\/\/www.muehlebirgel.de\/wp-content\/uploads\/keeping-the-romance-alive-e1715169194476-640x427.jpg 640w, https:\/\/www.muehlebirgel.de\/wp-content\/uploads\/keeping-the-romance-alive-e1715169194476-400x267.jpg 400w\" sizes=\"auto, (max-width: 1024px) 100vw, 1024px\" \/><\/a><\/figure>\n<\/div>\n<\/div>\n\n\n\n<div class=\"wp-block-buttons is-layout-flex wp-block-buttons-is-layout-flex\">\n<div class=\"wp-block-button\"><a class=\"wp-block-button__link wp-element-button\">Naar het gezellige romantische arrangement<\/a><\/div>\n<\/div>\n<\/div>\n<\/div>\n\n<h2 class=\"wp-block-heading\">Speciale verzoeken of vragen<\/h2>\n\n<div class=\"wp-block-columns is-layout-flex wp-container-core-columns-is-layout-9d6595d7 wp-block-columns-is-layout-flex\">\n<div class=\"wp-block-column is-layout-flow wp-block-column-is-layout-flow\">\n<p>Vul voor boekingen met speciale verzoeken ons contactformulier in of neem als volgt contact met ons op:<\/p>\n\n\n\n<p>Telefoon: +49 6597 92820<br\/>Fax: +49 6597 9282-149 of<br\/>E-mail: <a href=\"mailto:info@muehlebirgel.de\">info@muehlebirgel.de<\/a><\/p>\n\n\n\n<figure class=\"wp-block-image\"><img loading=\"lazy\" decoding=\"async\" width=\"300\" height=\"200\" src=\"https:\/\/www.muehlebirgel.de\/wp-content\/uploads\/2009\/12\/45.jpg\" alt=\"\" class=\"wp-image-306\"\/><\/figure>\n\n\n\n<p><strong>We kijken uit naar je bericht!<\/strong><\/p>\n<\/div>\n\n\n\n<div class=\"wp-block-column is-layout-flow wp-block-column-is-layout-flow\">\n<div class=\"wpcf7 no-js\" id=\"wpcf7-f10802-o1\" lang=\"nl-NL\" dir=\"ltr\" data-wpcf7-id=\"10802\">\n<div class=\"screen-reader-response\"><p role=\"status\" aria-live=\"polite\" aria-atomic=\"true\"><\/p> <ul><\/ul><\/div>\n<form action=\"\/nl\/wp-json\/wp\/v2\/pages\/63391#wpcf7-f10802-o1\" method=\"post\" class=\"wpcf7-form init\" aria-label=\"Contactformulier\" novalidate=\"novalidate\" data-status=\"init\">\n<fieldset class=\"hidden-fields-container\"><input type=\"hidden\" name=\"_wpcf7\" value=\"10802\" \/><input type=\"hidden\" name=\"_wpcf7_version\" value=\"6.1.5\" \/><input type=\"hidden\" name=\"_wpcf7_locale\" value=\"nl_NL\" \/><input type=\"hidden\" name=\"_wpcf7_unit_tag\" value=\"wpcf7-f10802-o1\" \/><input type=\"hidden\" name=\"_wpcf7_container_post\" value=\"0\" \/><input type=\"hidden\" name=\"_wpcf7_posted_data_hash\" value=\"\" \/><input type=\"hidden\" name=\"_wpcf7_recaptcha_response\" value=\"\" \/>\n<\/fieldset>\n<label> Uw naam (*)\n    <span class=\"wpcf7-form-control-wrap\" data-name=\"your-name\"><input size=\"40\" maxlength=\"400\" class=\"wpcf7-form-control wpcf7-text wpcf7-validates-as-required\" aria-required=\"true\" aria-invalid=\"false\" value=\"\" type=\"text\" name=\"your-name\" \/><\/span> <\/label>\n\n<label> E-mailadres (*)\n    <span class=\"wpcf7-form-control-wrap\" data-name=\"your-email\"><input size=\"40\" maxlength=\"400\" class=\"wpcf7-form-control wpcf7-email wpcf7-validates-as-required wpcf7-text wpcf7-validates-as-email\" aria-required=\"true\" aria-invalid=\"false\" value=\"\" type=\"email\" name=\"your-email\" \/><\/span> <\/label>\n\n<label>  Telefoon (*)\n<span class=\"wpcf7-form-control-wrap\" data-name=\"tel-telefon\"><input size=\"40\" maxlength=\"400\" class=\"wpcf7-form-control wpcf7-tel wpcf7-validates-as-required wpcf7-text wpcf7-validates-as-tel\" aria-required=\"true\" aria-invalid=\"false\" value=\"\" type=\"tel\" name=\"tel-telefon\" \/><\/span>\n<\/label>\n\n<label>  Onderwerp\n <span class=\"wpcf7-form-control-wrap\" data-name=\"menu-322\"><select class=\"wpcf7-form-control wpcf7-select wpcf7-validates-as-required\" aria-required=\"true\" aria-invalid=\"false\" name=\"menu-322\"><option value=\"Algemene aanvraag\">Algemene aanvraag<\/option><option value=\"Reserveringsaanvraag\">Reserveringsaanvraag<\/option><option value=\"Tafelreservering\">Tafelreservering<\/option><option value=\"Middernachtfeest\">Middernachtfeest<\/option><option value=\"Trouwaanvraag\">Trouwaanvraag<\/option><option value=\"Conferentieaanvraag\">Conferentieaanvraag<\/option><option value=\"Bak- en mosterdcursus\">Bak- en mosterdcursus<\/option><option value=\"Historische molentafel\">Historische molentafel<\/option><option value=\"Last-minute aanbiedingen\">Last-minute aanbiedingen<\/option><\/select><\/span> <\/label>\n\n<label>  Uw bericht (*)\n    <span class=\"wpcf7-form-control-wrap\" data-name=\"your-message\"><textarea cols=\"40\" rows=\"10\" maxlength=\"2000\" class=\"wpcf7-form-control wpcf7-textarea wpcf7-validates-as-required\" aria-required=\"true\" aria-invalid=\"false\" name=\"your-message\"><\/textarea><\/span> <\/label>\n\n\n<button data-service=\"google-recaptcha\" data-category=\"marketing\" class=\"cmplz-blocked-content-container cmplz-blocked-content-notice cmplz-accept-service cmplz-accept-marketing cmplz-wpforms\" style=\"text-align: left; cursor: pointer;margin-top:20px;background-color:transparent;border:none;color: var(--nv-primary-accent);font-weight: 500;font-size: 16px;text-wrap:wrap;box-shadow:none;\">  Accepteer de reCaptcha-cookies door op deze tekst te klikken, zodat u het formulier kunt verzenden.\n<\/button>\n\n\n<input class=\"wpcf7-form-control wpcf7-submit has-spinner\" type=\"submit\" value=\"Verzenden\" \/><div class=\"wpcf7-response-output\" aria-hidden=\"true\"><\/div>\n<\/form>\n<\/div>\n\n<\/div>\n<\/div>\n","protected":false},"excerpt":{"rendered":"<p>Na een lange, grijze winter groeit in de lente het verlangen naar een plek waar je weer kunt ademen. Een plek die rust biedt, je vertraagt en je het gevoel geeft dat je er bent zodra je aankomt. Deze speciale plek vind je in de historische watermolen. Om de lente in te luiden, willen we [&hellip;]<\/p>\n","protected":false},"author":5,"featured_media":0,"parent":0,"menu_order":0,"comment_status":"closed","ping_status":"closed","template":"","meta":{"footnotes":""},"class_list":["post-63391","page","type-page","status-publish","hentry"],"yoast_head":"<!-- This site is optimized with the Yoast SEO plugin v27.2 - https:\/\/yoast.com\/product\/yoast-seo-wordpress\/ -->\n<title>Voorjaarscompetitie - boek een kamer en doe mee aan de prijstrekking - Historische Wasserm\u00fchle Birgel<\/title>\n<meta name=\"robots\" content=\"index, follow, max-snippet:-1, max-image-preview:large, max-video-preview:-1\" \/>\n<link rel=\"canonical\" href=\"https:\/\/www.muehlebirgel.de\/nl\/fruehjahrsgewinnspiel\" \/>\n<meta property=\"og:locale\" content=\"nl_NL\" \/>\n<meta property=\"og:type\" content=\"article\" \/>\n<meta property=\"og:title\" content=\"Voorjaarscompetitie - boek een kamer en doe mee aan de prijstrekking - Historische Wasserm\u00fchle Birgel\" \/>\n<meta property=\"og:description\" content=\"Na een lange, grijze winter groeit in de lente het verlangen naar een plek waar je weer kunt ademen. Een plek die rust biedt, je vertraagt en je het gevoel geeft dat je er bent zodra je aankomt. Deze speciale plek vind je in de historische watermolen. Om de lente in te luiden, willen we [&hellip;]\" \/>\n<meta property=\"og:url\" content=\"https:\/\/www.muehlebirgel.de\/nl\/fruehjahrsgewinnspiel\/\" \/>\n<meta property=\"og:site_name\" content=\"Historische Wasserm\u00fchle Birgel\" \/>\n<meta property=\"article:modified_time\" content=\"2026-02-23T15:13:52+00:00\" \/>\n<meta property=\"og:image\" content=\"https:\/\/www.muehlebirgel.de\/wp-content\/uploads\/keeping-the-romance-alive-e1715169194476.jpg\" \/>\n\t<meta property=\"og:image:width\" content=\"1333\" \/>\n\t<meta property=\"og:image:height\" content=\"890\" \/>\n\t<meta property=\"og:image:type\" content=\"image\/jpeg\" \/>\n<meta name=\"twitter:card\" content=\"summary_large_image\" \/>\n<meta name=\"twitter:label1\" content=\"Geschatte leestijd\" \/>\n\t<meta name=\"twitter:data1\" content=\"1 minuut\" \/>\n<script type=\"application\/ld+json\" class=\"yoast-schema-graph\">{\"@context\":\"https:\/\/schema.org\",\"@graph\":[{\"@type\":\"WebPage\",\"@id\":\"https:\/\/www.muehlebirgel.de\/nl\/fruehjahrsgewinnspiel\",\"url\":\"https:\/\/www.muehlebirgel.de\/nl\/fruehjahrsgewinnspiel\",\"name\":\"Voorjaarscompetitie - boek een kamer en doe mee aan de prijstrekking - Historische Wasserm\u00fchle Birgel\",\"isPartOf\":{\"@id\":\"https:\/\/www.muehlebirgel.de\/nl\/#website\"},\"primaryImageOfPage\":{\"@id\":\"https:\/\/www.muehlebirgel.de\/nl\/fruehjahrsgewinnspiel#primaryimage\"},\"image\":{\"@id\":\"https:\/\/www.muehlebirgel.de\/nl\/fruehjahrsgewinnspiel#primaryimage\"},\"thumbnailUrl\":\"https:\/\/www.muehlebirgel.de\/wp-content\/uploads\/keeping-the-romance-alive-e1715169194476-1024x684.jpg\",\"datePublished\":\"2026-02-19T11:12:03+00:00\",\"dateModified\":\"2026-02-23T15:13:52+00:00\",\"breadcrumb\":{\"@id\":\"https:\/\/www.muehlebirgel.de\/nl\/fruehjahrsgewinnspiel#breadcrumb\"},\"inLanguage\":\"nl-NL\",\"potentialAction\":[{\"@type\":\"ReadAction\",\"target\":[\"https:\/\/www.muehlebirgel.de\/nl\/fruehjahrsgewinnspiel\"]}]},{\"@type\":\"ImageObject\",\"inLanguage\":\"nl-NL\",\"@id\":\"https:\/\/www.muehlebirgel.de\/nl\/fruehjahrsgewinnspiel#primaryimage\",\"url\":\"https:\/\/www.muehlebirgel.de\/wp-content\/uploads\/keeping-the-romance-alive-e1715169194476-1024x684.jpg\",\"contentUrl\":\"https:\/\/www.muehlebirgel.de\/wp-content\/uploads\/keeping-the-romance-alive-e1715169194476-1024x684.jpg\"},{\"@type\":\"BreadcrumbList\",\"@id\":\"https:\/\/www.muehlebirgel.de\/nl\/fruehjahrsgewinnspiel#breadcrumb\",\"itemListElement\":[{\"@type\":\"ListItem\",\"position\":1,\"name\":\"Startseite\",\"item\":\"https:\/\/www.muehlebirgel.de\/nl\"},{\"@type\":\"ListItem\",\"position\":2,\"name\":\"Voorjaarscompetitie &#8211; boek een kamer en doe mee aan de prijstrekking\"}]},{\"@type\":\"WebSite\",\"@id\":\"https:\/\/www.muehlebirgel.de\/nl\/#website\",\"url\":\"https:\/\/www.muehlebirgel.de\/nl\/\",\"name\":\"Historische Wasserm\u00fchle Birgel\",\"description\":\"Willkommen im M\u00fchlen-Erlebniszentrum\",\"potentialAction\":[{\"@type\":\"SearchAction\",\"target\":{\"@type\":\"EntryPoint\",\"urlTemplate\":\"https:\/\/www.muehlebirgel.de\/nl\/?s={search_term_string}\"},\"query-input\":{\"@type\":\"PropertyValueSpecification\",\"valueRequired\":true,\"valueName\":\"search_term_string\"}}],\"inLanguage\":\"nl-NL\"}]}<\/script>\n<!-- \/ Yoast SEO plugin. -->","yoast_head_json":{"title":"Voorjaarscompetitie - boek een kamer en doe mee aan de prijstrekking - Historische Wasserm\u00fchle Birgel","robots":{"index":"index","follow":"follow","max-snippet":"max-snippet:-1","max-image-preview":"max-image-preview:large","max-video-preview":"max-video-preview:-1"},"canonical":"https:\/\/www.muehlebirgel.de\/nl\/fruehjahrsgewinnspiel","og_locale":"nl_NL","og_type":"article","og_title":"Voorjaarscompetitie - boek een kamer en doe mee aan de prijstrekking - Historische Wasserm\u00fchle Birgel","og_description":"Na een lange, grijze winter groeit in de lente het verlangen naar een plek waar je weer kunt ademen. Een plek die rust biedt, je vertraagt en je het gevoel geeft dat je er bent zodra je aankomt. Deze speciale plek vind je in de historische watermolen. Om de lente in te luiden, willen we [&hellip;]","og_url":"https:\/\/www.muehlebirgel.de\/nl\/fruehjahrsgewinnspiel\/","og_site_name":"Historische Wasserm\u00fchle Birgel","article_modified_time":"2026-02-23T15:13:52+00:00","og_image":[{"width":1333,"height":890,"url":"https:\/\/www.muehlebirgel.de\/wp-content\/uploads\/keeping-the-romance-alive-e1715169194476.jpg","type":"image\/jpeg"}],"twitter_card":"summary_large_image","twitter_misc":{"Geschatte leestijd":"1 minuut"},"schema":{"@context":"https:\/\/schema.org","@graph":[{"@type":"WebPage","@id":"https:\/\/www.muehlebirgel.de\/nl\/fruehjahrsgewinnspiel","url":"https:\/\/www.muehlebirgel.de\/nl\/fruehjahrsgewinnspiel","name":"Voorjaarscompetitie - boek een kamer en doe mee aan de prijstrekking - Historische Wasserm\u00fchle Birgel","isPartOf":{"@id":"https:\/\/www.muehlebirgel.de\/nl\/#website"},"primaryImageOfPage":{"@id":"https:\/\/www.muehlebirgel.de\/nl\/fruehjahrsgewinnspiel#primaryimage"},"image":{"@id":"https:\/\/www.muehlebirgel.de\/nl\/fruehjahrsgewinnspiel#primaryimage"},"thumbnailUrl":"https:\/\/www.muehlebirgel.de\/wp-content\/uploads\/keeping-the-romance-alive-e1715169194476-1024x684.jpg","datePublished":"2026-02-19T11:12:03+00:00","dateModified":"2026-02-23T15:13:52+00:00","breadcrumb":{"@id":"https:\/\/www.muehlebirgel.de\/nl\/fruehjahrsgewinnspiel#breadcrumb"},"inLanguage":"nl-NL","potentialAction":[{"@type":"ReadAction","target":["https:\/\/www.muehlebirgel.de\/nl\/fruehjahrsgewinnspiel"]}]},{"@type":"ImageObject","inLanguage":"nl-NL","@id":"https:\/\/www.muehlebirgel.de\/nl\/fruehjahrsgewinnspiel#primaryimage","url":"https:\/\/www.muehlebirgel.de\/wp-content\/uploads\/keeping-the-romance-alive-e1715169194476-1024x684.jpg","contentUrl":"https:\/\/www.muehlebirgel.de\/wp-content\/uploads\/keeping-the-romance-alive-e1715169194476-1024x684.jpg"},{"@type":"BreadcrumbList","@id":"https:\/\/www.muehlebirgel.de\/nl\/fruehjahrsgewinnspiel#breadcrumb","itemListElement":[{"@type":"ListItem","position":1,"name":"Startseite","item":"https:\/\/www.muehlebirgel.de\/nl"},{"@type":"ListItem","position":2,"name":"Voorjaarscompetitie &#8211; boek een kamer en doe mee aan de prijstrekking"}]},{"@type":"WebSite","@id":"https:\/\/www.muehlebirgel.de\/nl\/#website","url":"https:\/\/www.muehlebirgel.de\/nl\/","name":"Historische Wasserm\u00fchle Birgel","description":"Willkommen im M\u00fchlen-Erlebniszentrum","potentialAction":[{"@type":"SearchAction","target":{"@type":"EntryPoint","urlTemplate":"https:\/\/www.muehlebirgel.de\/nl\/?s={search_term_string}"},"query-input":{"@type":"PropertyValueSpecification","valueRequired":true,"valueName":"search_term_string"}}],"inLanguage":"nl-NL"}]}},"_links":{"self":[{"href":"https:\/\/www.muehlebirgel.de\/nl\/wp-json\/wp\/v2\/pages\/63391","targetHints":{"allow":["GET"]}}],"collection":[{"href":"https:\/\/www.muehlebirgel.de\/nl\/wp-json\/wp\/v2\/pages"}],"about":[{"href":"https:\/\/www.muehlebirgel.de\/nl\/wp-json\/wp\/v2\/types\/page"}],"author":[{"embeddable":true,"href":"https:\/\/www.muehlebirgel.de\/nl\/wp-json\/wp\/v2\/users\/5"}],"replies":[{"embeddable":true,"href":"https:\/\/www.muehlebirgel.de\/nl\/wp-json\/wp\/v2\/comments?post=63391"}],"version-history":[{"count":28,"href":"https:\/\/www.muehlebirgel.de\/nl\/wp-json\/wp\/v2\/pages\/63391\/revisions"}],"predecessor-version":[{"id":63696,"href":"https:\/\/www.muehlebirgel.de\/nl\/wp-json\/wp\/v2\/pages\/63391\/revisions\/63696"}],"wp:attachment":[{"href":"https:\/\/www.muehlebirgel.de\/nl\/wp-json\/wp\/v2\/media?parent=63391"}],"curies":[{"name":"wp","href":"https:\/\/api.w.org\/{rel}","templated":true}]}}