{"id":63852,"date":"2026-03-12T08:18:29","date_gmt":"2026-03-12T07:18:29","guid":{"rendered":"https:\/\/www.muehlebirgel.de\/tischreservierung-wirtshaus-zum-saegewerk\/"},"modified":"2026-03-12T08:44:41","modified_gmt":"2026-03-12T07:44:41","slug":"tischreservierung-wirtshaus-zum-saegewerk","status":"publish","type":"page","link":"https:\/\/www.muehlebirgel.de\/nl\/tischreservierung-wirtshaus-zum-saegewerk","title":{"rendered":"Tafelreservering Wirtshaus zum S\u00e4gewerk"},"content":{"rendered":"\n<div class=\"wp-block-columns is-layout-flex wp-container-core-columns-is-layout-9d6595d7 wp-block-columns-is-layout-flex\">\n<div class=\"wp-block-column is-layout-flow wp-block-column-is-layout-flow\" style=\"flex-basis:66%\">\n<iframe loading=\"lazy\" id=\"atavolo-web\" style=\"border: 0; overflow: hidden;\" src=\"https:\/\/login.atavolo.com\/web.php?l=8d9fc2308c8f28d2a7d2f6f48801c705&#038;r=1\" name=\"atavolo-web\" width=\"100%\" height=\"614px\" frameborder=\"0\"><\/iframe>\n<\/div>\n\n\n\n<div class=\"wp-block-column is-layout-flow wp-block-column-is-layout-flow\">\n<h2 class=\"wp-block-heading\">Boek nu!<\/h2>\n\n\n\n<p>Reserveer hier je tafel in <strong>het Wirtshaus zum S\u00e4gewerk<\/strong>. Selecteer gewoon de datum, de tijd en het aantal personen &#8211; we kijken ernaar uit je te mogen verwelkomen in de molen. <\/p>\n\n\n\n<p><a href=\"https:\/\/www.muehlebirgel.de\/eifel-restaurant\" type=\"page\" id=\"133\">Eine \u00dcbersicht der \u00d6ffnungszeiten sowie die Speisekarten findet Ihr hier.<\/a><\/p>\n\n\n\n<p><strong>Geen tafel beschikbaar?<\/strong>  Bel ons dan, we helpen je graag. Je kunt ons bereiken op   <br\/><a href=\"tel:+49659792820\" type=\"tel\" id=\"tel:+49659792820\">+49 6597 92820<\/a><\/p>\n\n\n\n<figure class=\"wp-block-image size-large\"><img loading=\"lazy\" decoding=\"async\" width=\"1024\" height=\"682\" src=\"https:\/\/www.muehlebirgel.de\/wp-content\/uploads\/Wirtshaus-innen-2-1024x682.webp\" alt=\"\" class=\"wp-image-57643\" srcset=\"https:\/\/www.muehlebirgel.de\/wp-content\/uploads\/Wirtshaus-innen-2-1024x682.webp 1024w, https:\/\/www.muehlebirgel.de\/wp-content\/uploads\/Wirtshaus-innen-2-768x512.webp 768w, https:\/\/www.muehlebirgel.de\/wp-content\/uploads\/Wirtshaus-innen-2-640x427.webp 640w, https:\/\/www.muehlebirgel.de\/wp-content\/uploads\/Wirtshaus-innen-2-400x267.webp 400w\" sizes=\"auto, (max-width: 1024px) 100vw, 1024px\" \/><\/figure>\n<\/div>\n<\/div>\n\n<p><\/p>\n","protected":false},"excerpt":{"rendered":"<p>Boek nu! Reserveer hier je tafel in het Wirtshaus zum S\u00e4gewerk. Selecteer gewoon de datum, de tijd en het aantal personen &#8211; we kijken ernaar uit je te mogen verwelkomen in de molen. Eine \u00dcbersicht der \u00d6ffnungszeiten sowie die Speisekarten findet Ihr hier. Geen tafel beschikbaar? Bel ons dan, we helpen je graag. Je kunt [&hellip;]<\/p>\n","protected":false},"author":5,"featured_media":0,"parent":9712,"menu_order":0,"comment_status":"closed","ping_status":"closed","template":"","meta":{"footnotes":""},"class_list":["post-63852","page","type-page","status-publish","hentry"],"yoast_head":"<!-- This site is optimized with the Yoast SEO plugin v27.2 - https:\/\/yoast.com\/product\/yoast-seo-wordpress\/ -->\n<title>Tafelreservering Wirtshaus zum S\u00e4gewerk - Historische Wasserm\u00fchle Birgel<\/title>\n<meta name=\"robots\" content=\"index, follow, max-snippet:-1, max-image-preview:large, max-video-preview:-1\" \/>\n<link rel=\"canonical\" href=\"https:\/\/www.muehlebirgel.de\/nl\/tischreservierung-wirtshaus-zum-saegewerk\" \/>\n<meta property=\"og:locale\" content=\"nl_NL\" \/>\n<meta property=\"og:type\" content=\"article\" \/>\n<meta property=\"og:title\" content=\"Tafelreservering Wirtshaus zum S\u00e4gewerk - Historische Wasserm\u00fchle Birgel\" \/>\n<meta property=\"og:description\" content=\"Boek nu! Reserveer hier je tafel in het Wirtshaus zum S\u00e4gewerk. Selecteer gewoon de datum, de tijd en het aantal personen &#8211; we kijken ernaar uit je te mogen verwelkomen in de molen. Eine \u00dcbersicht der \u00d6ffnungszeiten sowie die Speisekarten findet Ihr hier. Geen tafel beschikbaar? Bel ons dan, we helpen je graag. Je kunt [&hellip;]\" \/>\n<meta property=\"og:url\" content=\"https:\/\/www.muehlebirgel.de\/nl\/tischreservierung-wirtshaus-zum-saegewerk\/\" \/>\n<meta property=\"og:site_name\" content=\"Historische Wasserm\u00fchle Birgel\" \/>\n<meta property=\"article:modified_time\" content=\"2026-03-12T07:44:41+00:00\" \/>\n<meta property=\"og:image\" content=\"https:\/\/www.muehlebirgel.de\/wp-content\/uploads\/Wirtshaus-innen-2.webp\" \/>\n\t<meta property=\"og:image:width\" content=\"2000\" \/>\n\t<meta property=\"og:image:height\" content=\"1333\" \/>\n\t<meta property=\"og:image:type\" content=\"image\/webp\" \/>\n<meta name=\"twitter:card\" content=\"summary_large_image\" \/>\n<script type=\"application\/ld+json\" class=\"yoast-schema-graph\">{\"@context\":\"https:\/\/schema.org\",\"@graph\":[{\"@type\":\"WebPage\",\"@id\":\"https:\/\/www.muehlebirgel.de\/nl\/tischreservierung-wirtshaus-zum-saegewerk\",\"url\":\"https:\/\/www.muehlebirgel.de\/nl\/tischreservierung-wirtshaus-zum-saegewerk\",\"name\":\"Tafelreservering Wirtshaus zum S\u00e4gewerk - Historische Wasserm\u00fchle Birgel\",\"isPartOf\":{\"@id\":\"https:\/\/www.muehlebirgel.de\/nl\/#website\"},\"primaryImageOfPage\":{\"@id\":\"https:\/\/www.muehlebirgel.de\/nl\/tischreservierung-wirtshaus-zum-saegewerk#primaryimage\"},\"image\":{\"@id\":\"https:\/\/www.muehlebirgel.de\/nl\/tischreservierung-wirtshaus-zum-saegewerk#primaryimage\"},\"thumbnailUrl\":\"https:\/\/www.muehlebirgel.de\/wp-content\/uploads\/Wirtshaus-innen-2-1024x682.webp\",\"datePublished\":\"2026-03-12T07:18:29+00:00\",\"dateModified\":\"2026-03-12T07:44:41+00:00\",\"breadcrumb\":{\"@id\":\"https:\/\/www.muehlebirgel.de\/nl\/tischreservierung-wirtshaus-zum-saegewerk#breadcrumb\"},\"inLanguage\":\"nl-NL\",\"potentialAction\":[{\"@type\":\"ReadAction\",\"target\":[\"https:\/\/www.muehlebirgel.de\/nl\/tischreservierung-wirtshaus-zum-saegewerk\"]}]},{\"@type\":\"ImageObject\",\"inLanguage\":\"nl-NL\",\"@id\":\"https:\/\/www.muehlebirgel.de\/nl\/tischreservierung-wirtshaus-zum-saegewerk#primaryimage\",\"url\":\"https:\/\/www.muehlebirgel.de\/wp-content\/uploads\/Wirtshaus-innen-2-1024x682.webp\",\"contentUrl\":\"https:\/\/www.muehlebirgel.de\/wp-content\/uploads\/Wirtshaus-innen-2-1024x682.webp\"},{\"@type\":\"BreadcrumbList\",\"@id\":\"https:\/\/www.muehlebirgel.de\/nl\/tischreservierung-wirtshaus-zum-saegewerk#breadcrumb\",\"itemListElement\":[{\"@type\":\"ListItem\",\"position\":1,\"name\":\"Startseite\",\"item\":\"https:\/\/www.muehlebirgel.de\/nl\"},{\"@type\":\"ListItem\",\"position\":2,\"name\":\"Over de historische watermolen\",\"item\":\"https:\/\/www.muehlebirgel.de\/nl\/molen\"},{\"@type\":\"ListItem\",\"position\":3,\"name\":\"Restaurant, biertuin &amp; evenementenlocatie &#8211; eet goed en vier feest in de Eifel\",\"item\":\"https:\/\/www.muehlebirgel.de\/nl\/eifel-restaurant\"},{\"@type\":\"ListItem\",\"position\":4,\"name\":\"Tafelreservering Wirtshaus zum S\u00e4gewerk\"}]},{\"@type\":\"WebSite\",\"@id\":\"https:\/\/www.muehlebirgel.de\/nl\/#website\",\"url\":\"https:\/\/www.muehlebirgel.de\/nl\/\",\"name\":\"Historische Wasserm\u00fchle Birgel\",\"description\":\"Willkommen im M\u00fchlen-Erlebniszentrum\",\"potentialAction\":[{\"@type\":\"SearchAction\",\"target\":{\"@type\":\"EntryPoint\",\"urlTemplate\":\"https:\/\/www.muehlebirgel.de\/nl\/?s={search_term_string}\"},\"query-input\":{\"@type\":\"PropertyValueSpecification\",\"valueRequired\":true,\"valueName\":\"search_term_string\"}}],\"inLanguage\":\"nl-NL\"}]}<\/script>\n<!-- \/ Yoast SEO plugin. -->","yoast_head_json":{"title":"Tafelreservering Wirtshaus zum S\u00e4gewerk - Historische Wasserm\u00fchle Birgel","robots":{"index":"index","follow":"follow","max-snippet":"max-snippet:-1","max-image-preview":"max-image-preview:large","max-video-preview":"max-video-preview:-1"},"canonical":"https:\/\/www.muehlebirgel.de\/nl\/tischreservierung-wirtshaus-zum-saegewerk","og_locale":"nl_NL","og_type":"article","og_title":"Tafelreservering Wirtshaus zum S\u00e4gewerk - Historische Wasserm\u00fchle Birgel","og_description":"Boek nu! Reserveer hier je tafel in het Wirtshaus zum S\u00e4gewerk. Selecteer gewoon de datum, de tijd en het aantal personen &#8211; we kijken ernaar uit je te mogen verwelkomen in de molen. Eine \u00dcbersicht der \u00d6ffnungszeiten sowie die Speisekarten findet Ihr hier. Geen tafel beschikbaar? Bel ons dan, we helpen je graag. Je kunt [&hellip;]","og_url":"https:\/\/www.muehlebirgel.de\/nl\/tischreservierung-wirtshaus-zum-saegewerk\/","og_site_name":"Historische Wasserm\u00fchle Birgel","article_modified_time":"2026-03-12T07:44:41+00:00","og_image":[{"width":2000,"height":1333,"url":"https:\/\/www.muehlebirgel.de\/wp-content\/uploads\/Wirtshaus-innen-2.webp","type":"image\/webp"}],"twitter_card":"summary_large_image","schema":{"@context":"https:\/\/schema.org","@graph":[{"@type":"WebPage","@id":"https:\/\/www.muehlebirgel.de\/nl\/tischreservierung-wirtshaus-zum-saegewerk","url":"https:\/\/www.muehlebirgel.de\/nl\/tischreservierung-wirtshaus-zum-saegewerk","name":"Tafelreservering Wirtshaus zum S\u00e4gewerk - Historische Wasserm\u00fchle Birgel","isPartOf":{"@id":"https:\/\/www.muehlebirgel.de\/nl\/#website"},"primaryImageOfPage":{"@id":"https:\/\/www.muehlebirgel.de\/nl\/tischreservierung-wirtshaus-zum-saegewerk#primaryimage"},"image":{"@id":"https:\/\/www.muehlebirgel.de\/nl\/tischreservierung-wirtshaus-zum-saegewerk#primaryimage"},"thumbnailUrl":"https:\/\/www.muehlebirgel.de\/wp-content\/uploads\/Wirtshaus-innen-2-1024x682.webp","datePublished":"2026-03-12T07:18:29+00:00","dateModified":"2026-03-12T07:44:41+00:00","breadcrumb":{"@id":"https:\/\/www.muehlebirgel.de\/nl\/tischreservierung-wirtshaus-zum-saegewerk#breadcrumb"},"inLanguage":"nl-NL","potentialAction":[{"@type":"ReadAction","target":["https:\/\/www.muehlebirgel.de\/nl\/tischreservierung-wirtshaus-zum-saegewerk"]}]},{"@type":"ImageObject","inLanguage":"nl-NL","@id":"https:\/\/www.muehlebirgel.de\/nl\/tischreservierung-wirtshaus-zum-saegewerk#primaryimage","url":"https:\/\/www.muehlebirgel.de\/wp-content\/uploads\/Wirtshaus-innen-2-1024x682.webp","contentUrl":"https:\/\/www.muehlebirgel.de\/wp-content\/uploads\/Wirtshaus-innen-2-1024x682.webp"},{"@type":"BreadcrumbList","@id":"https:\/\/www.muehlebirgel.de\/nl\/tischreservierung-wirtshaus-zum-saegewerk#breadcrumb","itemListElement":[{"@type":"ListItem","position":1,"name":"Startseite","item":"https:\/\/www.muehlebirgel.de\/nl"},{"@type":"ListItem","position":2,"name":"Over de historische watermolen","item":"https:\/\/www.muehlebirgel.de\/nl\/molen"},{"@type":"ListItem","position":3,"name":"Restaurant, biertuin &amp; evenementenlocatie &#8211; eet goed en vier feest in de Eifel","item":"https:\/\/www.muehlebirgel.de\/nl\/eifel-restaurant"},{"@type":"ListItem","position":4,"name":"Tafelreservering Wirtshaus zum S\u00e4gewerk"}]},{"@type":"WebSite","@id":"https:\/\/www.muehlebirgel.de\/nl\/#website","url":"https:\/\/www.muehlebirgel.de\/nl\/","name":"Historische Wasserm\u00fchle Birgel","description":"Willkommen im M\u00fchlen-Erlebniszentrum","potentialAction":[{"@type":"SearchAction","target":{"@type":"EntryPoint","urlTemplate":"https:\/\/www.muehlebirgel.de\/nl\/?s={search_term_string}"},"query-input":{"@type":"PropertyValueSpecification","valueRequired":true,"valueName":"search_term_string"}}],"inLanguage":"nl-NL"}]}},"_links":{"self":[{"href":"https:\/\/www.muehlebirgel.de\/nl\/wp-json\/wp\/v2\/pages\/63852","targetHints":{"allow":["GET"]}}],"collection":[{"href":"https:\/\/www.muehlebirgel.de\/nl\/wp-json\/wp\/v2\/pages"}],"about":[{"href":"https:\/\/www.muehlebirgel.de\/nl\/wp-json\/wp\/v2\/types\/page"}],"author":[{"embeddable":true,"href":"https:\/\/www.muehlebirgel.de\/nl\/wp-json\/wp\/v2\/users\/5"}],"replies":[{"embeddable":true,"href":"https:\/\/www.muehlebirgel.de\/nl\/wp-json\/wp\/v2\/comments?post=63852"}],"version-history":[{"count":17,"href":"https:\/\/www.muehlebirgel.de\/nl\/wp-json\/wp\/v2\/pages\/63852\/revisions"}],"predecessor-version":[{"id":63928,"href":"https:\/\/www.muehlebirgel.de\/nl\/wp-json\/wp\/v2\/pages\/63852\/revisions\/63928"}],"up":[{"embeddable":true,"href":"https:\/\/www.muehlebirgel.de\/nl\/wp-json\/wp\/v2\/pages\/9712"}],"wp:attachment":[{"href":"https:\/\/www.muehlebirgel.de\/nl\/wp-json\/wp\/v2\/media?parent=63852"}],"curies":[{"name":"wp","href":"https:\/\/api.w.org\/{rel}","templated":true}]}}