{"id":67932,"date":"2026-05-07T17:32:51","date_gmt":"2026-05-07T15:32:51","guid":{"rendered":"https:\/\/www.muehlebirgel.de\/tischreservierung\/"},"modified":"2026-05-07T17:32:51","modified_gmt":"2026-05-07T15:32:51","slug":"tischreservierung","status":"publish","type":"page","link":"https:\/\/www.muehlebirgel.de\/nl\/tischreservierung\/","title":{"rendered":"Tafelreservering"},"content":{"rendered":"\t\t<div data-elementor-type=\"wp-page\" data-elementor-id=\"67932\" class=\"elementor elementor-67932 elementor-64908\" data-elementor-post-type=\"page\">\n\t\t\t\t<div class=\"elementor-element elementor-element-a75bf5e e-flex e-con-boxed e-con e-parent\" data-id=\"a75bf5e\" data-element_type=\"container\" data-e-type=\"container\" data-settings=\"{&quot;background_background&quot;:&quot;classic&quot;}\">\n\t\t\t\t\t<div class=\"e-con-inner\">\n\t\t<div class=\"elementor-element elementor-element-7d9dbe2 e-con-full e-flex e-con e-child\" data-id=\"7d9dbe2\" data-element_type=\"container\" data-e-type=\"container\">\n\t\t\t\t<div class=\"elementor-element elementor-element-31bbed5 elementor-widget elementor-widget-breadcrumbs\" data-id=\"31bbed5\" data-element_type=\"widget\" data-e-type=\"widget\" data-widget_type=\"breadcrumbs.default\">\n\t\t\t\t\t<p id=\"breadcrumbs\"><span><span><a href=\"https:\/\/www.muehlebirgel.de\/nl\/\">Startseite<\/a><\/span><\/span><\/p>\t\t\t\t<\/div>\n\t\t\t\t<div class=\"elementor-element elementor-element-022f0aa elementor-widget elementor-widget-heading\" data-id=\"022f0aa\" data-element_type=\"widget\" data-e-type=\"widget\" data-widget_type=\"heading.default\">\n\t\t\t\t\t<h1 class=\"elementor-heading-title elementor-size-default\">Tafelreservering Wirtshaus zum S\u00e4gewerk<\/h1>\t\t\t\t<\/div>\n\t\t\t\t<div class=\"elementor-element elementor-element-22640b6 elementor-widget-divider--view-line elementor-widget elementor-widget-global elementor-global-68292 elementor-global-64223 elementor-widget-divider\" data-id=\"22640b6\" data-element_type=\"widget\" data-e-type=\"widget\" data-widget_type=\"divider.default\">\n\t\t\t\t\t\t\t<div class=\"elementor-divider\">\n\t\t\t<span class=\"elementor-divider-separator\">\n\t\t\t\t\t\t<\/span>\n\t\t<\/div>\n\t\t\t\t\t\t<\/div>\n\t\t\t\t<div class=\"elementor-element elementor-element-1ccf180 elementor-widget elementor-widget-text-editor\" data-id=\"1ccf180\" data-element_type=\"widget\" data-e-type=\"widget\" data-widget_type=\"text-editor.default\">\n\t\t\t\t\t\t\t\t\t<p>Reserveer hier je tafel in <strong>het Wirtshaus zum S\u00e4gewerk<\/strong>. Selecteer gewoon de datum, de tijd en het aantal personen &#8211; we kijken ernaar uit je te mogen verwelkomen in de molen. <\/p><p> <\/p><p><a id=\"133\" href=\"https:\/\/www.muehlebirgel.de\/nl\/eifel-restaurant\" type=\"page\">Een overzicht van de openingstijden en de menu&#8217;s vind je hier.<\/a><\/p><p> <\/p><p><strong>Geen tafel beschikbaar?<\/strong>  Bel ons dan, we helpen je graag. Je kunt ons bereiken op <\/p><p><a id=\"tel:+49659792820\" href=\"tel:+49659792820\" type=\"tel\">+49 6597 92820<\/a><\/p><p><\/p>\t\t\t\t\t\t\t\t<\/div>\n\t\t\t\t<div class=\"elementor-element elementor-element-bb8c767 elementor-hidden-tablet elementor-hidden-mobile elementor-widget elementor-widget-image\" data-id=\"bb8c767\" data-element_type=\"widget\" data-e-type=\"widget\" data-widget_type=\"image.default\">\n\t\t\t\t\t\t\t\t\t\t\t\t\t\t\t<img fetchpriority=\"high\" decoding=\"async\" width=\"800\" height=\"534\" src=\"https:\/\/www.muehlebirgel.de\/wp-content\/uploads\/Wirtshaus-innen-1-1024x683.webp\" class=\"attachment-large size-large wp-image-57406\" alt=\"\" srcset=\"https:\/\/www.muehlebirgel.de\/wp-content\/uploads\/Wirtshaus-innen-1-1024x683.webp 1024w, https:\/\/www.muehlebirgel.de\/wp-content\/uploads\/Wirtshaus-innen-1-300x200.webp 300w, https:\/\/www.muehlebirgel.de\/wp-content\/uploads\/Wirtshaus-innen-1-768x512.webp 768w, https:\/\/www.muehlebirgel.de\/wp-content\/uploads\/Wirtshaus-innen-1-150x100.webp 150w, https:\/\/www.muehlebirgel.de\/wp-content\/uploads\/Wirtshaus-innen-1-640x427.webp 640w, https:\/\/www.muehlebirgel.de\/wp-content\/uploads\/Wirtshaus-innen-1-400x267.webp 400w, https:\/\/www.muehlebirgel.de\/wp-content\/uploads\/Wirtshaus-innen-1.webp 1500w\" sizes=\"(max-width: 800px) 100vw, 800px\" \/>\t\t\t\t\t\t\t\t\t\t\t\t\t\t\t<\/div>\n\t\t\t\t<\/div>\n\t\t<div class=\"elementor-element elementor-element-78c42d2 e-con-full e-flex e-con e-child\" data-id=\"78c42d2\" data-element_type=\"container\" data-e-type=\"container\">\n\t\t\t\t<div class=\"elementor-element elementor-element-db5358e elementor-widget elementor-widget-html\" data-id=\"db5358e\" data-element_type=\"widget\" data-e-type=\"widget\" data-widget_type=\"html.default\">\n\t\t\t\t\t<iframe id=\"atavolo-web\" style=\"border: 0; overflow: hidden;\" src=\"https:\/\/login.atavolo.com\/web.php?l=8d9fc2308c8f28d2a7d2f6f48801c705&r=1\" name=\"atavolo-web\" width=\"100%\" height=\"614px\" frameborder=\"0\"><\/iframe>\t\t\t\t<\/div>\n\t\t\t\t<\/div>\n\t\t\t\t\t<\/div>\n\t\t\t\t<\/div>\n\t\t\t\t<\/div>\n\t\t","protected":false},"excerpt":{"rendered":"<p>Tafelreservering Wirtshaus zum S\u00e4gewerk Reserveer hier je tafel in het Wirtshaus zum S\u00e4gewerk. Selecteer gewoon de datum, de tijd en het aantal personen &#8211; we kijken ernaar uit je te mogen verwelkomen in de molen. Een overzicht van de openingstijden en de menu&#8217;s vind je hier. Geen tafel beschikbaar? Bel ons dan, we helpen je [&hellip;]<\/p>\n","protected":false},"author":8,"featured_media":0,"parent":0,"menu_order":0,"comment_status":"closed","ping_status":"closed","template":"","meta":{"footnotes":""},"categories":[],"class_list":["post-67932","page","type-page","status-publish","hentry"],"yoast_head":"<!-- This site is optimized with the Yoast SEO plugin v27.4 - https:\/\/yoast.com\/product\/yoast-seo-wordpress\/ -->\n<title>Tafelreservering Wirtshaus zum S\u00e4gewerk - Birgel Watermolen<\/title>\n<meta name=\"description\" content=\"Reserveer een tafel voor het Wirtshaus zum S\u00e4gewerk in de Historische Wasserm\u00fchle Birgel eenvoudig online.\" \/>\n<meta name=\"robots\" content=\"noindex, follow, max-snippet:-1, max-image-preview:large, max-video-preview:-1\" \/>\n<meta property=\"og:locale\" content=\"nl_NL\" \/>\n<meta property=\"og:type\" content=\"article\" \/>\n<meta property=\"og:title\" content=\"Tafelreservering Wirtshaus zum S\u00e4gewerk - Birgel Watermolen\" \/>\n<meta property=\"og:description\" content=\"Reserveer een tafel voor het Wirtshaus zum S\u00e4gewerk in de Historische Wasserm\u00fchle Birgel eenvoudig online.\" \/>\n<meta property=\"og:url\" content=\"https:\/\/www.muehlebirgel.de\/nl\/tischreservierung\/\" \/>\n<meta property=\"og:site_name\" content=\"Historische Wasserm\u00fchle Birgel\" \/>\n<meta property=\"og:image\" content=\"https:\/\/www.muehlebirgel.de\/wp-content\/uploads\/Wirtshaus-innen-1-1024x683.webp\" \/>\n<meta name=\"twitter:card\" content=\"summary_large_image\" \/>\n<script type=\"application\/ld+json\" class=\"yoast-schema-graph\">{\"@context\":\"https:\\\/\\\/schema.org\",\"@graph\":[{\"@type\":\"WebPage\",\"@id\":\"https:\\\/\\\/www.muehlebirgel.de\\\/nl\\\/tischreservierung\\\/\",\"url\":\"https:\\\/\\\/www.muehlebirgel.de\\\/nl\\\/tischreservierung\\\/\",\"name\":\"Tafelreservering Wirtshaus zum S\u00e4gewerk - Birgel Watermolen\",\"isPartOf\":{\"@id\":\"https:\\\/\\\/www.muehlebirgel.de\\\/nl\\\/#website\"},\"primaryImageOfPage\":{\"@id\":\"https:\\\/\\\/www.muehlebirgel.de\\\/nl\\\/tischreservierung\\\/#primaryimage\"},\"image\":{\"@id\":\"https:\\\/\\\/www.muehlebirgel.de\\\/nl\\\/tischreservierung\\\/#primaryimage\"},\"thumbnailUrl\":\"https:\\\/\\\/www.muehlebirgel.de\\\/wp-content\\\/uploads\\\/Wirtshaus-innen-1-1024x683.webp\",\"datePublished\":\"2026-05-07T15:32:51+00:00\",\"description\":\"Reserveer een tafel voor het Wirtshaus zum S\u00e4gewerk in de Historische Wasserm\u00fchle Birgel eenvoudig online.\",\"breadcrumb\":{\"@id\":\"https:\\\/\\\/www.muehlebirgel.de\\\/nl\\\/tischreservierung\\\/#breadcrumb\"},\"inLanguage\":\"nl-NL\",\"potentialAction\":[{\"@type\":\"ReadAction\",\"target\":[\"https:\\\/\\\/www.muehlebirgel.de\\\/nl\\\/tischreservierung\\\/\"]}]},{\"@type\":\"ImageObject\",\"inLanguage\":\"nl-NL\",\"@id\":\"https:\\\/\\\/www.muehlebirgel.de\\\/nl\\\/tischreservierung\\\/#primaryimage\",\"url\":\"https:\\\/\\\/www.muehlebirgel.de\\\/wp-content\\\/uploads\\\/Wirtshaus-innen-1-1024x683.webp\",\"contentUrl\":\"https:\\\/\\\/www.muehlebirgel.de\\\/wp-content\\\/uploads\\\/Wirtshaus-innen-1-1024x683.webp\"},{\"@type\":\"BreadcrumbList\",\"@id\":\"https:\\\/\\\/www.muehlebirgel.de\\\/nl\\\/tischreservierung\\\/#breadcrumb\",\"itemListElement\":[{\"@type\":\"ListItem\",\"position\":1,\"name\":\"Startseite\",\"item\":\"https:\\\/\\\/www.muehlebirgel.de\\\/nl\\\/\"},{\"@type\":\"ListItem\",\"position\":2,\"name\":\"Tafelreservering\"}]},{\"@type\":\"WebSite\",\"@id\":\"https:\\\/\\\/www.muehlebirgel.de\\\/nl\\\/#website\",\"url\":\"https:\\\/\\\/www.muehlebirgel.de\\\/nl\\\/\",\"name\":\"Historische Wasserm\u00fchle Birgel\",\"description\":\"Willkommen im M\u00fchlen-Erlebniszentrum\",\"publisher\":{\"@id\":\"https:\\\/\\\/www.muehlebirgel.de\\\/nl\\\/#organization\"},\"potentialAction\":[{\"@type\":\"SearchAction\",\"target\":{\"@type\":\"EntryPoint\",\"urlTemplate\":\"https:\\\/\\\/www.muehlebirgel.de\\\/nl\\\/?s={search_term_string}\"},\"query-input\":{\"@type\":\"PropertyValueSpecification\",\"valueRequired\":true,\"valueName\":\"search_term_string\"}}],\"inLanguage\":\"nl-NL\"},{\"@type\":\"Organization\",\"@id\":\"https:\\\/\\\/www.muehlebirgel.de\\\/nl\\\/#organization\",\"name\":\"Historische Wasserm\u00fchle Birgel\",\"url\":\"https:\\\/\\\/www.muehlebirgel.de\\\/nl\\\/\",\"logo\":{\"@type\":\"ImageObject\",\"inLanguage\":\"nl-NL\",\"@id\":\"https:\\\/\\\/www.muehlebirgel.de\\\/nl\\\/#\\\/schema\\\/logo\\\/image\\\/\",\"url\":\"https:\\\/\\\/www.muehlebirgel.de\\\/wp-content\\\/uploads\\\/logo-muehle-schwarz.webp\",\"contentUrl\":\"https:\\\/\\\/www.muehlebirgel.de\\\/wp-content\\\/uploads\\\/logo-muehle-schwarz.webp\",\"width\":2140,\"height\":1803,\"caption\":\"Historische Wasserm\u00fchle Birgel\"},\"image\":{\"@id\":\"https:\\\/\\\/www.muehlebirgel.de\\\/nl\\\/#\\\/schema\\\/logo\\\/image\\\/\"}}]}<\/script>\n<!-- \/ Yoast SEO plugin. -->","yoast_head_json":{"title":"Tafelreservering Wirtshaus zum S\u00e4gewerk - Birgel Watermolen","description":"Reserveer een tafel voor het Wirtshaus zum S\u00e4gewerk in de Historische Wasserm\u00fchle Birgel eenvoudig online.","robots":{"index":"noindex","follow":"follow","max-snippet":"max-snippet:-1","max-image-preview":"max-image-preview:large","max-video-preview":"max-video-preview:-1"},"og_locale":"nl_NL","og_type":"article","og_title":"Tafelreservering Wirtshaus zum S\u00e4gewerk - Birgel Watermolen","og_description":"Reserveer een tafel voor het Wirtshaus zum S\u00e4gewerk in de Historische Wasserm\u00fchle Birgel eenvoudig online.","og_url":"https:\/\/www.muehlebirgel.de\/nl\/tischreservierung\/","og_site_name":"Historische Wasserm\u00fchle Birgel","og_image":[{"url":"https:\/\/www.muehlebirgel.de\/wp-content\/uploads\/Wirtshaus-innen-1-1024x683.webp","type":"","width":"","height":""}],"twitter_card":"summary_large_image","schema":{"@context":"https:\/\/schema.org","@graph":[{"@type":"WebPage","@id":"https:\/\/www.muehlebirgel.de\/nl\/tischreservierung\/","url":"https:\/\/www.muehlebirgel.de\/nl\/tischreservierung\/","name":"Tafelreservering Wirtshaus zum S\u00e4gewerk - Birgel Watermolen","isPartOf":{"@id":"https:\/\/www.muehlebirgel.de\/nl\/#website"},"primaryImageOfPage":{"@id":"https:\/\/www.muehlebirgel.de\/nl\/tischreservierung\/#primaryimage"},"image":{"@id":"https:\/\/www.muehlebirgel.de\/nl\/tischreservierung\/#primaryimage"},"thumbnailUrl":"https:\/\/www.muehlebirgel.de\/wp-content\/uploads\/Wirtshaus-innen-1-1024x683.webp","datePublished":"2026-05-07T15:32:51+00:00","description":"Reserveer een tafel voor het Wirtshaus zum S\u00e4gewerk in de Historische Wasserm\u00fchle Birgel eenvoudig online.","breadcrumb":{"@id":"https:\/\/www.muehlebirgel.de\/nl\/tischreservierung\/#breadcrumb"},"inLanguage":"nl-NL","potentialAction":[{"@type":"ReadAction","target":["https:\/\/www.muehlebirgel.de\/nl\/tischreservierung\/"]}]},{"@type":"ImageObject","inLanguage":"nl-NL","@id":"https:\/\/www.muehlebirgel.de\/nl\/tischreservierung\/#primaryimage","url":"https:\/\/www.muehlebirgel.de\/wp-content\/uploads\/Wirtshaus-innen-1-1024x683.webp","contentUrl":"https:\/\/www.muehlebirgel.de\/wp-content\/uploads\/Wirtshaus-innen-1-1024x683.webp"},{"@type":"BreadcrumbList","@id":"https:\/\/www.muehlebirgel.de\/nl\/tischreservierung\/#breadcrumb","itemListElement":[{"@type":"ListItem","position":1,"name":"Startseite","item":"https:\/\/www.muehlebirgel.de\/nl\/"},{"@type":"ListItem","position":2,"name":"Tafelreservering"}]},{"@type":"WebSite","@id":"https:\/\/www.muehlebirgel.de\/nl\/#website","url":"https:\/\/www.muehlebirgel.de\/nl\/","name":"Historische Wasserm\u00fchle Birgel","description":"Willkommen im M\u00fchlen-Erlebniszentrum","publisher":{"@id":"https:\/\/www.muehlebirgel.de\/nl\/#organization"},"potentialAction":[{"@type":"SearchAction","target":{"@type":"EntryPoint","urlTemplate":"https:\/\/www.muehlebirgel.de\/nl\/?s={search_term_string}"},"query-input":{"@type":"PropertyValueSpecification","valueRequired":true,"valueName":"search_term_string"}}],"inLanguage":"nl-NL"},{"@type":"Organization","@id":"https:\/\/www.muehlebirgel.de\/nl\/#organization","name":"Historische Wasserm\u00fchle Birgel","url":"https:\/\/www.muehlebirgel.de\/nl\/","logo":{"@type":"ImageObject","inLanguage":"nl-NL","@id":"https:\/\/www.muehlebirgel.de\/nl\/#\/schema\/logo\/image\/","url":"https:\/\/www.muehlebirgel.de\/wp-content\/uploads\/logo-muehle-schwarz.webp","contentUrl":"https:\/\/www.muehlebirgel.de\/wp-content\/uploads\/logo-muehle-schwarz.webp","width":2140,"height":1803,"caption":"Historische Wasserm\u00fchle Birgel"},"image":{"@id":"https:\/\/www.muehlebirgel.de\/nl\/#\/schema\/logo\/image\/"}}]}},"_links":{"self":[{"href":"https:\/\/www.muehlebirgel.de\/nl\/wp-json\/wp\/v2\/pages\/67932","targetHints":{"allow":["GET"]}}],"collection":[{"href":"https:\/\/www.muehlebirgel.de\/nl\/wp-json\/wp\/v2\/pages"}],"about":[{"href":"https:\/\/www.muehlebirgel.de\/nl\/wp-json\/wp\/v2\/types\/page"}],"author":[{"embeddable":true,"href":"https:\/\/www.muehlebirgel.de\/nl\/wp-json\/wp\/v2\/users\/8"}],"replies":[{"embeddable":true,"href":"https:\/\/www.muehlebirgel.de\/nl\/wp-json\/wp\/v2\/comments?post=67932"}],"version-history":[{"count":1,"href":"https:\/\/www.muehlebirgel.de\/nl\/wp-json\/wp\/v2\/pages\/67932\/revisions"}],"predecessor-version":[{"id":67935,"href":"https:\/\/www.muehlebirgel.de\/nl\/wp-json\/wp\/v2\/pages\/67932\/revisions\/67935"}],"wp:attachment":[{"href":"https:\/\/www.muehlebirgel.de\/nl\/wp-json\/wp\/v2\/media?parent=67932"}],"wp:term":[{"taxonomy":"category","embeddable":true,"href":"https:\/\/www.muehlebirgel.de\/nl\/wp-json\/wp\/v2\/categories?post=67932"}],"curies":[{"name":"wp","href":"https:\/\/api.w.org\/{rel}","templated":true}]}}