{"id":9734,"date":"2021-12-10T14:57:37","date_gmt":"2021-12-10T14:57:37","guid":{"rendered":"https:\/\/www.muehlebirgel.de\/over-de-historische-watermolen\/muehlen-baeckerei\/"},"modified":"2023-03-28T13:34:57","modified_gmt":"2023-03-28T12:34:57","slug":"muehlen-baeckerei","status":"publish","type":"page","link":"https:\/\/www.muehlebirgel.de\/nl\/muehlen-baeckerei","title":{"rendered":"M\u00fchlen-B\u00e4ckerei"},"content":{"rendered":"<p><img loading=\"lazy\" decoding=\"async\" class=\"artikelbild size-full wp-image-53 alignleft\" src=\"https:\/\/www.muehlebirgel.de\/wp-content\/uploads\/2009\/04\/Backhaus.jpg\" alt=\"\" width=\"300\" height=\"200\"><\/p>\n<h2>oorsprong<\/h2>\n<p>Het huis van de molenbakkerij komt uit Bodenbach in het Westerwald en is gebouwd in 1659. Daar werd het door hoofdmolenaar Erwin en zijn freesteam ontmanteld om het vervolgens in Birgel 1:1 weer op te bouwen. Dit was het eerste historische gebouw dat werd toegevoegd aan de bestaande <a href=\"https:\/\/www.muehlebirgel.de\/getreidemuehle.html\">meelfabriek<\/a> op het reeds meer dan 700 jaar oude <a href=\"https:\/\/www.muehlebirgel.de\/historische-muehle.html\">molenterrein<\/a>.<\/p>\n<p>In de houtgestookte bakkerij staan twee oude ovens die alleen met hout gestookt worden.<\/p>\n<hr>\n<p><img loading=\"lazy\" decoding=\"async\" class=\"artikelbild size-full wp-image-204 alignleft\" src=\"https:\/\/www.muehlebirgel.de\/wp-content\/uploads\/2009\/04\/UNBENANNT_31.jpg\" alt=\"\" width=\"300\" height=\"204\"><\/p>\n<h2>Brood maken<\/h2>\n<p>We bakken een natuurlijk zuurdesembrood volgens oma&#8217;s recept. Natuurlijk zuurdesem wordt door onze molenbakker zelf bereid en zeven dagen gekweekt. Vervolgens wordt de methode gebruikt om het afgewerkte deeg, bestaande uit 70% tarwe- of speltmeel en 30% zuurdesem (roggemeel) tot een brood te kneden. De speciale smaak komt van het zuurdesem, maar niet in de laatste plaats ook van de houtoven. Een populair product in Duitse molens.<\/p>\n<p>Leer meer over de <a href=\"https:\/\/www.muehlebirgel.de\/historische-muehle.html\">historische watermolen<\/a> &#8230;<\/p>\n<hr>\n<p><img loading=\"lazy\" decoding=\"async\" class=\" size-full wp-image-205\" src=\"https:\/\/www.muehlebirgel.de\/wp-content\/uploads\/2009\/04\/kinder_backen.jpg\" alt=\"\" width=\"300\" height=\"200\"><\/p>\n<p><img loading=\"lazy\" decoding=\"async\" class=\" size-full wp-image-115\" src=\"https:\/\/www.muehlebirgel.de\/wp-content\/uploads\/2009\/04\/Plaetzchen-backen.jpg\" alt=\"\" width=\"300\" height=\"200\"><\/p>\n<p><img loading=\"lazy\" decoding=\"async\" class=\" size-full wp-image-206\" src=\"https:\/\/www.muehlebirgel.de\/wp-content\/uploads\/2009\/04\/Brot.gif\" alt=\"\" width=\"300\" height=\"300\"><\/p>\n<p><img loading=\"lazy\" decoding=\"async\" class=\" size-full wp-image-98\" src=\"https:\/\/www.muehlebirgel.de\/wp-content\/uploads\/2009\/04\/UNBENANNT_90.jpg\" alt=\"\" width=\"300\" height=\"200\"><\/p>\n<p><img loading=\"lazy\" decoding=\"async\" class=\" size-full wp-image-207\" src=\"https:\/\/www.muehlebirgel.de\/wp-content\/uploads\/2009\/04\/UNBENANNT_52.jpg\" alt=\"\" width=\"300\" height=\"200\"><\/p>\n<p><img loading=\"lazy\" decoding=\"async\" class=\" size-full wp-image-208\" src=\"https:\/\/www.muehlebirgel.de\/wp-content\/uploads\/2009\/04\/UNBENANNT_87.jpg\" alt=\"\" width=\"300\" height=\"200\"><\/p>\n","protected":false},"excerpt":{"rendered":"<p>oorsprong Het huis van de molenbakkerij komt uit Bodenbach in het Westerwald en is gebouwd in 1659. Daar werd het door hoofdmolenaar Erwin en zijn freesteam ontmanteld om het vervolgens in Birgel 1:1 weer op te bouwen. Dit was het eerste historische gebouw dat werd toegevoegd aan de bestaande meelfabriek op het reeds meer dan [&hellip;]<\/p>\n","protected":false},"author":1,"featured_media":0,"parent":9663,"menu_order":6,"comment_status":"closed","ping_status":"closed","template":"","meta":{"footnotes":""},"class_list":["post-9734","page","type-page","status-publish","hentry"],"yoast_head":"<!-- This site is optimized with the Yoast SEO plugin v27.2 - https:\/\/yoast.com\/product\/yoast-seo-wordpress\/ -->\n<title>M\u00fchlen-B\u00e4ckerei - Historische Wasserm\u00fchle Birgel<\/title>\n<meta name=\"robots\" content=\"index, follow, max-snippet:-1, max-image-preview:large, max-video-preview:-1\" \/>\n<link rel=\"canonical\" href=\"https:\/\/www.muehlebirgel.de\/nl\/muehlen-baeckerei\" \/>\n<meta property=\"og:locale\" content=\"nl_NL\" \/>\n<meta property=\"og:type\" content=\"article\" \/>\n<meta property=\"og:title\" content=\"M\u00fchlen-B\u00e4ckerei - Historische Wasserm\u00fchle Birgel\" \/>\n<meta property=\"og:description\" content=\"oorsprong Het huis van de molenbakkerij komt uit Bodenbach in het Westerwald en is gebouwd in 1659. Daar werd het door hoofdmolenaar Erwin en zijn freesteam ontmanteld om het vervolgens in Birgel 1:1 weer op te bouwen. Dit was het eerste historische gebouw dat werd toegevoegd aan de bestaande meelfabriek op het reeds meer dan [&hellip;]\" \/>\n<meta property=\"og:url\" content=\"https:\/\/www.muehlebirgel.de\/nl\/muehlen-baeckerei\/\" \/>\n<meta property=\"og:site_name\" content=\"Historische Wasserm\u00fchle Birgel\" \/>\n<meta property=\"article:modified_time\" content=\"2023-03-28T12:34:57+00:00\" \/>\n<meta property=\"og:image\" content=\"https:\/\/www.muehlebirgel.de\/wp-content\/uploads\/2009\/04\/Backhaus.jpg\" \/>\n<meta name=\"twitter:card\" content=\"summary_large_image\" \/>\n<meta name=\"twitter:label1\" content=\"Geschatte leestijd\" \/>\n\t<meta name=\"twitter:data1\" content=\"1 minuut\" \/>\n<script type=\"application\/ld+json\" class=\"yoast-schema-graph\">{\"@context\":\"https:\/\/schema.org\",\"@graph\":[{\"@type\":\"WebPage\",\"@id\":\"https:\/\/www.muehlebirgel.de\/nl\/muehlen-baeckerei\",\"url\":\"https:\/\/www.muehlebirgel.de\/nl\/muehlen-baeckerei\",\"name\":\"M\u00fchlen-B\u00e4ckerei - Historische Wasserm\u00fchle Birgel\",\"isPartOf\":{\"@id\":\"https:\/\/www.muehlebirgel.de\/nl\/#website\"},\"primaryImageOfPage\":{\"@id\":\"https:\/\/www.muehlebirgel.de\/nl\/muehlen-baeckerei#primaryimage\"},\"image\":{\"@id\":\"https:\/\/www.muehlebirgel.de\/nl\/muehlen-baeckerei#primaryimage\"},\"thumbnailUrl\":\"https:\/\/www.muehlebirgel.de\/wp-content\/uploads\/2009\/04\/Backhaus.jpg\",\"datePublished\":\"2021-12-10T14:57:37+00:00\",\"dateModified\":\"2023-03-28T12:34:57+00:00\",\"breadcrumb\":{\"@id\":\"https:\/\/www.muehlebirgel.de\/nl\/muehlen-baeckerei#breadcrumb\"},\"inLanguage\":\"nl-NL\",\"potentialAction\":[{\"@type\":\"ReadAction\",\"target\":[\"https:\/\/www.muehlebirgel.de\/nl\/muehlen-baeckerei\"]}]},{\"@type\":\"ImageObject\",\"inLanguage\":\"nl-NL\",\"@id\":\"https:\/\/www.muehlebirgel.de\/nl\/muehlen-baeckerei#primaryimage\",\"url\":\"https:\/\/www.muehlebirgel.de\/wp-content\/uploads\/2009\/04\/Backhaus.jpg\",\"contentUrl\":\"https:\/\/www.muehlebirgel.de\/wp-content\/uploads\/2009\/04\/Backhaus.jpg\"},{\"@type\":\"BreadcrumbList\",\"@id\":\"https:\/\/www.muehlebirgel.de\/nl\/muehlen-baeckerei#breadcrumb\",\"itemListElement\":[{\"@type\":\"ListItem\",\"position\":1,\"name\":\"Startseite\",\"item\":\"https:\/\/www.muehlebirgel.de\/nl\"},{\"@type\":\"ListItem\",\"position\":2,\"name\":\"Over de historische watermolen\",\"item\":\"https:\/\/www.muehlebirgel.de\/nl\/molen\"},{\"@type\":\"ListItem\",\"position\":3,\"name\":\"M\u00fchlen-B\u00e4ckerei\"}]},{\"@type\":\"WebSite\",\"@id\":\"https:\/\/www.muehlebirgel.de\/nl\/#website\",\"url\":\"https:\/\/www.muehlebirgel.de\/nl\/\",\"name\":\"Historische Wasserm\u00fchle Birgel\",\"description\":\"Willkommen im M\u00fchlen-Erlebniszentrum\",\"potentialAction\":[{\"@type\":\"SearchAction\",\"target\":{\"@type\":\"EntryPoint\",\"urlTemplate\":\"https:\/\/www.muehlebirgel.de\/nl\/?s={search_term_string}\"},\"query-input\":{\"@type\":\"PropertyValueSpecification\",\"valueRequired\":true,\"valueName\":\"search_term_string\"}}],\"inLanguage\":\"nl-NL\"}]}<\/script>\n<!-- \/ Yoast SEO plugin. -->","yoast_head_json":{"title":"M\u00fchlen-B\u00e4ckerei - Historische Wasserm\u00fchle Birgel","robots":{"index":"index","follow":"follow","max-snippet":"max-snippet:-1","max-image-preview":"max-image-preview:large","max-video-preview":"max-video-preview:-1"},"canonical":"https:\/\/www.muehlebirgel.de\/nl\/muehlen-baeckerei","og_locale":"nl_NL","og_type":"article","og_title":"M\u00fchlen-B\u00e4ckerei - Historische Wasserm\u00fchle Birgel","og_description":"oorsprong Het huis van de molenbakkerij komt uit Bodenbach in het Westerwald en is gebouwd in 1659. Daar werd het door hoofdmolenaar Erwin en zijn freesteam ontmanteld om het vervolgens in Birgel 1:1 weer op te bouwen. Dit was het eerste historische gebouw dat werd toegevoegd aan de bestaande meelfabriek op het reeds meer dan [&hellip;]","og_url":"https:\/\/www.muehlebirgel.de\/nl\/muehlen-baeckerei\/","og_site_name":"Historische Wasserm\u00fchle Birgel","article_modified_time":"2023-03-28T12:34:57+00:00","og_image":[{"url":"https:\/\/www.muehlebirgel.de\/wp-content\/uploads\/2009\/04\/Backhaus.jpg","type":"","width":"","height":""}],"twitter_card":"summary_large_image","twitter_misc":{"Geschatte leestijd":"1 minuut"},"schema":{"@context":"https:\/\/schema.org","@graph":[{"@type":"WebPage","@id":"https:\/\/www.muehlebirgel.de\/nl\/muehlen-baeckerei","url":"https:\/\/www.muehlebirgel.de\/nl\/muehlen-baeckerei","name":"M\u00fchlen-B\u00e4ckerei - Historische Wasserm\u00fchle Birgel","isPartOf":{"@id":"https:\/\/www.muehlebirgel.de\/nl\/#website"},"primaryImageOfPage":{"@id":"https:\/\/www.muehlebirgel.de\/nl\/muehlen-baeckerei#primaryimage"},"image":{"@id":"https:\/\/www.muehlebirgel.de\/nl\/muehlen-baeckerei#primaryimage"},"thumbnailUrl":"https:\/\/www.muehlebirgel.de\/wp-content\/uploads\/2009\/04\/Backhaus.jpg","datePublished":"2021-12-10T14:57:37+00:00","dateModified":"2023-03-28T12:34:57+00:00","breadcrumb":{"@id":"https:\/\/www.muehlebirgel.de\/nl\/muehlen-baeckerei#breadcrumb"},"inLanguage":"nl-NL","potentialAction":[{"@type":"ReadAction","target":["https:\/\/www.muehlebirgel.de\/nl\/muehlen-baeckerei"]}]},{"@type":"ImageObject","inLanguage":"nl-NL","@id":"https:\/\/www.muehlebirgel.de\/nl\/muehlen-baeckerei#primaryimage","url":"https:\/\/www.muehlebirgel.de\/wp-content\/uploads\/2009\/04\/Backhaus.jpg","contentUrl":"https:\/\/www.muehlebirgel.de\/wp-content\/uploads\/2009\/04\/Backhaus.jpg"},{"@type":"BreadcrumbList","@id":"https:\/\/www.muehlebirgel.de\/nl\/muehlen-baeckerei#breadcrumb","itemListElement":[{"@type":"ListItem","position":1,"name":"Startseite","item":"https:\/\/www.muehlebirgel.de\/nl"},{"@type":"ListItem","position":2,"name":"Over de historische watermolen","item":"https:\/\/www.muehlebirgel.de\/nl\/molen"},{"@type":"ListItem","position":3,"name":"M\u00fchlen-B\u00e4ckerei"}]},{"@type":"WebSite","@id":"https:\/\/www.muehlebirgel.de\/nl\/#website","url":"https:\/\/www.muehlebirgel.de\/nl\/","name":"Historische Wasserm\u00fchle Birgel","description":"Willkommen im M\u00fchlen-Erlebniszentrum","potentialAction":[{"@type":"SearchAction","target":{"@type":"EntryPoint","urlTemplate":"https:\/\/www.muehlebirgel.de\/nl\/?s={search_term_string}"},"query-input":{"@type":"PropertyValueSpecification","valueRequired":true,"valueName":"search_term_string"}}],"inLanguage":"nl-NL"}]}},"_links":{"self":[{"href":"https:\/\/www.muehlebirgel.de\/nl\/wp-json\/wp\/v2\/pages\/9734","targetHints":{"allow":["GET"]}}],"collection":[{"href":"https:\/\/www.muehlebirgel.de\/nl\/wp-json\/wp\/v2\/pages"}],"about":[{"href":"https:\/\/www.muehlebirgel.de\/nl\/wp-json\/wp\/v2\/types\/page"}],"author":[{"embeddable":true,"href":"https:\/\/www.muehlebirgel.de\/nl\/wp-json\/wp\/v2\/users\/1"}],"replies":[{"embeddable":true,"href":"https:\/\/www.muehlebirgel.de\/nl\/wp-json\/wp\/v2\/comments?post=9734"}],"version-history":[{"count":1,"href":"https:\/\/www.muehlebirgel.de\/nl\/wp-json\/wp\/v2\/pages\/9734\/revisions"}],"predecessor-version":[{"id":25187,"href":"https:\/\/www.muehlebirgel.de\/nl\/wp-json\/wp\/v2\/pages\/9734\/revisions\/25187"}],"up":[{"embeddable":true,"href":"https:\/\/www.muehlebirgel.de\/nl\/wp-json\/wp\/v2\/pages\/9663"}],"wp:attachment":[{"href":"https:\/\/www.muehlebirgel.de\/nl\/wp-json\/wp\/v2\/media?parent=9734"}],"curies":[{"name":"wp","href":"https:\/\/api.w.org\/{rel}","templated":true}]}}