{"id":9761,"date":"2021-12-10T14:58:10","date_gmt":"2021-12-10T14:58:10","guid":{"rendered":"https:\/\/www.muehlebirgel.de\/romantisch-hotel-in-de-eifel-historische-birgel-watermolen\/paasarrangement-in-de-historische-watermolen\/"},"modified":"2026-02-03T08:41:48","modified_gmt":"2026-02-03T07:41:48","slug":"paas-arrangement-in-de-historische-watermolen","status":"publish","type":"page","link":"https:\/\/www.muehlebirgel.de\/nl\/paasarrangement-in-de-historische-watermolen","title":{"rendered":"Paasarrangement in de historische watermolen"},"content":{"rendered":"<div class=\"wpb-content-wrapper\"><p>[vc_row][vc_column][vc_column_text css=&#8221;&#8221; css_params=&#8221;&#8221;]<\/p>\n<h2>Romantisch paasarrangement in de Vulkaaneifel<\/h2>\n<p>[\/vc_column_text][\/vc_column][\/vc_row][vc_row content_placement=&#8221;middle&#8221; conditional_render=&#8221;%5B%7B%22value_role%22%3A%22administrator%22%7D%5D&#8221;][vc_column width=&#8221;1\/2&#8243; conditional_render=&#8221;%5B%7B%22value_role%22%3A%22administrator%22%7D%5D&#8221; css_params=&#8221;&#8221; el_class=&#8221;smaller-column&#8221; offset=&#8221;vc_col-xs-12&#8243;][vc_single_image image=&#8221;7247&#8243; img_size=&#8221;medium&#8221;][\/vc_column][vc_column width=&#8221;1\/2&#8243;][vc_column_text css=&#8221;&#8221; css_params=&#8221;&#8221;]<strong>Pure ontspanning! Beleef een romantische paasvakantie in het idyllische Birgel in de Vulkaaneifel met culinaire hoogstandjes.<\/strong><\/p>\n<p>Periode: 03.04.2026 &#8211; 06.04.2026[\/vc_column_text][\/vc_column][\/vc_row][vc_row content_placement=&#8221;middle&#8221; conditional_render=&#8221;%5B%7B%22value_role%22%3A%22administrator%22%7D%5D&#8221;][vc_column width=&#8221;1\/2&#8243; conditional_render=&#8221;%5B%7B%22value_role%22%3A%22administrator%22%7D%5D&#8221; css_params=&#8221;&#8221; el_class=&#8221;smaller-column&#8221;][vc_video link=&#8221;https:\/\/www.youtube.com\/watch?v=quzDtGCgcJk&#8221; css=&#8221;&#8221; css_params=&#8221;&#8221;][\/vc_column][vc_column width=&#8221;1\/2&#8243;][vc_column_text css=&#8221;&#8221; css_params=&#8221;&#8221;]<strong>Inbegrepen in de prijs:<\/strong><\/p>\n<ul>\n<li>3 x overnachting in een tweepersoonskamer, de historische vakwerksuite of vakantiewoning<\/li>\n<li>3 x uitgebreid ontbijtbuffet<\/li>\n<li>1 x 1 glas mousserende wijn bij het ontbijt<\/li>\n<li>1 x welkomstdrankje voor het diner<\/li>\n<li>3 x diner als 3-gangen keuzemenu of buffet<\/li>\n<li>1 x <a href=\"https:\/\/www.muehlebirgel.de\/technik-museum\">toegang tot ons technologiemuseum<\/a> (Heilige Zaterdag \/ 04\/04\/2026)<\/li>\n<li>1 x wandeling Hirschbergsattel incl. snack op de Bielenhofalm <\/li>\n<\/ul>\n<p>[\/vc_column_text][\/vc_column][\/vc_row][vc_row content_placement=&#8221;middle&#8221; conditional_render=&#8221;%5B%7B%22value_role%22%3A%22administrator%22%7D%5D&#8221;][vc_column width=&#8221;1\/2&#8243; el_class=&#8221;smaller-column&#8221; conditional_render=&#8221;%5B%7B%22value_role%22%3A%22administrator%22%7D%5D&#8221; css_params=&#8221;&#8221;][vc_single_image image=&#8221;7418&#8243; img_size=&#8221;medium&#8221;][\/vc_column][vc_column width=&#8221;1\/2&#8243;][vc_column_text css=&#8221;&#8221; css_params=&#8221;&#8221;]<strong>Prijs voor het arrangement:<\/strong><\/p>\n<ul>\n<li>Tweepersoonskamer in het M\u00fchlenhotel \u20ac 270,00 per persoon<\/li>\n<li>in een vakwerk- of vakantiewoning \u20ac 301,00 per persoon.<\/li>\n<\/ul>\n<p>De hotelbelasting van \u20ac 2,00 per persoon per nacht dient bij aankomst in het hotel te worden betaald.<br \/>Extra nachten op aanvraag![\/vc_column_text][\/vc_column][\/vc_row][vc_row el_class=&#8221;arrangement-contact-section&#8221; conditional_render=&#8221;%5B%7B%22value_role%22%3A%22administrator%22%7D%5D&#8221; css_params=&#8221;&#8221;][vc_column][vc_column_text css=&#8221;&#8221; css_params=&#8221;&#8221;]<\/p>\n<h2 class=\"wp-block-heading\">Stuur nu een gratis boekingsaanvraag!<\/h2>\n<p>[\/vc_column_text][vc_row_inner][vc_column_inner el_class=&#8221;arrangement-form-section&#8221; width=&#8221;1\/2&#8243; css_params=&#8221;&#8221;][vc_column_text css=&#8221;&#8221; css_params=&#8221;&#8221;]<\/p>\n<h3>Informeer vrijblijvend naar je gewenste periode<\/h3>\n<p>[\/vc_column_text][vc_column_text css=&#8221;&#8221; css_params=&#8221;&#8221;]\n<div class=\"wpcf7 no-js\" id=\"wpcf7-f32052-o1\" lang=\"nl-NL\" dir=\"ltr\" data-wpcf7-id=\"32052\">\n<div class=\"screen-reader-response\"><p role=\"status\" aria-live=\"polite\" aria-atomic=\"true\"><\/p> <ul><\/ul><\/div>\n<form action=\"\/nl\/wp-json\/wp\/v2\/pages\/9761#wpcf7-f32052-o1\" method=\"post\" class=\"wpcf7-form init\" aria-label=\"Contactformulier\" novalidate=\"novalidate\" data-status=\"init\">\n<fieldset class=\"hidden-fields-container\"><input type=\"hidden\" name=\"_wpcf7\" value=\"32052\" \/><input type=\"hidden\" name=\"_wpcf7_version\" value=\"6.1.5\" \/><input type=\"hidden\" name=\"_wpcf7_locale\" value=\"nl_NL\" \/><input type=\"hidden\" name=\"_wpcf7_unit_tag\" value=\"wpcf7-f32052-o1\" \/><input type=\"hidden\" name=\"_wpcf7_container_post\" value=\"0\" \/><input type=\"hidden\" name=\"_wpcf7_posted_data_hash\" value=\"\" \/><input type=\"hidden\" name=\"_wpcf7_recaptcha_response\" value=\"\" \/>\n<\/fieldset>\n<label> Uw naam (*)\n    <span class=\"wpcf7-form-control-wrap\" data-name=\"your-name\"><input size=\"40\" maxlength=\"400\" class=\"wpcf7-form-control wpcf7-text wpcf7-validates-as-required\" aria-required=\"true\" aria-invalid=\"false\" value=\"\" type=\"text\" name=\"your-name\" \/><\/span> <\/label>\n\n<label> E-mailadres (*)\n    <span class=\"wpcf7-form-control-wrap\" data-name=\"your-email\"><input size=\"40\" maxlength=\"400\" class=\"wpcf7-form-control wpcf7-email wpcf7-validates-as-required wpcf7-text wpcf7-validates-as-email\" aria-required=\"true\" aria-invalid=\"false\" value=\"\" type=\"email\" name=\"your-email\" \/><\/span> <\/label>\n\n<label>  Telefoon (*)\n<span class=\"wpcf7-form-control-wrap\" data-name=\"tel-telefon\"><input size=\"40\" maxlength=\"400\" class=\"wpcf7-form-control wpcf7-tel wpcf7-validates-as-required wpcf7-text wpcf7-validates-as-tel\" aria-required=\"true\" aria-invalid=\"false\" value=\"\" type=\"tel\" name=\"tel-telefon\" \/><\/span>\n<\/label>\n\n<label>  Aantal personen (*)\n<span class=\"wpcf7-form-control-wrap\" data-name=\"number-persons\"><input class=\"wpcf7-form-control wpcf7-number wpcf7-validates-as-required wpcf7-validates-as-number\" min=\"1\" max=\"100\" aria-required=\"true\" aria-invalid=\"false\" value=\"2\" type=\"number\" name=\"number-persons\" \/><\/span>\n<\/label>\n\n<label>  Gewenste aankomstdatum (*)\n    <span class=\"wpcf7-form-control-wrap\" data-name=\"date-anreise\"><input class=\"wpcf7-form-control wpcf7-date wpcf7-validates-as-required wpcf7-validates-as-date\" aria-required=\"true\" aria-invalid=\"false\" value=\"\" type=\"date\" name=\"date-anreise\" \/><\/span> <\/label>\n\n<label>  Gewenst aantal overnachtingen (*)\n<span class=\"wpcf7-form-control-wrap\" data-name=\"text-uebernachtungen\"><input size=\"40\" maxlength=\"400\" class=\"wpcf7-form-control wpcf7-text wpcf7-validates-as-required\" aria-required=\"true\" aria-invalid=\"false\" value=\"\" type=\"text\" name=\"text-uebernachtungen\" \/><\/span>\n<\/label>\n\n<label>  Uw bericht\/speciale verzoeken\n    <span class=\"wpcf7-form-control-wrap\" data-name=\"your-message\"><textarea cols=\"40\" rows=\"2\" maxlength=\"2000\" class=\"wpcf7-form-control wpcf7-textarea\" aria-invalid=\"false\" name=\"your-message\"><\/textarea><\/span> <\/label>\n\n\n<button data-service=\"google-recaptcha\" data-category=\"marketing\" class=\"cmplz-blocked-content-container cmplz-blocked-content-notice cmplz-accept-service cmplz-accept-marketing cmplz-wpforms\" style=\"text-align: left; cursor: pointer;margin-top:20px;background-color:transparent;border:none;color: var(--nv-primary-accent);font-weight: 500;font-size: 16px;text-wrap:wrap;box-shadow:none;\">  Accepteer de reCaptcha-cookies door op deze tekst te klikken, zodat u het formulier kunt verzenden.\n<\/button>\n\n<input class=\"wpcf7-form-control wpcf7-submit has-spinner\" type=\"submit\" value=\"Verzenden\" \/><div class=\"wpcf7-response-output\" aria-hidden=\"true\"><\/div>\n<\/form>\n<\/div>\n[\/vc_column_text][\/vc_column_inner][vc_column_inner width=&#8221;1\/2&#8243;][vc_column_text css=&#8221;&#8221; css_params=&#8221;&#8221;]<\/p>\n<h3>Vragen &amp; persoonlijk contact<\/h3>\n<p>[\/vc_column_text][vc_column_text css=&#8221;&#8221; css_params=&#8221;&#8221;]Hebben we je interesse gewekt?<\/p>\n<p>Stuur ons een e-mail via het contactformulier<br \/>of neem contact met ons op via:<\/p>\n<p>Telefoon: +49 6597 92820<br \/>Fax: +49 6597 9282-149 of<br \/>E-mail: <a href=\"mailto:info@muehlebirgel.de\">info@muehlebirgel.de<\/a><\/p>\n<p><img decoding=\"async\" src=\"https:\/\/www.muehlebirgel.de\/wp-content\/uploads\/2009\/12\/45.jpg\"><\/p>\n<div class=\"wp-block-columns arrangement-contact-section is-layout-flex wp-container-core-columns-is-layout-9d6595d7 wp-block-columns-is-layout-flex\">\n<div class=\"wp-block-column is-layout-flow wp-block-column-is-layout-flow\">\n<div class=\"wp-block-columns is-layout-flex wp-container-core-columns-is-layout-9d6595d7 wp-block-columns-is-layout-flex\">\n<div class=\"wp-block-column is-layout-flow wp-block-column-is-layout-flow\">\n<p><strong>We kijken uit naar je bericht!<\/strong><\/p>\n<\/div>\n<\/div>\n<\/div>\n<\/div>\n<p>[\/vc_column_text][\/vc_column_inner][\/vc_row_inner][\/vc_column][\/vc_row][vc_row][vc_column][vc_column_text]<\/p>\n<h2>Rondvlucht over de historische watermolen van Birgel<\/h2>\n<p>[\/vc_column_text][vc_video link=&#8221;https:\/\/www.youtube.com\/watch?v=aX79kTSf0N4&#8243;][vc_column_text]<\/p>\n<h2>Voorbeeld van programmavolgorde<\/h2>\n<p>[\/vc_column_text][\/vc_column][\/vc_row][vc_row content_placement=&#8221;middle&#8221; conditional_render=&#8221;%5B%7B%22value_role%22%3A%22administrator%22%7D%5D&#8221;][vc_column width=&#8221;1\/2&#8243;][vc_single_image image=&#8221;7391&#8243; img_size=&#8221;medium&#8221;][\/vc_column][vc_column width=&#8221;1\/2&#8243;][vc_column_text]<strong>Dag 1:<\/strong> Geniet bij aankomst van het prachtige landschap van de Eifel. Bij aankomst bij de molen zullen wij u vriendelijk begroeten, het proces aan u uitleggen en u persoonlijk naar uw kamer begeleiden.U overnacht in een kamer van ca. s Avonds wacht u in het &#8220;Wirtshaus zum S\u00e4gewerk&#8221; een welkomstdrankje uit onze eigen distilleerderij. Daarna verwent onze chef u met een 3-gangen menu\/buffet.[\/vc_column_text][\/vc_column][\/vc_row][vc_row content_placement=&#8221;middle&#8221; conditional_render=&#8221;%5B%7B%22value_role%22%3A%22administrator%22%7D%5D&#8221;][vc_column width=&#8221;1\/2&#8243;][vc_column_text css=&#8221;&#8221; css_params=&#8221;&#8221;]<strong>2. Tag:<\/strong> Der Tag beginnt mit einem reichhaltigen Fr\u00fchst\u00fccksb\u00fcffet. Unser selbstgebackenes Brot, Wurst, K\u00e4se, Marmelade, Eierspeisen, Joghurt, Quark und M\u00fcsli werden Ihnen die n\u00f6tige Vitalit\u00e4t und Kraft f\u00fcr den ganzen Tag geben. Erleben Sie unser <a href=\"https:\/\/www.muehlebirgel.de\/technik-museum\">einzigartiges Technik-Museum<\/a> (Karsamstag 04.04.2026) . Nutzen Sie den Nachmittag, um die Umgebung von Birgel zu Fu\u00df zu erkunden. Am Abend werden Sie wieder mit einem 3 Gang-Men\u00fc\/Buffet verw\u00f6hnt.[\/vc_column_text][\/vc_column][vc_column width=&#8221;1\/2&#8243;][vc_single_image image=&#8221;7442&#8243; img_size=&#8221;medium&#8221;][\/vc_column][\/vc_row][vc_row content_placement=&#8221;middle&#8221; conditional_render=&#8221;%5B%7B%22value_role%22%3A%22administrator%22%7D%5D&#8221;][vc_column width=&#8221;1\/2&#8243;][vc_single_image image=&#8221;7079&#8243; img_size=&#8221;medium&#8221;][\/vc_column][vc_column width=&#8221;1\/2&#8243;][vc_column_text css=&#8221;&#8221; css_params=&#8221;&#8221;]<\/p>\n<div id=\"main\" class=\"column1 boxed\">\n<div class=\"container\">\n<div class=\"row main-content-wrap\">\n<div class=\"main-content col-lg-12\">\n<div id=\"content\" role=\"main\">\n<article class=\"post-192 page type-page status-publish hentry\">\n<div class=\"page-content\">\n<p><strong>Dag<\/strong> <strong>3 <\/strong>: Na een ontspannen start van de dag en een stevig ontbijt wacht onze wandeling naar Hirschbergsattel. Geniet onderweg en ter plaatse van de schilderachtige landschappen van de Eifel. Hier wordt een snack geserveerd voor een culinaire verfrissing. Daarna maken we een ontspannen wandeling terug naar de molen, waar je de rest van de dag kunt doorbrengen zoals je zelf wilt. s Avonds nodigen we je uit om te genieten van ons heerlijke 3-gangen menu naar keuze of buffet.    <\/p>\n<\/div>\n<\/article>\n<\/div>\n<\/div>\n<\/div>\n<\/div>\n<\/div>\n<p>[\/vc_column_text][\/vc_column][\/vc_row][vc_row content_placement=&#8221;middle&#8221; conditional_render=&#8221;%5B%7B%22value_role%22%3A%22administrator%22%7D%5D&#8221;][vc_column width=&#8221;1\/2&#8243;][vc_column_text css=&#8221;&#8221; css_params=&#8221;&#8221;]<\/p>\n<div id=\"main\" class=\"column1 boxed\">\n<div class=\"container\">\n<div class=\"row main-content-wrap\">\n<div class=\"main-content col-lg-12\">\n<div id=\"content\" role=\"main\">\n<article class=\"post-192 page type-page status-publish hentry\">\n<div class=\"page-content\">\n<p><strong>Dag<\/strong> <strong>4 <\/strong><strong>:<\/strong> Het laatste ontbijt wordt genuttigd. Na het ontbijt kunt u in onze molenwinkel al het lekkers kopen dat u heeft geproefd en zich daarna verheugen op een veilige reis naar huis.<\/p>\n<p>Wij verheugen ons op uw aanvraag onder Tel.: 06597\/92820 of via ons <a href=\"https:\/\/www.muehlebirgel.de\/kontaktformular.html\">contactformulier<\/a> !<\/p>\n<\/div>\n<\/article>\n<\/div>\n<\/div>\n<\/div>\n<\/div>\n<\/div>\n<p>[\/vc_column_text][\/vc_column][vc_column width=&#8221;1\/2&#8243;][vc_single_image image=&#8221;15173&#8243; img_size=&#8221;medium&#8221; css=&#8221;&#8221; css_params=&#8221;&#8221;][\/vc_column][\/vc_row]<\/p>\n<\/div>","protected":false},"excerpt":{"rendered":"<p>[vc_row][vc_column][vc_column_text css=&#8221;&#8221; css_params=&#8221;&#8221;] Romantisch paasarrangement in de Vulkaaneifel [\/vc_column_text][\/vc_column][\/vc_row][vc_row content_placement=&#8221;middle&#8221; conditional_render=&#8221;%5B%7B%22value_role%22%3A%22administrator%22%7D%5D&#8221;][vc_column width=&#8221;1\/2&#8243; conditional_render=&#8221;%5B%7B%22value_role%22%3A%22administrator%22%7D%5D&#8221; css_params=&#8221;&#8221; el_class=&#8221;smaller-column&#8221; offset=&#8221;vc_col-xs-12&#8243;][vc_single_image image=&#8221;7247&#8243; img_size=&#8221;medium&#8221;][\/vc_column][vc_column width=&#8221;1\/2&#8243;][vc_column_text css=&#8221;&#8221; css_params=&#8221;&#8221;]Pure ontspanning! Beleef een romantische paasvakantie in het idyllische Birgel in de Vulkaaneifel met culinaire hoogstandjes. Periode: 03.04.2026 &#8211; 06.04.2026[\/vc_column_text][\/vc_column][\/vc_row][vc_row content_placement=&#8221;middle&#8221; conditional_render=&#8221;%5B%7B%22value_role%22%3A%22administrator%22%7D%5D&#8221;][vc_column width=&#8221;1\/2&#8243; conditional_render=&#8221;%5B%7B%22value_role%22%3A%22administrator%22%7D%5D&#8221; css_params=&#8221;&#8221; el_class=&#8221;smaller-column&#8221;][vc_video link=&#8221;https:\/\/www.youtube.com\/watch?v=quzDtGCgcJk&#8221; css=&#8221;&#8221; css_params=&#8221;&#8221;][\/vc_column][vc_column width=&#8221;1\/2&#8243;][vc_column_text css=&#8221;&#8221; css_params=&#8221;&#8221;]Inbegrepen in de prijs: [&hellip;]<\/p>\n","protected":false},"author":1,"featured_media":0,"parent":9718,"menu_order":7,"comment_status":"closed","ping_status":"closed","template":"","meta":{"footnotes":""},"class_list":["post-9761","page","type-page","status-publish","hentry"],"yoast_head":"<!-- This site is optimized with the Yoast SEO plugin v27.2 - https:\/\/yoast.com\/product\/yoast-seo-wordpress\/ -->\n<title>Paasarrangement in de historische watermolen - Historische Wasserm\u00fchle Birgel<\/title>\n<meta name=\"robots\" content=\"index, follow, max-snippet:-1, max-image-preview:large, max-video-preview:-1\" \/>\n<link rel=\"canonical\" href=\"https:\/\/www.muehlebirgel.de\/nl\/paasarrangement-in-de-historische-watermolen\" \/>\n<meta property=\"og:locale\" content=\"nl_NL\" \/>\n<meta property=\"og:type\" content=\"article\" \/>\n<meta property=\"og:title\" content=\"Paasarrangement in de historische watermolen - Historische Wasserm\u00fchle Birgel\" \/>\n<meta property=\"og:description\" content=\"[vc_row][vc_column][vc_column_text css=&#8221;&#8221; css_params=&#8221;&#8221;] Romantisch paasarrangement in de Vulkaaneifel [\/vc_column_text][\/vc_column][\/vc_row][vc_row content_placement=&#8221;middle&#8221; conditional_render=&#8221;%5B%7B%22value_role%22%3A%22administrator%22%7D%5D&#8221;][vc_column width=&#8221;1\/2&#8243; conditional_render=&#8221;%5B%7B%22value_role%22%3A%22administrator%22%7D%5D&#8221; css_params=&#8221;&#8221; el_class=&#8221;smaller-column&#8221; offset=&#8221;vc_col-xs-12&#8243;][vc_single_image image=&#8221;7247&#8243; img_size=&#8221;medium&#8221;][\/vc_column][vc_column width=&#8221;1\/2&#8243;][vc_column_text css=&#8221;&#8221; css_params=&#8221;&#8221;]Pure ontspanning! Beleef een romantische paasvakantie in het idyllische Birgel in de Vulkaaneifel met culinaire hoogstandjes. Periode: 03.04.2026 &#8211; 06.04.2026[\/vc_column_text][\/vc_column][\/vc_row][vc_row content_placement=&#8221;middle&#8221; conditional_render=&#8221;%5B%7B%22value_role%22%3A%22administrator%22%7D%5D&#8221;][vc_column width=&#8221;1\/2&#8243; conditional_render=&#8221;%5B%7B%22value_role%22%3A%22administrator%22%7D%5D&#8221; css_params=&#8221;&#8221; el_class=&#8221;smaller-column&#8221;][vc_video link=&#8221;https:\/\/www.youtube.com\/watch?v=quzDtGCgcJk&#8221; css=&#8221;&#8221; css_params=&#8221;&#8221;][\/vc_column][vc_column width=&#8221;1\/2&#8243;][vc_column_text css=&#8221;&#8221; css_params=&#8221;&#8221;]Inbegrepen in de prijs: [&hellip;]\" \/>\n<meta property=\"og:url\" content=\"https:\/\/www.muehlebirgel.de\/nl\/paasarrangement-in-de-historische-watermolen\/\" \/>\n<meta property=\"og:site_name\" content=\"Historische Wasserm\u00fchle Birgel\" \/>\n<meta property=\"article:modified_time\" content=\"2026-02-03T07:41:48+00:00\" \/>\n<meta property=\"og:image\" content=\"https:\/\/www.muehlebirgel.de\/wp-content\/uploads\/2009\/12\/45.jpg\" \/>\n<meta name=\"twitter:card\" content=\"summary_large_image\" \/>\n<meta name=\"twitter:label1\" content=\"Geschatte leestijd\" \/>\n\t<meta name=\"twitter:data1\" content=\"5 minuten\" \/>\n<script type=\"application\/ld+json\" class=\"yoast-schema-graph\">{\"@context\":\"https:\/\/schema.org\",\"@graph\":[{\"@type\":\"WebPage\",\"@id\":\"https:\/\/www.muehlebirgel.de\/nl\/paasarrangement-in-de-historische-watermolen\",\"url\":\"https:\/\/www.muehlebirgel.de\/nl\/paasarrangement-in-de-historische-watermolen\",\"name\":\"Paasarrangement in de historische watermolen - Historische Wasserm\u00fchle Birgel\",\"isPartOf\":{\"@id\":\"https:\/\/www.muehlebirgel.de\/nl\/#website\"},\"primaryImageOfPage\":{\"@id\":\"https:\/\/www.muehlebirgel.de\/nl\/paasarrangement-in-de-historische-watermolen#primaryimage\"},\"image\":{\"@id\":\"https:\/\/www.muehlebirgel.de\/nl\/paasarrangement-in-de-historische-watermolen#primaryimage\"},\"thumbnailUrl\":\"https:\/\/www.muehlebirgel.de\/wp-content\/uploads\/2009\/12\/45.jpg\",\"datePublished\":\"2021-12-10T14:58:10+00:00\",\"dateModified\":\"2026-02-03T07:41:48+00:00\",\"breadcrumb\":{\"@id\":\"https:\/\/www.muehlebirgel.de\/nl\/paasarrangement-in-de-historische-watermolen#breadcrumb\"},\"inLanguage\":\"nl-NL\",\"potentialAction\":[{\"@type\":\"ReadAction\",\"target\":[\"https:\/\/www.muehlebirgel.de\/nl\/paasarrangement-in-de-historische-watermolen\"]}]},{\"@type\":\"ImageObject\",\"inLanguage\":\"nl-NL\",\"@id\":\"https:\/\/www.muehlebirgel.de\/nl\/paasarrangement-in-de-historische-watermolen#primaryimage\",\"url\":\"https:\/\/www.muehlebirgel.de\/wp-content\/uploads\/2009\/12\/45.jpg\",\"contentUrl\":\"https:\/\/www.muehlebirgel.de\/wp-content\/uploads\/2009\/12\/45.jpg\"},{\"@type\":\"BreadcrumbList\",\"@id\":\"https:\/\/www.muehlebirgel.de\/nl\/paasarrangement-in-de-historische-watermolen#breadcrumb\",\"itemListElement\":[{\"@type\":\"ListItem\",\"position\":1,\"name\":\"Startseite\",\"item\":\"https:\/\/www.muehlebirgel.de\/nl\"},{\"@type\":\"ListItem\",\"position\":2,\"name\":\"Overnachting in de Eifel &#8211; Boek een vakantie in de Vulkaaneifel\",\"item\":\"https:\/\/www.muehlebirgel.de\/nl\/accommodatie-in-de-eifel\"},{\"@type\":\"ListItem\",\"position\":3,\"name\":\"Hotel in de Eifel &#8211; Romantische kamers in de Vulkaaneifel\",\"item\":\"https:\/\/www.muehlebirgel.de\/nl\/romantisch-hotel-in-de-eifel-historische-birgel-watermolen\"},{\"@type\":\"ListItem\",\"position\":4,\"name\":\"Paasarrangement in de historische watermolen\"}]},{\"@type\":\"WebSite\",\"@id\":\"https:\/\/www.muehlebirgel.de\/nl\/#website\",\"url\":\"https:\/\/www.muehlebirgel.de\/nl\/\",\"name\":\"Historische Wasserm\u00fchle Birgel\",\"description\":\"Willkommen im M\u00fchlen-Erlebniszentrum\",\"potentialAction\":[{\"@type\":\"SearchAction\",\"target\":{\"@type\":\"EntryPoint\",\"urlTemplate\":\"https:\/\/www.muehlebirgel.de\/nl\/?s={search_term_string}\"},\"query-input\":{\"@type\":\"PropertyValueSpecification\",\"valueRequired\":true,\"valueName\":\"search_term_string\"}}],\"inLanguage\":\"nl-NL\"}]}<\/script>\n<!-- \/ Yoast SEO plugin. -->","yoast_head_json":{"title":"Paasarrangement in de historische watermolen - Historische Wasserm\u00fchle Birgel","robots":{"index":"index","follow":"follow","max-snippet":"max-snippet:-1","max-image-preview":"max-image-preview:large","max-video-preview":"max-video-preview:-1"},"canonical":"https:\/\/www.muehlebirgel.de\/nl\/paasarrangement-in-de-historische-watermolen","og_locale":"nl_NL","og_type":"article","og_title":"Paasarrangement in de historische watermolen - Historische Wasserm\u00fchle Birgel","og_description":"[vc_row][vc_column][vc_column_text css=&#8221;&#8221; css_params=&#8221;&#8221;] Romantisch paasarrangement in de Vulkaaneifel [\/vc_column_text][\/vc_column][\/vc_row][vc_row content_placement=&#8221;middle&#8221; conditional_render=&#8221;%5B%7B%22value_role%22%3A%22administrator%22%7D%5D&#8221;][vc_column width=&#8221;1\/2&#8243; conditional_render=&#8221;%5B%7B%22value_role%22%3A%22administrator%22%7D%5D&#8221; css_params=&#8221;&#8221; el_class=&#8221;smaller-column&#8221; offset=&#8221;vc_col-xs-12&#8243;][vc_single_image image=&#8221;7247&#8243; img_size=&#8221;medium&#8221;][\/vc_column][vc_column width=&#8221;1\/2&#8243;][vc_column_text css=&#8221;&#8221; css_params=&#8221;&#8221;]Pure ontspanning! Beleef een romantische paasvakantie in het idyllische Birgel in de Vulkaaneifel met culinaire hoogstandjes. Periode: 03.04.2026 &#8211; 06.04.2026[\/vc_column_text][\/vc_column][\/vc_row][vc_row content_placement=&#8221;middle&#8221; conditional_render=&#8221;%5B%7B%22value_role%22%3A%22administrator%22%7D%5D&#8221;][vc_column width=&#8221;1\/2&#8243; conditional_render=&#8221;%5B%7B%22value_role%22%3A%22administrator%22%7D%5D&#8221; css_params=&#8221;&#8221; el_class=&#8221;smaller-column&#8221;][vc_video link=&#8221;https:\/\/www.youtube.com\/watch?v=quzDtGCgcJk&#8221; css=&#8221;&#8221; css_params=&#8221;&#8221;][\/vc_column][vc_column width=&#8221;1\/2&#8243;][vc_column_text css=&#8221;&#8221; css_params=&#8221;&#8221;]Inbegrepen in de prijs: [&hellip;]","og_url":"https:\/\/www.muehlebirgel.de\/nl\/paasarrangement-in-de-historische-watermolen\/","og_site_name":"Historische Wasserm\u00fchle Birgel","article_modified_time":"2026-02-03T07:41:48+00:00","og_image":[{"url":"https:\/\/www.muehlebirgel.de\/wp-content\/uploads\/2009\/12\/45.jpg","type":"","width":"","height":""}],"twitter_card":"summary_large_image","twitter_misc":{"Geschatte leestijd":"5 minuten"},"schema":{"@context":"https:\/\/schema.org","@graph":[{"@type":"WebPage","@id":"https:\/\/www.muehlebirgel.de\/nl\/paasarrangement-in-de-historische-watermolen","url":"https:\/\/www.muehlebirgel.de\/nl\/paasarrangement-in-de-historische-watermolen","name":"Paasarrangement in de historische watermolen - Historische Wasserm\u00fchle Birgel","isPartOf":{"@id":"https:\/\/www.muehlebirgel.de\/nl\/#website"},"primaryImageOfPage":{"@id":"https:\/\/www.muehlebirgel.de\/nl\/paasarrangement-in-de-historische-watermolen#primaryimage"},"image":{"@id":"https:\/\/www.muehlebirgel.de\/nl\/paasarrangement-in-de-historische-watermolen#primaryimage"},"thumbnailUrl":"https:\/\/www.muehlebirgel.de\/wp-content\/uploads\/2009\/12\/45.jpg","datePublished":"2021-12-10T14:58:10+00:00","dateModified":"2026-02-03T07:41:48+00:00","breadcrumb":{"@id":"https:\/\/www.muehlebirgel.de\/nl\/paasarrangement-in-de-historische-watermolen#breadcrumb"},"inLanguage":"nl-NL","potentialAction":[{"@type":"ReadAction","target":["https:\/\/www.muehlebirgel.de\/nl\/paasarrangement-in-de-historische-watermolen"]}]},{"@type":"ImageObject","inLanguage":"nl-NL","@id":"https:\/\/www.muehlebirgel.de\/nl\/paasarrangement-in-de-historische-watermolen#primaryimage","url":"https:\/\/www.muehlebirgel.de\/wp-content\/uploads\/2009\/12\/45.jpg","contentUrl":"https:\/\/www.muehlebirgel.de\/wp-content\/uploads\/2009\/12\/45.jpg"},{"@type":"BreadcrumbList","@id":"https:\/\/www.muehlebirgel.de\/nl\/paasarrangement-in-de-historische-watermolen#breadcrumb","itemListElement":[{"@type":"ListItem","position":1,"name":"Startseite","item":"https:\/\/www.muehlebirgel.de\/nl"},{"@type":"ListItem","position":2,"name":"Overnachting in de Eifel &#8211; Boek een vakantie in de Vulkaaneifel","item":"https:\/\/www.muehlebirgel.de\/nl\/accommodatie-in-de-eifel"},{"@type":"ListItem","position":3,"name":"Hotel in de Eifel &#8211; Romantische kamers in de Vulkaaneifel","item":"https:\/\/www.muehlebirgel.de\/nl\/romantisch-hotel-in-de-eifel-historische-birgel-watermolen"},{"@type":"ListItem","position":4,"name":"Paasarrangement in de historische watermolen"}]},{"@type":"WebSite","@id":"https:\/\/www.muehlebirgel.de\/nl\/#website","url":"https:\/\/www.muehlebirgel.de\/nl\/","name":"Historische Wasserm\u00fchle Birgel","description":"Willkommen im M\u00fchlen-Erlebniszentrum","potentialAction":[{"@type":"SearchAction","target":{"@type":"EntryPoint","urlTemplate":"https:\/\/www.muehlebirgel.de\/nl\/?s={search_term_string}"},"query-input":{"@type":"PropertyValueSpecification","valueRequired":true,"valueName":"search_term_string"}}],"inLanguage":"nl-NL"}]}},"_links":{"self":[{"href":"https:\/\/www.muehlebirgel.de\/nl\/wp-json\/wp\/v2\/pages\/9761","targetHints":{"allow":["GET"]}}],"collection":[{"href":"https:\/\/www.muehlebirgel.de\/nl\/wp-json\/wp\/v2\/pages"}],"about":[{"href":"https:\/\/www.muehlebirgel.de\/nl\/wp-json\/wp\/v2\/types\/page"}],"author":[{"embeddable":true,"href":"https:\/\/www.muehlebirgel.de\/nl\/wp-json\/wp\/v2\/users\/1"}],"replies":[{"embeddable":true,"href":"https:\/\/www.muehlebirgel.de\/nl\/wp-json\/wp\/v2\/comments?post=9761"}],"version-history":[{"count":78,"href":"https:\/\/www.muehlebirgel.de\/nl\/wp-json\/wp\/v2\/pages\/9761\/revisions"}],"predecessor-version":[{"id":63255,"href":"https:\/\/www.muehlebirgel.de\/nl\/wp-json\/wp\/v2\/pages\/9761\/revisions\/63255"}],"up":[{"embeddable":true,"href":"https:\/\/www.muehlebirgel.de\/nl\/wp-json\/wp\/v2\/pages\/9718"}],"wp:attachment":[{"href":"https:\/\/www.muehlebirgel.de\/nl\/wp-json\/wp\/v2\/media?parent=9761"}],"curies":[{"name":"wp","href":"https:\/\/api.w.org\/{rel}","templated":true}]}}