{"id":9821,"date":"2021-12-10T14:59:10","date_gmt":"2021-12-10T14:59:10","guid":{"rendered":"https:\/\/www.muehlebirgel.de\/vier-uw-bruiloft-in-de-eifel\/burgerlijke-stand-eifel-huwelijk-in-een-echte-molen\/"},"modified":"2025-10-27T09:03:28","modified_gmt":"2025-10-27T08:03:28","slug":"registratiekantoor-eifel-bruiloft-in-een-echte-molen","status":"publish","type":"page","link":"https:\/\/www.muehlebirgel.de\/nl\/burgerlijke-stand-eifel-huwelijk-in-een-echte-molen","title":{"rendered":"Burgerlijke Stand Eifel &#8211; huwelijk in een echte molen"},"content":{"rendered":"\n<h2 class=\"wp-block-heading\">De burgerlijke stand van Birgel &#8211; tak van de Upper Kyll<\/h2>\n\n<div style=\"height:20px\" aria-hidden=\"true\" class=\"wp-block-spacer\"><\/div>\n\n<div class=\"wp-block-columns is-layout-flex wp-container-core-columns-is-layout-9d6595d7 wp-block-columns-is-layout-flex\">\n<div class=\"wp-block-column is-vertically-aligned-top is-layout-flow wp-block-column-is-layout-flow\">\n<p>Als u op zoek bent naar een historische en schilderachtige plek om &#8220;ja&#8221; te zeggen, dan vindt u die in een prachtige burgerlijke stand in de Eifel in het juweel van de <a href=\"https:\/\/www.muehlebirgel.de\/historische-muehle.html\">historische watermolen in<\/a> Birgel.<\/p>\n\n\n\n<p>Op het terrein van de historische watermolen bevindt zich de <a href=\"https:\/\/www.muehlebirgel.de\/standesamt-eifel-muehle.html\">griffie\/vestiging Birgel van de Boven-Kyll<\/a>. Hier ervaart u de liefdevolle aard en vriendelijkheid van onze griffier Karin Jaax.<\/p>\n\n\n\n<p>Als je dan geniet van onze <a href=\"https:\/\/www.muehlebirgel.de\/restaurant-eifel.html\">delicatessen en regionale specialiteiten uit de keuken<\/a> &#8211; of het nu als buffet, menu of de <a href=\"https:\/\/www.muehlebirgel.de\/nl\/historisch-dineren-feesten\">K\u00f6lsche M\u00fchlenabend\u00e5<\/a> is &#8211; dan wordt het een onvergetelijke en gelukkige dag voor het bruidspaar en hun gasten.<\/p>\n\n\n\n<p><\/p>\n\n\n\n<p><a href=\"https:\/\/www.muehlebirgel.de\/hochzeit-eifel.html\">Trouwen in de Eifel<\/a> betekent niet alleen genieten van de prachtige omgeving, maar ook van het liefdevolle karakter en de vriendelijkheid van onze ambtenaar van de burgerlijke stand Karin Jaax. Voor een <a href=\"https:\/\/www.muehlebirgel.de\/hochzeit-eifel.html\">romantische bruiloft<\/a> vindt u hier in Birgel een toplocatie, waar hoofdmolenaar Erwin v. d. M\u00fchle het bruidspaar vanaf het eerste contact tot zijn zaak maakt en met het bruidspaar een droombruiloft plant, die hij vervolgens met zijn molenteam in zijn molen realiseert.<\/p>\n\n\n\n<p><\/p>\n<\/div>\n\n\n\n<div class=\"wp-block-column is-vertically-aligned-center is-layout-flow wp-block-column-is-layout-flow\">\n<figure class=\"wp-block-image size-full\"><img loading=\"lazy\" decoding=\"async\" width=\"1000\" height=\"1000\" src=\"https:\/\/www.muehlebirgel.de\/wp-content\/uploads\/erwin-standesamt.jpg\" alt=\"\" class=\"wp-image-61599\" srcset=\"https:\/\/www.muehlebirgel.de\/wp-content\/uploads\/erwin-standesamt.jpg 1000w, https:\/\/www.muehlebirgel.de\/wp-content\/uploads\/erwin-standesamt-768x768.jpg 768w, https:\/\/www.muehlebirgel.de\/wp-content\/uploads\/erwin-standesamt-640x640.jpg 640w, https:\/\/www.muehlebirgel.de\/wp-content\/uploads\/erwin-standesamt-400x400.jpg 400w\" sizes=\"auto, (max-width: 1000px) 100vw, 1000px\" \/><\/figure>\n<\/div>\n<\/div>\n\n<p><\/p>\n\n<hr class=\"wp-block-separator has-alpha-channel-opacity\"\/>\n\n<div class=\"wp-block-columns is-layout-flex wp-container-core-columns-is-layout-9d6595d7 wp-block-columns-is-layout-flex\">\n<div class=\"wp-block-column is-vertically-aligned-center is-layout-flow wp-block-column-is-layout-flow\">\n<p>Een huwelijk vieren in de Eifel bij de burgerlijke stand in Birgel betekent genieten van geluk vanaf de eerste dag. Het beleven van een romantisch huwelijk in een oude molen verbindt het oude met het nieuwe, de oorsprong met de toekomst, en zo kunt u door een huwelijk in de burgerlijke stand in Birgel samen een nieuw leven tot nieuw geluk wekken. Een romantisch huwelijk wordt bij ons ook bepaald door de omgeving van de molen en haar medewerkers.<\/p>\n\n\n\n<p><\/p>\n\n\n\n<p>In de historische watermolen hoort erbij dat je daarna tot in de vroege uurtjes kunt feesten met <a href=\"https:\/\/www.muehlebirgel.de\/restaurant-eifel.html\">lekker eten<\/a> op een geweldige locatie. Wie dit alles zoekt en liefheeft, is voor deze belangrijke dag bij de burgerlijke stand in de Eifel in goede handen en zal nooit teleurgesteld worden.<\/p>\n\n\n\n<p>Wij verheugen ons op uw huwelijk in onze burgerlijke stand in de Eifel en in de Historische Watermolen.<\/p>\n\n\n\n<p><strong>Hoofdmolenaar Erwin v. d. M\u00fchle en zijn team<\/strong><\/p>\n<\/div>\n\n\n\n<div class=\"wp-block-column is-vertically-aligned-center is-layout-flow wp-block-column-is-layout-flow\">\n<figure class=\"wp-block-image size-large\"><img loading=\"lazy\" decoding=\"async\" width=\"1024\" height=\"683\" src=\"https:\/\/www.muehlebirgel.de\/wp-content\/uploads\/2023\/06\/2023-05-13_SimoneJuergen_043-1024x683.jpg\" alt=\"\" class=\"wp-image-27836\" srcset=\"https:\/\/www.muehlebirgel.de\/wp-content\/uploads\/2023\/06\/2023-05-13_SimoneJuergen_043-1024x683.jpg 1024w, https:\/\/www.muehlebirgel.de\/wp-content\/uploads\/2023\/06\/2023-05-13_SimoneJuergen_043-768x512.jpg 768w, https:\/\/www.muehlebirgel.de\/wp-content\/uploads\/2023\/06\/2023-05-13_SimoneJuergen_043-640x427.jpg 640w, https:\/\/www.muehlebirgel.de\/wp-content\/uploads\/2023\/06\/2023-05-13_SimoneJuergen_043-400x267.jpg 400w\" sizes=\"auto, (max-width: 1024px) 100vw, 1024px\" \/><\/figure>\n<\/div>\n<\/div>\n\n<hr class=\"wp-block-separator has-alpha-channel-opacity\"\/>\n\n<div class=\"wp-block-columns are-vertically-aligned-top is-layout-flex wp-container-core-columns-is-layout-9d6595d7 wp-block-columns-is-layout-flex\">\n<div class=\"wp-block-column is-vertically-aligned-top is-layout-flow wp-block-column-is-layout-flow\">\n<p><strong>Lees <a href=\"..\/..\/..\/..\/..\/hochzeitsberichte-aus-der-wassermuehle.html\">hier de trouwreportages van enkele geselecteerde koppels<\/a> .<\/strong><\/p>\n\n\n\n<p><strong>Ben je al met ons getrouwd? Dan ontvangen wij graag uw persoonlijke <a href=\"..\/..\/..\/..\/..\/referenzen.html\">trouwreportage<\/a> !<\/strong><\/p>\n\n\n\n<p><a href=\"\/360grad\/festsaal.html\" target=\"_blank\" rel=\"noopener noreferrer\">360\u00b0 panoramafoto&#8217;s van de balzaal<\/a>&gt;&gt; (in nieuw venster)<\/p>\n\n\n\n<p><strong>We kijken uit naar uw aanvraag op:<\/strong><\/p>\n\n\n\n<p><strong>Tel.: 06597\/92820 of via ons <a href=\"https:\/\/www.muehlebirgel.de\/nl\/contact\">contactformulier<\/a> !<\/strong><\/p>\n<\/div>\n\n\n\n<div class=\"wp-block-column is-vertically-aligned-top is-layout-flow wp-block-column-is-layout-flow\">\n<figure class=\"wp-block-image size-large\"><img decoding=\"async\" src=\"https:\/\/www.muehlebirgel.de\/wp-content\/uploads\/Standesamt-draussen-1024x768.webp\" alt=\"\" class=\"wp-image-54767\"\/><\/figure>\n<\/div>\n<\/div>\n\n<p><\/p>\n\n<hr class=\"wp-block-separator has-alpha-channel-opacity\"\/>\n","protected":false},"excerpt":{"rendered":"<p>De burgerlijke stand van Birgel &#8211; tak van de Upper Kyll Als u op zoek bent naar een historische en schilderachtige plek om &#8220;ja&#8221; te zeggen, dan vindt u die in een prachtige burgerlijke stand in de Eifel in het juweel van de historische watermolen in Birgel. Op het terrein van de historische watermolen bevindt [&hellip;]<\/p>\n","protected":false},"author":1,"featured_media":0,"parent":9807,"menu_order":2,"comment_status":"closed","ping_status":"closed","template":"","meta":{"footnotes":""},"class_list":["post-9821","page","type-page","status-publish","hentry"],"yoast_head":"<!-- This site is optimized with the Yoast SEO plugin v27.2 - https:\/\/yoast.com\/product\/yoast-seo-wordpress\/ -->\n<title>Burgerlijke Stand Eifel - huwelijk in een echte molen - Historische Wasserm\u00fchle Birgel<\/title>\n<meta name=\"robots\" content=\"index, follow, max-snippet:-1, max-image-preview:large, max-video-preview:-1\" \/>\n<link rel=\"canonical\" href=\"https:\/\/www.muehlebirgel.de\/nl\/burgerlijke-stand-eifel-huwelijk-in-een-echte-molen\" \/>\n<meta property=\"og:locale\" content=\"nl_NL\" \/>\n<meta property=\"og:type\" content=\"article\" \/>\n<meta property=\"og:title\" content=\"Burgerlijke Stand Eifel - huwelijk in een echte molen - Historische Wasserm\u00fchle Birgel\" \/>\n<meta property=\"og:description\" content=\"De burgerlijke stand van Birgel &#8211; tak van de Upper Kyll Als u op zoek bent naar een historische en schilderachtige plek om &#8220;ja&#8221; te zeggen, dan vindt u die in een prachtige burgerlijke stand in de Eifel in het juweel van de historische watermolen in Birgel. Op het terrein van de historische watermolen bevindt [&hellip;]\" \/>\n<meta property=\"og:url\" content=\"https:\/\/www.muehlebirgel.de\/nl\/burgerlijke-stand-eifel-huwelijk-in-een-echte-molen\/\" \/>\n<meta property=\"og:site_name\" content=\"Historische Wasserm\u00fchle Birgel\" \/>\n<meta property=\"article:modified_time\" content=\"2025-10-27T08:03:28+00:00\" \/>\n<meta property=\"og:image\" content=\"https:\/\/www.muehlebirgel.de\/wp-content\/uploads\/erwin-standesamt.jpg\" \/>\n\t<meta property=\"og:image:width\" content=\"1000\" \/>\n\t<meta property=\"og:image:height\" content=\"1000\" \/>\n\t<meta property=\"og:image:type\" content=\"image\/jpeg\" \/>\n<meta name=\"twitter:card\" content=\"summary_large_image\" \/>\n<meta name=\"twitter:label1\" content=\"Geschatte leestijd\" \/>\n\t<meta name=\"twitter:data1\" content=\"2 minuten\" \/>\n<script type=\"application\/ld+json\" class=\"yoast-schema-graph\">{\"@context\":\"https:\/\/schema.org\",\"@graph\":[{\"@type\":\"WebPage\",\"@id\":\"https:\/\/www.muehlebirgel.de\/nl\/burgerlijke-stand-eifel-huwelijk-in-een-echte-molen\",\"url\":\"https:\/\/www.muehlebirgel.de\/nl\/burgerlijke-stand-eifel-huwelijk-in-een-echte-molen\",\"name\":\"Burgerlijke Stand Eifel - huwelijk in een echte molen - Historische Wasserm\u00fchle Birgel\",\"isPartOf\":{\"@id\":\"https:\/\/www.muehlebirgel.de\/nl\/#website\"},\"primaryImageOfPage\":{\"@id\":\"https:\/\/www.muehlebirgel.de\/nl\/burgerlijke-stand-eifel-huwelijk-in-een-echte-molen#primaryimage\"},\"image\":{\"@id\":\"https:\/\/www.muehlebirgel.de\/nl\/burgerlijke-stand-eifel-huwelijk-in-een-echte-molen#primaryimage\"},\"thumbnailUrl\":\"https:\/\/www.muehlebirgel.de\/wp-content\/uploads\/erwin-standesamt.jpg\",\"datePublished\":\"2021-12-10T14:59:10+00:00\",\"dateModified\":\"2025-10-27T08:03:28+00:00\",\"breadcrumb\":{\"@id\":\"https:\/\/www.muehlebirgel.de\/nl\/burgerlijke-stand-eifel-huwelijk-in-een-echte-molen#breadcrumb\"},\"inLanguage\":\"nl-NL\",\"potentialAction\":[{\"@type\":\"ReadAction\",\"target\":[\"https:\/\/www.muehlebirgel.de\/nl\/burgerlijke-stand-eifel-huwelijk-in-een-echte-molen\"]}]},{\"@type\":\"ImageObject\",\"inLanguage\":\"nl-NL\",\"@id\":\"https:\/\/www.muehlebirgel.de\/nl\/burgerlijke-stand-eifel-huwelijk-in-een-echte-molen#primaryimage\",\"url\":\"https:\/\/www.muehlebirgel.de\/wp-content\/uploads\/erwin-standesamt.jpg\",\"contentUrl\":\"https:\/\/www.muehlebirgel.de\/wp-content\/uploads\/erwin-standesamt.jpg\"},{\"@type\":\"BreadcrumbList\",\"@id\":\"https:\/\/www.muehlebirgel.de\/nl\/burgerlijke-stand-eifel-huwelijk-in-een-echte-molen#breadcrumb\",\"itemListElement\":[{\"@type\":\"ListItem\",\"position\":1,\"name\":\"Startseite\",\"item\":\"https:\/\/www.muehlebirgel.de\/nl\"},{\"@type\":\"ListItem\",\"position\":2,\"name\":\"Vier uw bruiloft in de Eifel\",\"item\":\"https:\/\/www.muehlebirgel.de\/nl\/vier-uw-bruiloft-in-de-eifel\"},{\"@type\":\"ListItem\",\"position\":3,\"name\":\"Burgerlijke Stand Eifel &#8211; huwelijk in een echte molen\"}]},{\"@type\":\"WebSite\",\"@id\":\"https:\/\/www.muehlebirgel.de\/nl\/#website\",\"url\":\"https:\/\/www.muehlebirgel.de\/nl\/\",\"name\":\"Historische Wasserm\u00fchle Birgel\",\"description\":\"Willkommen im M\u00fchlen-Erlebniszentrum\",\"potentialAction\":[{\"@type\":\"SearchAction\",\"target\":{\"@type\":\"EntryPoint\",\"urlTemplate\":\"https:\/\/www.muehlebirgel.de\/nl\/?s={search_term_string}\"},\"query-input\":{\"@type\":\"PropertyValueSpecification\",\"valueRequired\":true,\"valueName\":\"search_term_string\"}}],\"inLanguage\":\"nl-NL\"}]}<\/script>\n<!-- \/ Yoast SEO plugin. -->","yoast_head_json":{"title":"Burgerlijke Stand Eifel - huwelijk in een echte molen - Historische Wasserm\u00fchle Birgel","robots":{"index":"index","follow":"follow","max-snippet":"max-snippet:-1","max-image-preview":"max-image-preview:large","max-video-preview":"max-video-preview:-1"},"canonical":"https:\/\/www.muehlebirgel.de\/nl\/burgerlijke-stand-eifel-huwelijk-in-een-echte-molen","og_locale":"nl_NL","og_type":"article","og_title":"Burgerlijke Stand Eifel - huwelijk in een echte molen - Historische Wasserm\u00fchle Birgel","og_description":"De burgerlijke stand van Birgel &#8211; tak van de Upper Kyll Als u op zoek bent naar een historische en schilderachtige plek om &#8220;ja&#8221; te zeggen, dan vindt u die in een prachtige burgerlijke stand in de Eifel in het juweel van de historische watermolen in Birgel. Op het terrein van de historische watermolen bevindt [&hellip;]","og_url":"https:\/\/www.muehlebirgel.de\/nl\/burgerlijke-stand-eifel-huwelijk-in-een-echte-molen\/","og_site_name":"Historische Wasserm\u00fchle Birgel","article_modified_time":"2025-10-27T08:03:28+00:00","og_image":[{"width":1000,"height":1000,"url":"https:\/\/www.muehlebirgel.de\/wp-content\/uploads\/erwin-standesamt.jpg","type":"image\/jpeg"}],"twitter_card":"summary_large_image","twitter_misc":{"Geschatte leestijd":"2 minuten"},"schema":{"@context":"https:\/\/schema.org","@graph":[{"@type":"WebPage","@id":"https:\/\/www.muehlebirgel.de\/nl\/burgerlijke-stand-eifel-huwelijk-in-een-echte-molen","url":"https:\/\/www.muehlebirgel.de\/nl\/burgerlijke-stand-eifel-huwelijk-in-een-echte-molen","name":"Burgerlijke Stand Eifel - huwelijk in een echte molen - Historische Wasserm\u00fchle Birgel","isPartOf":{"@id":"https:\/\/www.muehlebirgel.de\/nl\/#website"},"primaryImageOfPage":{"@id":"https:\/\/www.muehlebirgel.de\/nl\/burgerlijke-stand-eifel-huwelijk-in-een-echte-molen#primaryimage"},"image":{"@id":"https:\/\/www.muehlebirgel.de\/nl\/burgerlijke-stand-eifel-huwelijk-in-een-echte-molen#primaryimage"},"thumbnailUrl":"https:\/\/www.muehlebirgel.de\/wp-content\/uploads\/erwin-standesamt.jpg","datePublished":"2021-12-10T14:59:10+00:00","dateModified":"2025-10-27T08:03:28+00:00","breadcrumb":{"@id":"https:\/\/www.muehlebirgel.de\/nl\/burgerlijke-stand-eifel-huwelijk-in-een-echte-molen#breadcrumb"},"inLanguage":"nl-NL","potentialAction":[{"@type":"ReadAction","target":["https:\/\/www.muehlebirgel.de\/nl\/burgerlijke-stand-eifel-huwelijk-in-een-echte-molen"]}]},{"@type":"ImageObject","inLanguage":"nl-NL","@id":"https:\/\/www.muehlebirgel.de\/nl\/burgerlijke-stand-eifel-huwelijk-in-een-echte-molen#primaryimage","url":"https:\/\/www.muehlebirgel.de\/wp-content\/uploads\/erwin-standesamt.jpg","contentUrl":"https:\/\/www.muehlebirgel.de\/wp-content\/uploads\/erwin-standesamt.jpg"},{"@type":"BreadcrumbList","@id":"https:\/\/www.muehlebirgel.de\/nl\/burgerlijke-stand-eifel-huwelijk-in-een-echte-molen#breadcrumb","itemListElement":[{"@type":"ListItem","position":1,"name":"Startseite","item":"https:\/\/www.muehlebirgel.de\/nl"},{"@type":"ListItem","position":2,"name":"Vier uw bruiloft in de Eifel","item":"https:\/\/www.muehlebirgel.de\/nl\/vier-uw-bruiloft-in-de-eifel"},{"@type":"ListItem","position":3,"name":"Burgerlijke Stand Eifel &#8211; huwelijk in een echte molen"}]},{"@type":"WebSite","@id":"https:\/\/www.muehlebirgel.de\/nl\/#website","url":"https:\/\/www.muehlebirgel.de\/nl\/","name":"Historische Wasserm\u00fchle Birgel","description":"Willkommen im M\u00fchlen-Erlebniszentrum","potentialAction":[{"@type":"SearchAction","target":{"@type":"EntryPoint","urlTemplate":"https:\/\/www.muehlebirgel.de\/nl\/?s={search_term_string}"},"query-input":{"@type":"PropertyValueSpecification","valueRequired":true,"valueName":"search_term_string"}}],"inLanguage":"nl-NL"}]}},"_links":{"self":[{"href":"https:\/\/www.muehlebirgel.de\/nl\/wp-json\/wp\/v2\/pages\/9821","targetHints":{"allow":["GET"]}}],"collection":[{"href":"https:\/\/www.muehlebirgel.de\/nl\/wp-json\/wp\/v2\/pages"}],"about":[{"href":"https:\/\/www.muehlebirgel.de\/nl\/wp-json\/wp\/v2\/types\/page"}],"author":[{"embeddable":true,"href":"https:\/\/www.muehlebirgel.de\/nl\/wp-json\/wp\/v2\/users\/1"}],"replies":[{"embeddable":true,"href":"https:\/\/www.muehlebirgel.de\/nl\/wp-json\/wp\/v2\/comments?post=9821"}],"version-history":[{"count":14,"href":"https:\/\/www.muehlebirgel.de\/nl\/wp-json\/wp\/v2\/pages\/9821\/revisions"}],"predecessor-version":[{"id":61616,"href":"https:\/\/www.muehlebirgel.de\/nl\/wp-json\/wp\/v2\/pages\/9821\/revisions\/61616"}],"up":[{"embeddable":true,"href":"https:\/\/www.muehlebirgel.de\/nl\/wp-json\/wp\/v2\/pages\/9807"}],"wp:attachment":[{"href":"https:\/\/www.muehlebirgel.de\/nl\/wp-json\/wp\/v2\/media?parent=9821"}],"curies":[{"name":"wp","href":"https:\/\/api.w.org\/{rel}","templated":true}]}}