{"id":9871,"date":"2021-12-10T15:01:41","date_gmt":"2021-12-10T15:01:41","guid":{"rendered":"https:\/\/www.muehlebirgel.de\/dreimuehlen-waterval-hillesheim\/"},"modified":"2021-12-10T15:01:41","modified_gmt":"2021-12-10T15:01:41","slug":"dreimuehlen-waterval-hillesheim","status":"publish","type":"page","link":"https:\/\/www.muehlebirgel.de\/nl\/dreimuehlen-waterval-hillesheim","title":{"rendered":"Dreim\u00fchlen-waterval &#8211; Hillesheim"},"content":{"rendered":"<p>De Vulkaneifel is een van de geologisch meest interessante regio&#8217;s van Duitsland, maar biedt bezoekers ook tal van andere spannende hoogtepunten. Een heel bijzondere bestemming is de historische watermolen in Birgel, waar je zelfs kunt overnachten. Vooral alle romantici komen aan hun trekken in de liefdevol ingerichte kamers. Tijdens een verblijf in de molen mag een bezoek aan enkele van de mooiste excursiebestemmingen in de omgeving niet ontbreken.<\/p>\n<p>Een bijzonder hoogtepunt voor natuurliefhebbers is de Dreim\u00fchlen-waterval, die centraal tussen de steden Aken, Koblenz en Trier ligt. Vanaf Birgel is de waterval in iets minder dan een uur rijden te bereiken. Aangezien dit wordt beschouwd als de meest interessante waterval van de hele Eifel, moet deze zeker bezocht worden tijdens een vakantie in de omgeving.<br \/>\nDe Dreim\u00fchlen-waterval is vernoemd naar de naburige kasteelru\u00efnes van Dreim\u00fchlen; Dit is overigens ook een bezoekje waard. Slechts een paar funderingsmuren zijn vandaag bewaard gebleven &#8211; iedereen die ge\u00efnteresseerd is in de geschiedenis van kastelen en kasteelru\u00efnes zou deze ru\u00efnes zeker moeten bezoeken.<br \/>\nDe Dreim\u00fchlen-waterval is bijzonder interessant voor alle wandelaars, omdat deze te bereiken is via twee van de mooiste wandelroutes in de Eifel, de Geopfad of de Eifel Krimi-wandelroute.<br \/>\nDe Dreim\u00fchlen-waterval is sinds 1938 een natuurmonument en een van de meest populaire natuurfenomenen in de regio. De waterval, die over een twaalf meter lange en vijf meter hoge tufstenen muur naar beneden stort, is niet bijzonder groot, maar toch interessant om naar te kijken en een populaire fotomoment.<br \/>\nDeze waterval is overigens kunstmatig ontstaan toen hier in 1912 een spoorlijn werd aangelegd.<\/p>\n<p>Na een wandeling naar de Dreim\u00fchlen-waterval keert u zeker hongerig en een beetje uitgeput terug naar de historische watermolen in Birgel. Traditionele gerechten zoals de tavernepan of de molensnacks worden geserveerd in de gezellige eetzaal &#8211; de ideale manier om een veelbewogen dag af te sluiten.<br \/>\nU kunt overnachten in een van de vele kamers, die grotendeels in vakwerkstijl zijn ingericht, zodat u de volgende dag fris aan een nieuwe ontdekkingstocht kunt beginnen. Of misschien wilt u gewoon een dagje naar de watermolen en profiteren van een van de lokale vrijetijdsactiviteiten. Wat dacht u van deelnemen aan een bak- of mosterdcursus &#8211; deze worden hier regelmatig aangeboden en gasten maken er graag gebruik van.<br \/>\n&nbsp;<\/p>\n","protected":false},"excerpt":{"rendered":"<p>De Vulkaneifel is een van de geologisch meest interessante regio&#8217;s van Duitsland, maar biedt bezoekers ook tal van andere spannende hoogtepunten. Een heel bijzondere bestemming is de historische watermolen in Birgel, waar je zelfs kunt overnachten. Vooral alle romantici komen aan hun trekken in de liefdevol ingerichte kamers. Tijdens een verblijf in de molen mag [&hellip;]<\/p>\n","protected":false},"author":1,"featured_media":0,"parent":0,"menu_order":69,"comment_status":"closed","ping_status":"closed","template":"","meta":{"footnotes":""},"class_list":["post-9871","page","type-page","status-publish","hentry"],"yoast_head":"<!-- This site is optimized with the Yoast SEO plugin v27.2 - https:\/\/yoast.com\/product\/yoast-seo-wordpress\/ -->\n<title>Dreim\u00fchlen-waterval - Hillesheim - Historische Wasserm\u00fchle Birgel<\/title>\n<meta name=\"robots\" content=\"index, follow, max-snippet:-1, max-image-preview:large, max-video-preview:-1\" \/>\n<link rel=\"canonical\" href=\"https:\/\/www.muehlebirgel.de\/nl\/dreimuehlen-waterval-hillesheim\" \/>\n<meta property=\"og:locale\" content=\"nl_NL\" \/>\n<meta property=\"og:type\" content=\"article\" \/>\n<meta property=\"og:title\" content=\"Dreim\u00fchlen-waterval - Hillesheim - Historische Wasserm\u00fchle Birgel\" \/>\n<meta property=\"og:description\" content=\"De Vulkaneifel is een van de geologisch meest interessante regio&#8217;s van Duitsland, maar biedt bezoekers ook tal van andere spannende hoogtepunten. Een heel bijzondere bestemming is de historische watermolen in Birgel, waar je zelfs kunt overnachten. Vooral alle romantici komen aan hun trekken in de liefdevol ingerichte kamers. Tijdens een verblijf in de molen mag [&hellip;]\" \/>\n<meta property=\"og:url\" content=\"https:\/\/www.muehlebirgel.de\/nl\/dreimuehlen-waterval-hillesheim\/\" \/>\n<meta property=\"og:site_name\" content=\"Historische Wasserm\u00fchle Birgel\" \/>\n<meta name=\"twitter:card\" content=\"summary_large_image\" \/>\n<meta name=\"twitter:label1\" content=\"Geschatte leestijd\" \/>\n\t<meta name=\"twitter:data1\" content=\"2 minuten\" \/>\n<script type=\"application\/ld+json\" class=\"yoast-schema-graph\">{\"@context\":\"https:\/\/schema.org\",\"@graph\":[{\"@type\":\"WebPage\",\"@id\":\"https:\/\/www.muehlebirgel.de\/nl\/dreimuehlen-waterval-hillesheim\",\"url\":\"https:\/\/www.muehlebirgel.de\/nl\/dreimuehlen-waterval-hillesheim\",\"name\":\"Dreim\u00fchlen-waterval - Hillesheim - Historische Wasserm\u00fchle Birgel\",\"isPartOf\":{\"@id\":\"https:\/\/www.muehlebirgel.de\/nl\/#website\"},\"datePublished\":\"2021-12-10T15:01:41+00:00\",\"breadcrumb\":{\"@id\":\"https:\/\/www.muehlebirgel.de\/nl\/dreimuehlen-waterval-hillesheim#breadcrumb\"},\"inLanguage\":\"nl-NL\",\"potentialAction\":[{\"@type\":\"ReadAction\",\"target\":[\"https:\/\/www.muehlebirgel.de\/nl\/dreimuehlen-waterval-hillesheim\"]}]},{\"@type\":\"BreadcrumbList\",\"@id\":\"https:\/\/www.muehlebirgel.de\/nl\/dreimuehlen-waterval-hillesheim#breadcrumb\",\"itemListElement\":[{\"@type\":\"ListItem\",\"position\":1,\"name\":\"Startseite\",\"item\":\"https:\/\/www.muehlebirgel.de\/nl\"},{\"@type\":\"ListItem\",\"position\":2,\"name\":\"Dreim\u00fchlen-waterval &#8211; Hillesheim\"}]},{\"@type\":\"WebSite\",\"@id\":\"https:\/\/www.muehlebirgel.de\/nl\/#website\",\"url\":\"https:\/\/www.muehlebirgel.de\/nl\/\",\"name\":\"Historische Wasserm\u00fchle Birgel\",\"description\":\"Willkommen im M\u00fchlen-Erlebniszentrum\",\"potentialAction\":[{\"@type\":\"SearchAction\",\"target\":{\"@type\":\"EntryPoint\",\"urlTemplate\":\"https:\/\/www.muehlebirgel.de\/nl\/?s={search_term_string}\"},\"query-input\":{\"@type\":\"PropertyValueSpecification\",\"valueRequired\":true,\"valueName\":\"search_term_string\"}}],\"inLanguage\":\"nl-NL\"}]}<\/script>\n<!-- \/ Yoast SEO plugin. -->","yoast_head_json":{"title":"Dreim\u00fchlen-waterval - Hillesheim - Historische Wasserm\u00fchle Birgel","robots":{"index":"index","follow":"follow","max-snippet":"max-snippet:-1","max-image-preview":"max-image-preview:large","max-video-preview":"max-video-preview:-1"},"canonical":"https:\/\/www.muehlebirgel.de\/nl\/dreimuehlen-waterval-hillesheim","og_locale":"nl_NL","og_type":"article","og_title":"Dreim\u00fchlen-waterval - Hillesheim - Historische Wasserm\u00fchle Birgel","og_description":"De Vulkaneifel is een van de geologisch meest interessante regio&#8217;s van Duitsland, maar biedt bezoekers ook tal van andere spannende hoogtepunten. Een heel bijzondere bestemming is de historische watermolen in Birgel, waar je zelfs kunt overnachten. Vooral alle romantici komen aan hun trekken in de liefdevol ingerichte kamers. Tijdens een verblijf in de molen mag [&hellip;]","og_url":"https:\/\/www.muehlebirgel.de\/nl\/dreimuehlen-waterval-hillesheim\/","og_site_name":"Historische Wasserm\u00fchle Birgel","twitter_card":"summary_large_image","twitter_misc":{"Geschatte leestijd":"2 minuten"},"schema":{"@context":"https:\/\/schema.org","@graph":[{"@type":"WebPage","@id":"https:\/\/www.muehlebirgel.de\/nl\/dreimuehlen-waterval-hillesheim","url":"https:\/\/www.muehlebirgel.de\/nl\/dreimuehlen-waterval-hillesheim","name":"Dreim\u00fchlen-waterval - Hillesheim - Historische Wasserm\u00fchle Birgel","isPartOf":{"@id":"https:\/\/www.muehlebirgel.de\/nl\/#website"},"datePublished":"2021-12-10T15:01:41+00:00","breadcrumb":{"@id":"https:\/\/www.muehlebirgel.de\/nl\/dreimuehlen-waterval-hillesheim#breadcrumb"},"inLanguage":"nl-NL","potentialAction":[{"@type":"ReadAction","target":["https:\/\/www.muehlebirgel.de\/nl\/dreimuehlen-waterval-hillesheim"]}]},{"@type":"BreadcrumbList","@id":"https:\/\/www.muehlebirgel.de\/nl\/dreimuehlen-waterval-hillesheim#breadcrumb","itemListElement":[{"@type":"ListItem","position":1,"name":"Startseite","item":"https:\/\/www.muehlebirgel.de\/nl"},{"@type":"ListItem","position":2,"name":"Dreim\u00fchlen-waterval &#8211; Hillesheim"}]},{"@type":"WebSite","@id":"https:\/\/www.muehlebirgel.de\/nl\/#website","url":"https:\/\/www.muehlebirgel.de\/nl\/","name":"Historische Wasserm\u00fchle Birgel","description":"Willkommen im M\u00fchlen-Erlebniszentrum","potentialAction":[{"@type":"SearchAction","target":{"@type":"EntryPoint","urlTemplate":"https:\/\/www.muehlebirgel.de\/nl\/?s={search_term_string}"},"query-input":{"@type":"PropertyValueSpecification","valueRequired":true,"valueName":"search_term_string"}}],"inLanguage":"nl-NL"}]}},"_links":{"self":[{"href":"https:\/\/www.muehlebirgel.de\/nl\/wp-json\/wp\/v2\/pages\/9871","targetHints":{"allow":["GET"]}}],"collection":[{"href":"https:\/\/www.muehlebirgel.de\/nl\/wp-json\/wp\/v2\/pages"}],"about":[{"href":"https:\/\/www.muehlebirgel.de\/nl\/wp-json\/wp\/v2\/types\/page"}],"author":[{"embeddable":true,"href":"https:\/\/www.muehlebirgel.de\/nl\/wp-json\/wp\/v2\/users\/1"}],"replies":[{"embeddable":true,"href":"https:\/\/www.muehlebirgel.de\/nl\/wp-json\/wp\/v2\/comments?post=9871"}],"version-history":[{"count":0,"href":"https:\/\/www.muehlebirgel.de\/nl\/wp-json\/wp\/v2\/pages\/9871\/revisions"}],"wp:attachment":[{"href":"https:\/\/www.muehlebirgel.de\/nl\/wp-json\/wp\/v2\/media?parent=9871"}],"curies":[{"name":"wp","href":"https:\/\/api.w.org\/{rel}","templated":true}]}}