{"id":9961,"date":"2021-12-10T15:04:40","date_gmt":"2021-12-10T15:04:40","guid":{"rendered":"https:\/\/www.muehlebirgel.de\/romantisch-hotel-in-de-eifel-historische-birgel-watermolen\/skien-in-de-eifel\/"},"modified":"2021-12-10T15:04:40","modified_gmt":"2021-12-10T15:04:40","slug":"skien-in-de-eifel","status":"publish","type":"page","link":"https:\/\/www.muehlebirgel.de\/nl\/skien-in-de-eifel","title":{"rendered":"Ski\u00ebn in de Eifel"},"content":{"rendered":"<h2>Skigebieden in de Eifel<\/h2>\n<p><img loading=\"lazy\" decoding=\"async\" class=\"size-full wp-image-489 alignleft\" src=\"https:\/\/www.muehlebirgel.de\/wp-content\/uploads\/2011\/12\/skifahren-eifel.jpg\" alt=\"\" width=\"300\" height=\"199\"><\/p>\n<p>Een vakantie in de Eifel is altijd de moeite waard &#8211; met z&#8217;n twee\u00ebn of met het hele gezin. De Eifel is een van de mooiste recreatiegebieden die West-Duitsland te bieden heeft. Vooral in de winter zijn er talloze mogelijkheden om een paar leuke, ontspannende, actieve of zelfs romantische uurtjes door te brengen en het dagelijkse leven achter je te laten.<\/p>\n<hr>\n<p><img loading=\"lazy\" decoding=\"async\" class=\"size-full wp-image-490 alignleft\" src=\"https:\/\/www.muehlebirgel.de\/wp-content\/uploads\/2011\/12\/romantik-schnee-eifel.jpg\" alt=\"\" width=\"300\" height=\"277\"><\/p>\n<p>Vooral sneeuwliefhebbers komen in de skigebieden aan hun trekken. Of u nu de Wolfsschlucht of de Zwarte Man in Pr\u00fcm, de Ernstberg of de M\u00e4useberg in Daun of het skigebied Wei\u00dfer Stein in Hellenthal bezoekt &#8211; plezier en sport komen hier op de eerste plaats. Als de Eifel bedekt is met sneeuw, is het motto: &#8220;Als je rust, roest je&#8221; &#8211; Dus verlaat de kamer en betreed de Eifel-avontuurlijke wereld.<\/p>\n<p>De M\u00e4useberg biedt enthousiaste ski\u00ebrs een 450 meter lange afdalingspiste met een hoogteverschil van 90 meter. De Ernstberg en de Wolfsschlucht daarentegen zijn door de speciaal aangelegde loipes ideaal voor langlaufers. De Black Man en de White Mountain daarentegen zijn echte alleskunners. Hier kunt u zowel rodelen als langlaufen en met uw ski&#8217;s op verschillende pistes naar beneden suizen.<\/p>\n<hr>\n<p><img loading=\"lazy\" decoding=\"async\" class=\"size-full wp-image-491 alignleft\" src=\"https:\/\/www.muehlebirgel.de\/wp-content\/uploads\/2011\/12\/waldweg2-eifel.jpg\" alt=\"\" width=\"300\" height=\"300\"><\/p>\n<p>In de Eifel komen zowel volwassenen als kinderen aan hun trekken en kunnen ze ofwel met een slee van de bergen rodelen, op de geprepareerde pistes op een snowboard of op de langlaufloipes ski\u00ebn. De koetsritten door het witte en idyllische landschap zijn een bijzonder hoogtepunt voor jong en oud. Hier kunt u de Eifel van zijn mooiste kant zien en volop genieten van de natuur. Ook wandelaars zullen een verblijf in de Eifel niet vergeten, want wandelen in de diepste sneeuw zorgt voor een flinke portie ontspanning en een fascinerend natuurspektakel.<\/p>\n<hr>\n<p><img loading=\"lazy\" decoding=\"async\" class=\"size-full wp-image-492 alignleft\" src=\"https:\/\/www.muehlebirgel.de\/wp-content\/uploads\/2011\/12\/waldweg-eifel.jpg\" alt=\"\" width=\"300\" height=\"200\"><\/p>\n<p>Een warme chocolademelk, een verwarmende thee of een heerlijke koffie hoort ook bij het plezier in de sneeuw. In ons Eifel Hotel kunt u uzelf trakteren op een pauze in een buitengewone sfeer. Maar als je eenmaal lekker hebt liggen liggen, wil je meestal niet het koude water in om aan je reis naar huis te beginnen. Blijf dan gewoon bij ons in de historische molen en geniet van de charme van onze romantische appartementen en laat u de volgende dag verwennen met een uitgebreid ontbijt en zelfgebakken brood. We kijken uit naar jou!<\/p>\n<hr>\n<p><img loading=\"lazy\" decoding=\"async\" class=\" size-full wp-image-493\" src=\"https:\/\/www.muehlebirgel.de\/wp-content\/uploads\/2011\/12\/herz-schnee-eifel.jpg\" alt=\"\" width=\"300\" height=\"200\"><\/p>\n<p><img loading=\"lazy\" decoding=\"async\" class=\" size-full wp-image-494\" src=\"https:\/\/www.muehlebirgel.de\/wp-content\/uploads\/2011\/12\/winterlandschaft-eifel.jpg\" alt=\"\" width=\"300\" height=\"199\"><\/p>\n","protected":false},"excerpt":{"rendered":"<p>Skigebieden in de Eifel Een vakantie in de Eifel is altijd de moeite waard &#8211; met z&#8217;n twee\u00ebn of met het hele gezin. De Eifel is een van de mooiste recreatiegebieden die West-Duitsland te bieden heeft. Vooral in de winter zijn er talloze mogelijkheden om een paar leuke, ontspannende, actieve of zelfs romantische uurtjes door [&hellip;]<\/p>\n","protected":false},"author":1,"featured_media":0,"parent":9718,"menu_order":24,"comment_status":"closed","ping_status":"closed","template":"","meta":{"footnotes":""},"class_list":["post-9961","page","type-page","status-publish","hentry"],"yoast_head":"<!-- This site is optimized with the Yoast SEO plugin v27.2 - https:\/\/yoast.com\/product\/yoast-seo-wordpress\/ -->\n<title>Ski\u00ebn in de Eifel - Historische Wasserm\u00fchle Birgel<\/title>\n<meta name=\"robots\" content=\"index, follow, max-snippet:-1, max-image-preview:large, max-video-preview:-1\" \/>\n<link rel=\"canonical\" href=\"https:\/\/www.muehlebirgel.de\/nl\/skien-in-de-eifel\" \/>\n<meta property=\"og:locale\" content=\"nl_NL\" \/>\n<meta property=\"og:type\" content=\"article\" \/>\n<meta property=\"og:title\" content=\"Ski\u00ebn in de Eifel - Historische Wasserm\u00fchle Birgel\" \/>\n<meta property=\"og:description\" content=\"Skigebieden in de Eifel Een vakantie in de Eifel is altijd de moeite waard &#8211; met z&#8217;n twee\u00ebn of met het hele gezin. De Eifel is een van de mooiste recreatiegebieden die West-Duitsland te bieden heeft. Vooral in de winter zijn er talloze mogelijkheden om een paar leuke, ontspannende, actieve of zelfs romantische uurtjes door [&hellip;]\" \/>\n<meta property=\"og:url\" content=\"https:\/\/www.muehlebirgel.de\/nl\/skien-in-de-eifel\/\" \/>\n<meta property=\"og:site_name\" content=\"Historische Wasserm\u00fchle Birgel\" \/>\n<meta property=\"og:image\" content=\"https:\/\/www.muehlebirgel.de\/wp-content\/uploads\/2011\/12\/skifahren-eifel.jpg\" \/>\n<meta name=\"twitter:card\" content=\"summary_large_image\" \/>\n<meta name=\"twitter:label1\" content=\"Geschatte leestijd\" \/>\n\t<meta name=\"twitter:data1\" content=\"2 minuten\" \/>\n<script type=\"application\/ld+json\" class=\"yoast-schema-graph\">{\"@context\":\"https:\/\/schema.org\",\"@graph\":[{\"@type\":\"WebPage\",\"@id\":\"https:\/\/www.muehlebirgel.de\/nl\/skien-in-de-eifel\",\"url\":\"https:\/\/www.muehlebirgel.de\/nl\/skien-in-de-eifel\",\"name\":\"Ski\u00ebn in de Eifel - Historische Wasserm\u00fchle Birgel\",\"isPartOf\":{\"@id\":\"https:\/\/www.muehlebirgel.de\/nl\/#website\"},\"primaryImageOfPage\":{\"@id\":\"https:\/\/www.muehlebirgel.de\/nl\/skien-in-de-eifel#primaryimage\"},\"image\":{\"@id\":\"https:\/\/www.muehlebirgel.de\/nl\/skien-in-de-eifel#primaryimage\"},\"thumbnailUrl\":\"https:\/\/www.muehlebirgel.de\/wp-content\/uploads\/2011\/12\/skifahren-eifel.jpg\",\"datePublished\":\"2021-12-10T15:04:40+00:00\",\"breadcrumb\":{\"@id\":\"https:\/\/www.muehlebirgel.de\/nl\/skien-in-de-eifel#breadcrumb\"},\"inLanguage\":\"nl-NL\",\"potentialAction\":[{\"@type\":\"ReadAction\",\"target\":[\"https:\/\/www.muehlebirgel.de\/nl\/skien-in-de-eifel\"]}]},{\"@type\":\"ImageObject\",\"inLanguage\":\"nl-NL\",\"@id\":\"https:\/\/www.muehlebirgel.de\/nl\/skien-in-de-eifel#primaryimage\",\"url\":\"https:\/\/www.muehlebirgel.de\/wp-content\/uploads\/2011\/12\/skifahren-eifel.jpg\",\"contentUrl\":\"https:\/\/www.muehlebirgel.de\/wp-content\/uploads\/2011\/12\/skifahren-eifel.jpg\"},{\"@type\":\"BreadcrumbList\",\"@id\":\"https:\/\/www.muehlebirgel.de\/nl\/skien-in-de-eifel#breadcrumb\",\"itemListElement\":[{\"@type\":\"ListItem\",\"position\":1,\"name\":\"Startseite\",\"item\":\"https:\/\/www.muehlebirgel.de\/nl\"},{\"@type\":\"ListItem\",\"position\":2,\"name\":\"Overnachting in de Eifel &#8211; Boek een vakantie in de Vulkaaneifel\",\"item\":\"https:\/\/www.muehlebirgel.de\/nl\/accommodatie-in-de-eifel\"},{\"@type\":\"ListItem\",\"position\":3,\"name\":\"Hotel in de Eifel &#8211; Romantische kamers in de Vulkaaneifel\",\"item\":\"https:\/\/www.muehlebirgel.de\/nl\/romantisch-hotel-in-de-eifel-historische-birgel-watermolen\"},{\"@type\":\"ListItem\",\"position\":4,\"name\":\"Ski\u00ebn in de Eifel\"}]},{\"@type\":\"WebSite\",\"@id\":\"https:\/\/www.muehlebirgel.de\/nl\/#website\",\"url\":\"https:\/\/www.muehlebirgel.de\/nl\/\",\"name\":\"Historische Wasserm\u00fchle Birgel\",\"description\":\"Willkommen im M\u00fchlen-Erlebniszentrum\",\"potentialAction\":[{\"@type\":\"SearchAction\",\"target\":{\"@type\":\"EntryPoint\",\"urlTemplate\":\"https:\/\/www.muehlebirgel.de\/nl\/?s={search_term_string}\"},\"query-input\":{\"@type\":\"PropertyValueSpecification\",\"valueRequired\":true,\"valueName\":\"search_term_string\"}}],\"inLanguage\":\"nl-NL\"}]}<\/script>\n<!-- \/ Yoast SEO plugin. -->","yoast_head_json":{"title":"Ski\u00ebn in de Eifel - Historische Wasserm\u00fchle Birgel","robots":{"index":"index","follow":"follow","max-snippet":"max-snippet:-1","max-image-preview":"max-image-preview:large","max-video-preview":"max-video-preview:-1"},"canonical":"https:\/\/www.muehlebirgel.de\/nl\/skien-in-de-eifel","og_locale":"nl_NL","og_type":"article","og_title":"Ski\u00ebn in de Eifel - Historische Wasserm\u00fchle Birgel","og_description":"Skigebieden in de Eifel Een vakantie in de Eifel is altijd de moeite waard &#8211; met z&#8217;n twee\u00ebn of met het hele gezin. De Eifel is een van de mooiste recreatiegebieden die West-Duitsland te bieden heeft. Vooral in de winter zijn er talloze mogelijkheden om een paar leuke, ontspannende, actieve of zelfs romantische uurtjes door [&hellip;]","og_url":"https:\/\/www.muehlebirgel.de\/nl\/skien-in-de-eifel\/","og_site_name":"Historische Wasserm\u00fchle Birgel","og_image":[{"url":"https:\/\/www.muehlebirgel.de\/wp-content\/uploads\/2011\/12\/skifahren-eifel.jpg","type":"","width":"","height":""}],"twitter_card":"summary_large_image","twitter_misc":{"Geschatte leestijd":"2 minuten"},"schema":{"@context":"https:\/\/schema.org","@graph":[{"@type":"WebPage","@id":"https:\/\/www.muehlebirgel.de\/nl\/skien-in-de-eifel","url":"https:\/\/www.muehlebirgel.de\/nl\/skien-in-de-eifel","name":"Ski\u00ebn in de Eifel - Historische Wasserm\u00fchle Birgel","isPartOf":{"@id":"https:\/\/www.muehlebirgel.de\/nl\/#website"},"primaryImageOfPage":{"@id":"https:\/\/www.muehlebirgel.de\/nl\/skien-in-de-eifel#primaryimage"},"image":{"@id":"https:\/\/www.muehlebirgel.de\/nl\/skien-in-de-eifel#primaryimage"},"thumbnailUrl":"https:\/\/www.muehlebirgel.de\/wp-content\/uploads\/2011\/12\/skifahren-eifel.jpg","datePublished":"2021-12-10T15:04:40+00:00","breadcrumb":{"@id":"https:\/\/www.muehlebirgel.de\/nl\/skien-in-de-eifel#breadcrumb"},"inLanguage":"nl-NL","potentialAction":[{"@type":"ReadAction","target":["https:\/\/www.muehlebirgel.de\/nl\/skien-in-de-eifel"]}]},{"@type":"ImageObject","inLanguage":"nl-NL","@id":"https:\/\/www.muehlebirgel.de\/nl\/skien-in-de-eifel#primaryimage","url":"https:\/\/www.muehlebirgel.de\/wp-content\/uploads\/2011\/12\/skifahren-eifel.jpg","contentUrl":"https:\/\/www.muehlebirgel.de\/wp-content\/uploads\/2011\/12\/skifahren-eifel.jpg"},{"@type":"BreadcrumbList","@id":"https:\/\/www.muehlebirgel.de\/nl\/skien-in-de-eifel#breadcrumb","itemListElement":[{"@type":"ListItem","position":1,"name":"Startseite","item":"https:\/\/www.muehlebirgel.de\/nl"},{"@type":"ListItem","position":2,"name":"Overnachting in de Eifel &#8211; Boek een vakantie in de Vulkaaneifel","item":"https:\/\/www.muehlebirgel.de\/nl\/accommodatie-in-de-eifel"},{"@type":"ListItem","position":3,"name":"Hotel in de Eifel &#8211; Romantische kamers in de Vulkaaneifel","item":"https:\/\/www.muehlebirgel.de\/nl\/romantisch-hotel-in-de-eifel-historische-birgel-watermolen"},{"@type":"ListItem","position":4,"name":"Ski\u00ebn in de Eifel"}]},{"@type":"WebSite","@id":"https:\/\/www.muehlebirgel.de\/nl\/#website","url":"https:\/\/www.muehlebirgel.de\/nl\/","name":"Historische Wasserm\u00fchle Birgel","description":"Willkommen im M\u00fchlen-Erlebniszentrum","potentialAction":[{"@type":"SearchAction","target":{"@type":"EntryPoint","urlTemplate":"https:\/\/www.muehlebirgel.de\/nl\/?s={search_term_string}"},"query-input":{"@type":"PropertyValueSpecification","valueRequired":true,"valueName":"search_term_string"}}],"inLanguage":"nl-NL"}]}},"_links":{"self":[{"href":"https:\/\/www.muehlebirgel.de\/nl\/wp-json\/wp\/v2\/pages\/9961","targetHints":{"allow":["GET"]}}],"collection":[{"href":"https:\/\/www.muehlebirgel.de\/nl\/wp-json\/wp\/v2\/pages"}],"about":[{"href":"https:\/\/www.muehlebirgel.de\/nl\/wp-json\/wp\/v2\/types\/page"}],"author":[{"embeddable":true,"href":"https:\/\/www.muehlebirgel.de\/nl\/wp-json\/wp\/v2\/users\/1"}],"replies":[{"embeddable":true,"href":"https:\/\/www.muehlebirgel.de\/nl\/wp-json\/wp\/v2\/comments?post=9961"}],"version-history":[{"count":0,"href":"https:\/\/www.muehlebirgel.de\/nl\/wp-json\/wp\/v2\/pages\/9961\/revisions"}],"up":[{"embeddable":true,"href":"https:\/\/www.muehlebirgel.de\/nl\/wp-json\/wp\/v2\/pages\/9718"}],"wp:attachment":[{"href":"https:\/\/www.muehlebirgel.de\/nl\/wp-json\/wp\/v2\/media?parent=9961"}],"curies":[{"name":"wp","href":"https:\/\/api.w.org\/{rel}","templated":true}]}}