{"id":10411,"date":"2019-12-06T15:03:25","date_gmt":"2019-12-06T14:03:25","guid":{"rendered":"https:\/\/www.muehlebirgel.de\/shop\/historisch-molenbord\/"},"modified":"2026-05-07T17:39:26","modified_gmt":"2026-05-07T15:39:26","slug":"koelsche-muehlenabend","status":"publish","type":"product","link":"https:\/\/www.muehlebirgel.de\/nl\/shop\/koelsche-muehlenabend\/","title":{"rendered":"Waardebon K\u00f6lsche M\u00fchlenabend"},"content":{"rendered":"<h2>Decoratieve cadeaubon voor een kaartje voor de K\u00f6lsche M\u00fchlenabend &#8211; een gastronomische en sfeervolle reis naar de Middeleeuwen<\/h2>\n<p><strong>Dit is inbegrepen in de aanbieding:<\/strong><\/p>\n<ul>\n<li>3,5 uur entertainment<\/li>\n<li>rustiek 5-gangenmenu<\/li>\n<li>Drankjes (wijn, water, bier) tot het einde van het evenement<\/li>\n<\/ul>\n<p>Meer informatie over de <a href=\"https:\/\/www.muehlebirgel.de\/koelsche-muehlenabend\/\">K\u00f6lsche M\u00fchlenabend<\/a><\/p>\n<p>Opmerking: Vul de naam van de ontvanger van de bon in het opmerkingenveld in wanneer je je aankoop afrondt. verdere Reacties. Je decoratieve cadeaubon wordt meestal dezelfde dag nog op de post gedaan. Verzending is gratis. Inwisseling op afspraak.  <\/p>\n","protected":false},"excerpt":{"rendered":"<p>Decoratieve cadeaubon voor een kaartje voor de K\u00f6lsche M\u00fchlenabend &#8211; een gastronomische en sfeervolle reis naar de Middeleeuwen Dit is inbegrepen in de aanbieding: 3,5 uur entertainment rustiek 5-gangenmenu Drankjes (wijn, water, bier) tot het einde van het evenement Meer informatie over de K\u00f6lsche M\u00fchlenabend Opmerking: Vul de naam van de ontvanger van de bon [&hellip;]<\/p>\n","protected":false},"featured_media":7214,"template":"","meta":[],"product_brand":[],"product_cat":[141],"product_tag":[],"class_list":{"0":"post-10411","1":"product","2":"type-product","3":"status-publish","4":"has-post-thumbnail","6":"product_cat-waardebonnen","7":"product_shipping_class-geen-verzendkosten","9":"first","10":"instock","11":"taxable","12":"shipping-taxable","13":"purchasable","14":"product-type-simple"},"yoast_head":"<!-- This site is optimized with the Yoast SEO plugin v27.4 - https:\/\/yoast.com\/product\/yoast-seo-wordpress\/ -->\n<title>Waardebon K\u00f6lsche M\u00fchlenabend - Historische Wasserm\u00fchle Birgel<\/title>\n<meta name=\"robots\" content=\"noindex, follow, max-snippet:-1, max-image-preview:large, max-video-preview:-1\" \/>\n<meta property=\"og:locale\" content=\"nl_NL\" \/>\n<meta property=\"og:type\" content=\"article\" \/>\n<meta property=\"og:title\" content=\"Waardebon K\u00f6lsche M\u00fchlenabend - Historische Wasserm\u00fchle Birgel\" \/>\n<meta property=\"og:description\" content=\"Decoratieve cadeaubon voor een kaartje voor de K\u00f6lsche M\u00fchlenabend &#8211; een gastronomische en sfeervolle reis naar de Middeleeuwen Dit is inbegrepen in de aanbieding: 3,5 uur entertainment rustiek 5-gangenmenu Drankjes (wijn, water, bier) tot het einde van het evenement Meer informatie over de K\u00f6lsche M\u00fchlenabend Opmerking: Vul de naam van de ontvanger van de bon [&hellip;]\" \/>\n<meta property=\"og:url\" content=\"https:\/\/www.muehlebirgel.de\/nl\/shop\/koelsche-muehlenabend\/\" \/>\n<meta property=\"og:site_name\" content=\"Historische Wasserm\u00fchle Birgel\" \/>\n<meta property=\"article:modified_time\" content=\"2026-05-07T15:39:26+00:00\" \/>\n<meta property=\"og:image\" content=\"https:\/\/www.muehlebirgel.de\/wp-content\/uploads\/2009\/04\/179-e1662355435953.jpg\" \/>\n\t<meta property=\"og:image:width\" content=\"300\" \/>\n\t<meta property=\"og:image:height\" content=\"200\" \/>\n\t<meta property=\"og:image:type\" content=\"image\/jpeg\" \/>\n<meta name=\"twitter:card\" content=\"summary_large_image\" \/>\n<script type=\"application\/ld+json\" class=\"yoast-schema-graph\">{\"@context\":\"https:\\\/\\\/schema.org\",\"@graph\":[{\"@type\":\"WebPage\",\"@id\":\"https:\\\/\\\/www.muehlebirgel.de\\\/nl\\\/shop\\\/koelsche-muehlenabend\\\/\",\"url\":\"https:\\\/\\\/www.muehlebirgel.de\\\/nl\\\/shop\\\/koelsche-muehlenabend\\\/\",\"name\":\"Waardebon K\u00f6lsche M\u00fchlenabend - Historische Wasserm\u00fchle Birgel\",\"isPartOf\":{\"@id\":\"https:\\\/\\\/www.muehlebirgel.de\\\/nl\\\/#website\"},\"primaryImageOfPage\":{\"@id\":\"https:\\\/\\\/www.muehlebirgel.de\\\/nl\\\/shop\\\/koelsche-muehlenabend\\\/#primaryimage\"},\"image\":{\"@id\":\"https:\\\/\\\/www.muehlebirgel.de\\\/nl\\\/shop\\\/koelsche-muehlenabend\\\/#primaryimage\"},\"thumbnailUrl\":\"https:\\\/\\\/www.muehlebirgel.de\\\/wp-content\\\/uploads\\\/2009\\\/04\\\/179-e1662355435953.jpg\",\"datePublished\":\"2019-12-06T14:03:25+00:00\",\"dateModified\":\"2026-05-07T15:39:26+00:00\",\"breadcrumb\":{\"@id\":\"https:\\\/\\\/www.muehlebirgel.de\\\/nl\\\/shop\\\/koelsche-muehlenabend\\\/#breadcrumb\"},\"inLanguage\":\"nl-NL\",\"potentialAction\":[{\"@type\":\"ReadAction\",\"target\":[\"https:\\\/\\\/www.muehlebirgel.de\\\/nl\\\/shop\\\/koelsche-muehlenabend\\\/\"]}]},{\"@type\":\"ImageObject\",\"inLanguage\":\"nl-NL\",\"@id\":\"https:\\\/\\\/www.muehlebirgel.de\\\/nl\\\/shop\\\/koelsche-muehlenabend\\\/#primaryimage\",\"url\":\"https:\\\/\\\/www.muehlebirgel.de\\\/wp-content\\\/uploads\\\/2009\\\/04\\\/179-e1662355435953.jpg\",\"contentUrl\":\"https:\\\/\\\/www.muehlebirgel.de\\\/wp-content\\\/uploads\\\/2009\\\/04\\\/179-e1662355435953.jpg\",\"width\":300,\"height\":200},{\"@type\":\"BreadcrumbList\",\"@id\":\"https:\\\/\\\/www.muehlebirgel.de\\\/nl\\\/shop\\\/koelsche-muehlenabend\\\/#breadcrumb\",\"itemListElement\":[{\"@type\":\"ListItem\",\"position\":1,\"name\":\"Startseite\",\"item\":\"https:\\\/\\\/www.muehlebirgel.de\\\/nl\\\/\"},{\"@type\":\"ListItem\",\"position\":2,\"name\":\"online winkel\",\"item\":\"https:\\\/\\\/www.muehlebirgel.de\\\/nl\\\/winkel\\\/\"},{\"@type\":\"ListItem\",\"position\":3,\"name\":\"Waardebonnen\",\"item\":\"https:\\\/\\\/www.muehlebirgel.de\\\/nl\\\/shop\\\/waardebonnen\\\/\"},{\"@type\":\"ListItem\",\"position\":4,\"name\":\"Waardebon K\u00f6lsche M\u00fchlenabend\"}]},{\"@type\":\"WebSite\",\"@id\":\"https:\\\/\\\/www.muehlebirgel.de\\\/nl\\\/#website\",\"url\":\"https:\\\/\\\/www.muehlebirgel.de\\\/nl\\\/\",\"name\":\"Historische Wasserm\u00fchle Birgel\",\"description\":\"Willkommen im M\u00fchlen-Erlebniszentrum\",\"publisher\":{\"@id\":\"https:\\\/\\\/www.muehlebirgel.de\\\/nl\\\/#organization\"},\"potentialAction\":[{\"@type\":\"SearchAction\",\"target\":{\"@type\":\"EntryPoint\",\"urlTemplate\":\"https:\\\/\\\/www.muehlebirgel.de\\\/nl\\\/?s={search_term_string}\"},\"query-input\":{\"@type\":\"PropertyValueSpecification\",\"valueRequired\":true,\"valueName\":\"search_term_string\"}}],\"inLanguage\":\"nl-NL\"},{\"@type\":\"Organization\",\"@id\":\"https:\\\/\\\/www.muehlebirgel.de\\\/nl\\\/#organization\",\"name\":\"Historische Wasserm\u00fchle Birgel\",\"url\":\"https:\\\/\\\/www.muehlebirgel.de\\\/nl\\\/\",\"logo\":{\"@type\":\"ImageObject\",\"inLanguage\":\"nl-NL\",\"@id\":\"https:\\\/\\\/www.muehlebirgel.de\\\/nl\\\/#\\\/schema\\\/logo\\\/image\\\/\",\"url\":\"https:\\\/\\\/www.muehlebirgel.de\\\/wp-content\\\/uploads\\\/logo-muehle-schwarz.webp\",\"contentUrl\":\"https:\\\/\\\/www.muehlebirgel.de\\\/wp-content\\\/uploads\\\/logo-muehle-schwarz.webp\",\"width\":2140,\"height\":1803,\"caption\":\"Historische Wasserm\u00fchle Birgel\"},\"image\":{\"@id\":\"https:\\\/\\\/www.muehlebirgel.de\\\/nl\\\/#\\\/schema\\\/logo\\\/image\\\/\"}}]}<\/script>\n<!-- \/ Yoast SEO plugin. -->","yoast_head_json":{"title":"Waardebon K\u00f6lsche M\u00fchlenabend - Historische Wasserm\u00fchle Birgel","robots":{"index":"noindex","follow":"follow","max-snippet":"max-snippet:-1","max-image-preview":"max-image-preview:large","max-video-preview":"max-video-preview:-1"},"og_locale":"nl_NL","og_type":"article","og_title":"Waardebon K\u00f6lsche M\u00fchlenabend - Historische Wasserm\u00fchle Birgel","og_description":"Decoratieve cadeaubon voor een kaartje voor de K\u00f6lsche M\u00fchlenabend &#8211; een gastronomische en sfeervolle reis naar de Middeleeuwen Dit is inbegrepen in de aanbieding: 3,5 uur entertainment rustiek 5-gangenmenu Drankjes (wijn, water, bier) tot het einde van het evenement Meer informatie over de K\u00f6lsche M\u00fchlenabend Opmerking: Vul de naam van de ontvanger van de bon [&hellip;]","og_url":"https:\/\/www.muehlebirgel.de\/nl\/shop\/koelsche-muehlenabend\/","og_site_name":"Historische Wasserm\u00fchle Birgel","article_modified_time":"2026-05-07T15:39:26+00:00","og_image":[{"width":300,"height":200,"url":"https:\/\/www.muehlebirgel.de\/wp-content\/uploads\/2009\/04\/179-e1662355435953.jpg","type":"image\/jpeg"}],"twitter_card":"summary_large_image","schema":{"@context":"https:\/\/schema.org","@graph":[{"@type":"WebPage","@id":"https:\/\/www.muehlebirgel.de\/nl\/shop\/koelsche-muehlenabend\/","url":"https:\/\/www.muehlebirgel.de\/nl\/shop\/koelsche-muehlenabend\/","name":"Waardebon K\u00f6lsche M\u00fchlenabend - Historische Wasserm\u00fchle Birgel","isPartOf":{"@id":"https:\/\/www.muehlebirgel.de\/nl\/#website"},"primaryImageOfPage":{"@id":"https:\/\/www.muehlebirgel.de\/nl\/shop\/koelsche-muehlenabend\/#primaryimage"},"image":{"@id":"https:\/\/www.muehlebirgel.de\/nl\/shop\/koelsche-muehlenabend\/#primaryimage"},"thumbnailUrl":"https:\/\/www.muehlebirgel.de\/wp-content\/uploads\/2009\/04\/179-e1662355435953.jpg","datePublished":"2019-12-06T14:03:25+00:00","dateModified":"2026-05-07T15:39:26+00:00","breadcrumb":{"@id":"https:\/\/www.muehlebirgel.de\/nl\/shop\/koelsche-muehlenabend\/#breadcrumb"},"inLanguage":"nl-NL","potentialAction":[{"@type":"ReadAction","target":["https:\/\/www.muehlebirgel.de\/nl\/shop\/koelsche-muehlenabend\/"]}]},{"@type":"ImageObject","inLanguage":"nl-NL","@id":"https:\/\/www.muehlebirgel.de\/nl\/shop\/koelsche-muehlenabend\/#primaryimage","url":"https:\/\/www.muehlebirgel.de\/wp-content\/uploads\/2009\/04\/179-e1662355435953.jpg","contentUrl":"https:\/\/www.muehlebirgel.de\/wp-content\/uploads\/2009\/04\/179-e1662355435953.jpg","width":300,"height":200},{"@type":"BreadcrumbList","@id":"https:\/\/www.muehlebirgel.de\/nl\/shop\/koelsche-muehlenabend\/#breadcrumb","itemListElement":[{"@type":"ListItem","position":1,"name":"Startseite","item":"https:\/\/www.muehlebirgel.de\/nl\/"},{"@type":"ListItem","position":2,"name":"online winkel","item":"https:\/\/www.muehlebirgel.de\/nl\/winkel\/"},{"@type":"ListItem","position":3,"name":"Waardebonnen","item":"https:\/\/www.muehlebirgel.de\/nl\/shop\/waardebonnen\/"},{"@type":"ListItem","position":4,"name":"Waardebon K\u00f6lsche M\u00fchlenabend"}]},{"@type":"WebSite","@id":"https:\/\/www.muehlebirgel.de\/nl\/#website","url":"https:\/\/www.muehlebirgel.de\/nl\/","name":"Historische Wasserm\u00fchle Birgel","description":"Willkommen im M\u00fchlen-Erlebniszentrum","publisher":{"@id":"https:\/\/www.muehlebirgel.de\/nl\/#organization"},"potentialAction":[{"@type":"SearchAction","target":{"@type":"EntryPoint","urlTemplate":"https:\/\/www.muehlebirgel.de\/nl\/?s={search_term_string}"},"query-input":{"@type":"PropertyValueSpecification","valueRequired":true,"valueName":"search_term_string"}}],"inLanguage":"nl-NL"},{"@type":"Organization","@id":"https:\/\/www.muehlebirgel.de\/nl\/#organization","name":"Historische Wasserm\u00fchle Birgel","url":"https:\/\/www.muehlebirgel.de\/nl\/","logo":{"@type":"ImageObject","inLanguage":"nl-NL","@id":"https:\/\/www.muehlebirgel.de\/nl\/#\/schema\/logo\/image\/","url":"https:\/\/www.muehlebirgel.de\/wp-content\/uploads\/logo-muehle-schwarz.webp","contentUrl":"https:\/\/www.muehlebirgel.de\/wp-content\/uploads\/logo-muehle-schwarz.webp","width":2140,"height":1803,"caption":"Historische Wasserm\u00fchle Birgel"},"image":{"@id":"https:\/\/www.muehlebirgel.de\/nl\/#\/schema\/logo\/image\/"}}]}},"_links":{"self":[{"href":"https:\/\/www.muehlebirgel.de\/nl\/wp-json\/wp\/v2\/product\/10411","targetHints":{"allow":["GET"]}}],"collection":[{"href":"https:\/\/www.muehlebirgel.de\/nl\/wp-json\/wp\/v2\/product"}],"about":[{"href":"https:\/\/www.muehlebirgel.de\/nl\/wp-json\/wp\/v2\/types\/product"}],"version-history":[{"count":1,"href":"https:\/\/www.muehlebirgel.de\/nl\/wp-json\/wp\/v2\/product\/10411\/revisions"}],"predecessor-version":[{"id":68374,"href":"https:\/\/www.muehlebirgel.de\/nl\/wp-json\/wp\/v2\/product\/10411\/revisions\/68374"}],"wp:featuredmedia":[{"embeddable":true,"href":"https:\/\/www.muehlebirgel.de\/nl\/wp-json\/wp\/v2\/media\/7214"}],"wp:attachment":[{"href":"https:\/\/www.muehlebirgel.de\/nl\/wp-json\/wp\/v2\/media?parent=10411"}],"wp:term":[{"taxonomy":"product_brand","embeddable":true,"href":"https:\/\/www.muehlebirgel.de\/nl\/wp-json\/wp\/v2\/product_brand?post=10411"},{"taxonomy":"product_cat","embeddable":true,"href":"https:\/\/www.muehlebirgel.de\/nl\/wp-json\/wp\/v2\/product_cat?post=10411"},{"taxonomy":"product_tag","embeddable":true,"href":"https:\/\/www.muehlebirgel.de\/nl\/wp-json\/wp\/v2\/product_tag?post=10411"}],"curies":[{"name":"wp","href":"https:\/\/api.w.org\/{rel}","templated":true}]}}