{"id":10421,"date":"2019-12-08T14:07:57","date_gmt":"2019-12-08T14:07:57","guid":{"rendered":"https:\/\/www.muehlebirgel.de\/shop\/schnaps-distilleren-met-erwin-vd-muehle\/"},"modified":"2026-04-23T10:31:05","modified_gmt":"2026-04-23T08:31:05","slug":"schnaps-distilleren-met-erwin-vd-molen","status":"publish","type":"product","link":"https:\/\/www.muehlebirgel.de\/nl\/shop\/schnaps-distilleren-met-erwin-vd-molen","title":{"rendered":"Voucher voor het distilleren van schnaps met Erwin v.d. M\u00fchle"},"content":{"rendered":"<h2>Decoratieve cadeaubon voor het distilleren van schnaps met Erwin vd M\u00fchle<\/h2>\n<p><strong>Dit is inbegrepen in de aanbieding:<\/strong><\/p>\n<ul>\n<li>1 x overnachting<\/li>\n<li>1 x ontbijtbuffet<\/li>\n<li>1 x welkomstlikeur<\/li>\n<li>1 x 3 gangen avondmenu<\/li>\n<li>1 x molenfeest uit de ketel, div. Drank<\/li>\n<li>1 x schnaps distilleren<\/li>\n<li>1 x molenrondleiding<\/li>\n<li>1x lunch<\/li>\n<li>1 x gratis parkeerplaats<\/li>\n<\/ul>\n<p>Meer informatie over <a href=\"https:\/\/www.muehlebirgel.de\/schnapsbrennen-mit-erwin-v-d-muehle\">het distilleren van schnaps met Erwin von der M\u00fchle<\/a><\/p>\n<p>Let op: Voer bij het voltooien van de aankoop de naam van de ontvanger van de voucher en, indien van toepassing, de naam van de ontvanger van de voucher in het opmerkingenveld in. verdere Reacties. Je decoratieve cadeaubon wordt meestal dezelfde dag nog op de post gedaan. Verzending is gratis. Inwisseling op afspraak.  <\/p>\n","protected":false},"excerpt":{"rendered":"<p>Decoratieve cadeaubon voor het distilleren van schnaps met Erwin vd M\u00fchle Dit is inbegrepen in de aanbieding: 1 x overnachting 1 x ontbijtbuffet 1 x welkomstlikeur 1 x 3 gangen avondmenu 1 x molenfeest uit de ketel, div. Drank 1 x schnaps distilleren 1 x molenrondleiding 1x lunch 1 x gratis parkeerplaats Meer informatie over [&hellip;]<\/p>\n","protected":false},"featured_media":64205,"template":"","meta":[],"product_brand":[],"product_cat":[141],"product_tag":[],"class_list":{"0":"post-10421","1":"product","2":"type-product","3":"status-publish","4":"has-post-thumbnail","6":"product_cat-waardebonnen","7":"product_shipping_class-geen-verzendkosten","9":"first","10":"instock","11":"taxable","12":"shipping-taxable","13":"purchasable","14":"product-type-variable","15":"has-default-attributes"},"yoast_head":"<!-- This site is optimized with the Yoast SEO plugin v27.2 - https:\/\/yoast.com\/product\/yoast-seo-wordpress\/ -->\n<title>Voucher voor het distilleren van schnaps met Erwin v.d. M\u00fchle - Historische Wasserm\u00fchle Birgel<\/title>\n<meta name=\"robots\" content=\"index, follow, max-snippet:-1, max-image-preview:large, max-video-preview:-1\" \/>\n<link rel=\"canonical\" href=\"https:\/\/www.muehlebirgel.de\/nl\/shop\/schnaps-distilleren-met-erwin-vd-molen\" \/>\n<meta property=\"og:locale\" content=\"nl_NL\" \/>\n<meta property=\"og:type\" content=\"article\" \/>\n<meta property=\"og:title\" content=\"Voucher voor het distilleren van schnaps met Erwin v.d. M\u00fchle - Historische Wasserm\u00fchle Birgel\" \/>\n<meta property=\"og:description\" content=\"Decoratieve cadeaubon voor het distilleren van schnaps met Erwin vd M\u00fchle Dit is inbegrepen in de aanbieding: 1 x overnachting 1 x ontbijtbuffet 1 x welkomstlikeur 1 x 3 gangen avondmenu 1 x molenfeest uit de ketel, div. Drank 1 x schnaps distilleren 1 x molenrondleiding 1x lunch 1 x gratis parkeerplaats Meer informatie over [&hellip;]\" \/>\n<meta property=\"og:url\" content=\"https:\/\/www.muehlebirgel.de\/nl\/shop\/schnaps-distilleren-met-erwin-vd-molen\/\" \/>\n<meta property=\"og:site_name\" content=\"Historische Wasserm\u00fchle Birgel\" \/>\n<meta property=\"article:modified_time\" content=\"2026-04-23T08:31:05+00:00\" \/>\n<meta property=\"og:image\" content=\"https:\/\/www.muehlebirgel.de\/wp-content\/uploads\/schnapsbrennerei-01-1024x683-1.webp\" \/>\n\t<meta property=\"og:image:width\" content=\"1024\" \/>\n\t<meta property=\"og:image:height\" content=\"683\" \/>\n\t<meta property=\"og:image:type\" content=\"image\/webp\" \/>\n<meta name=\"twitter:card\" content=\"summary_large_image\" \/>\n<meta name=\"twitter:label1\" content=\"Geschatte leestijd\" \/>\n\t<meta name=\"twitter:data1\" content=\"1 minuut\" \/>\n<script type=\"application\/ld+json\" class=\"yoast-schema-graph\">{\"@context\":\"https:\/\/schema.org\",\"@graph\":[{\"@type\":\"WebPage\",\"@id\":\"https:\/\/www.muehlebirgel.de\/nl\/shop\/schnaps-distilleren-met-erwin-vd-molen\",\"url\":\"https:\/\/www.muehlebirgel.de\/nl\/shop\/schnaps-distilleren-met-erwin-vd-molen\",\"name\":\"Voucher voor het distilleren van schnaps met Erwin v.d. M\u00fchle - Historische Wasserm\u00fchle Birgel\",\"isPartOf\":{\"@id\":\"https:\/\/www.muehlebirgel.de\/nl\/#website\"},\"primaryImageOfPage\":{\"@id\":\"https:\/\/www.muehlebirgel.de\/nl\/shop\/schnaps-distilleren-met-erwin-vd-molen#primaryimage\"},\"image\":{\"@id\":\"https:\/\/www.muehlebirgel.de\/nl\/shop\/schnaps-distilleren-met-erwin-vd-molen#primaryimage\"},\"thumbnailUrl\":\"https:\/\/www.muehlebirgel.de\/wp-content\/uploads\/schnapsbrennerei-01-1024x683-1.webp\",\"datePublished\":\"2019-12-08T14:07:57+00:00\",\"dateModified\":\"2026-04-23T08:31:05+00:00\",\"breadcrumb\":{\"@id\":\"https:\/\/www.muehlebirgel.de\/nl\/shop\/schnaps-distilleren-met-erwin-vd-molen#breadcrumb\"},\"inLanguage\":\"nl-NL\",\"potentialAction\":[{\"@type\":\"ReadAction\",\"target\":[\"https:\/\/www.muehlebirgel.de\/nl\/shop\/schnaps-distilleren-met-erwin-vd-molen\"]}]},{\"@type\":\"ImageObject\",\"inLanguage\":\"nl-NL\",\"@id\":\"https:\/\/www.muehlebirgel.de\/nl\/shop\/schnaps-distilleren-met-erwin-vd-molen#primaryimage\",\"url\":\"https:\/\/www.muehlebirgel.de\/wp-content\/uploads\/schnapsbrennerei-01-1024x683-1.webp\",\"contentUrl\":\"https:\/\/www.muehlebirgel.de\/wp-content\/uploads\/schnapsbrennerei-01-1024x683-1.webp\",\"width\":1024,\"height\":683},{\"@type\":\"BreadcrumbList\",\"@id\":\"https:\/\/www.muehlebirgel.de\/nl\/shop\/schnaps-distilleren-met-erwin-vd-molen#breadcrumb\",\"itemListElement\":[{\"@type\":\"ListItem\",\"position\":1,\"name\":\"Startseite\",\"item\":\"https:\/\/www.muehlebirgel.de\/nl\"},{\"@type\":\"ListItem\",\"position\":2,\"name\":\"Producten\",\"item\":\"https:\/\/www.muehlebirgel.de\/nl\/winkel\"},{\"@type\":\"ListItem\",\"position\":3,\"name\":\"Voucher voor het distilleren van schnaps met Erwin v.d. M\u00fchle\"}]},{\"@type\":\"WebSite\",\"@id\":\"https:\/\/www.muehlebirgel.de\/nl\/#website\",\"url\":\"https:\/\/www.muehlebirgel.de\/nl\/\",\"name\":\"Historische Wasserm\u00fchle Birgel\",\"description\":\"Willkommen im M\u00fchlen-Erlebniszentrum\",\"potentialAction\":[{\"@type\":\"SearchAction\",\"target\":{\"@type\":\"EntryPoint\",\"urlTemplate\":\"https:\/\/www.muehlebirgel.de\/nl\/?s={search_term_string}\"},\"query-input\":{\"@type\":\"PropertyValueSpecification\",\"valueRequired\":true,\"valueName\":\"search_term_string\"}}],\"inLanguage\":\"nl-NL\"}]}<\/script>\n<!-- \/ Yoast SEO plugin. -->","yoast_head_json":{"title":"Voucher voor het distilleren van schnaps met Erwin v.d. M\u00fchle - Historische Wasserm\u00fchle Birgel","robots":{"index":"index","follow":"follow","max-snippet":"max-snippet:-1","max-image-preview":"max-image-preview:large","max-video-preview":"max-video-preview:-1"},"canonical":"https:\/\/www.muehlebirgel.de\/nl\/shop\/schnaps-distilleren-met-erwin-vd-molen","og_locale":"nl_NL","og_type":"article","og_title":"Voucher voor het distilleren van schnaps met Erwin v.d. M\u00fchle - Historische Wasserm\u00fchle Birgel","og_description":"Decoratieve cadeaubon voor het distilleren van schnaps met Erwin vd M\u00fchle Dit is inbegrepen in de aanbieding: 1 x overnachting 1 x ontbijtbuffet 1 x welkomstlikeur 1 x 3 gangen avondmenu 1 x molenfeest uit de ketel, div. Drank 1 x schnaps distilleren 1 x molenrondleiding 1x lunch 1 x gratis parkeerplaats Meer informatie over [&hellip;]","og_url":"https:\/\/www.muehlebirgel.de\/nl\/shop\/schnaps-distilleren-met-erwin-vd-molen\/","og_site_name":"Historische Wasserm\u00fchle Birgel","article_modified_time":"2026-04-23T08:31:05+00:00","og_image":[{"width":1024,"height":683,"url":"https:\/\/www.muehlebirgel.de\/wp-content\/uploads\/schnapsbrennerei-01-1024x683-1.webp","type":"image\/webp"}],"twitter_card":"summary_large_image","twitter_misc":{"Geschatte leestijd":"1 minuut"},"schema":{"@context":"https:\/\/schema.org","@graph":[{"@type":"WebPage","@id":"https:\/\/www.muehlebirgel.de\/nl\/shop\/schnaps-distilleren-met-erwin-vd-molen","url":"https:\/\/www.muehlebirgel.de\/nl\/shop\/schnaps-distilleren-met-erwin-vd-molen","name":"Voucher voor het distilleren van schnaps met Erwin v.d. M\u00fchle - Historische Wasserm\u00fchle Birgel","isPartOf":{"@id":"https:\/\/www.muehlebirgel.de\/nl\/#website"},"primaryImageOfPage":{"@id":"https:\/\/www.muehlebirgel.de\/nl\/shop\/schnaps-distilleren-met-erwin-vd-molen#primaryimage"},"image":{"@id":"https:\/\/www.muehlebirgel.de\/nl\/shop\/schnaps-distilleren-met-erwin-vd-molen#primaryimage"},"thumbnailUrl":"https:\/\/www.muehlebirgel.de\/wp-content\/uploads\/schnapsbrennerei-01-1024x683-1.webp","datePublished":"2019-12-08T14:07:57+00:00","dateModified":"2026-04-23T08:31:05+00:00","breadcrumb":{"@id":"https:\/\/www.muehlebirgel.de\/nl\/shop\/schnaps-distilleren-met-erwin-vd-molen#breadcrumb"},"inLanguage":"nl-NL","potentialAction":[{"@type":"ReadAction","target":["https:\/\/www.muehlebirgel.de\/nl\/shop\/schnaps-distilleren-met-erwin-vd-molen"]}]},{"@type":"ImageObject","inLanguage":"nl-NL","@id":"https:\/\/www.muehlebirgel.de\/nl\/shop\/schnaps-distilleren-met-erwin-vd-molen#primaryimage","url":"https:\/\/www.muehlebirgel.de\/wp-content\/uploads\/schnapsbrennerei-01-1024x683-1.webp","contentUrl":"https:\/\/www.muehlebirgel.de\/wp-content\/uploads\/schnapsbrennerei-01-1024x683-1.webp","width":1024,"height":683},{"@type":"BreadcrumbList","@id":"https:\/\/www.muehlebirgel.de\/nl\/shop\/schnaps-distilleren-met-erwin-vd-molen#breadcrumb","itemListElement":[{"@type":"ListItem","position":1,"name":"Startseite","item":"https:\/\/www.muehlebirgel.de\/nl"},{"@type":"ListItem","position":2,"name":"Producten","item":"https:\/\/www.muehlebirgel.de\/nl\/winkel"},{"@type":"ListItem","position":3,"name":"Voucher voor het distilleren van schnaps met Erwin v.d. M\u00fchle"}]},{"@type":"WebSite","@id":"https:\/\/www.muehlebirgel.de\/nl\/#website","url":"https:\/\/www.muehlebirgel.de\/nl\/","name":"Historische Wasserm\u00fchle Birgel","description":"Willkommen im M\u00fchlen-Erlebniszentrum","potentialAction":[{"@type":"SearchAction","target":{"@type":"EntryPoint","urlTemplate":"https:\/\/www.muehlebirgel.de\/nl\/?s={search_term_string}"},"query-input":{"@type":"PropertyValueSpecification","valueRequired":true,"valueName":"search_term_string"}}],"inLanguage":"nl-NL"}]}},"_links":{"self":[{"href":"https:\/\/www.muehlebirgel.de\/nl\/wp-json\/wp\/v2\/product\/10421","targetHints":{"allow":["GET"]}}],"collection":[{"href":"https:\/\/www.muehlebirgel.de\/nl\/wp-json\/wp\/v2\/product"}],"about":[{"href":"https:\/\/www.muehlebirgel.de\/nl\/wp-json\/wp\/v2\/types\/product"}],"wp:featuredmedia":[{"embeddable":true,"href":"https:\/\/www.muehlebirgel.de\/nl\/wp-json\/wp\/v2\/media\/64205"}],"wp:attachment":[{"href":"https:\/\/www.muehlebirgel.de\/nl\/wp-json\/wp\/v2\/media?parent=10421"}],"wp:term":[{"taxonomy":"product_brand","embeddable":true,"href":"https:\/\/www.muehlebirgel.de\/nl\/wp-json\/wp\/v2\/product_brand?post=10421"},{"taxonomy":"product_cat","embeddable":true,"href":"https:\/\/www.muehlebirgel.de\/nl\/wp-json\/wp\/v2\/product_cat?post=10421"},{"taxonomy":"product_tag","embeddable":true,"href":"https:\/\/www.muehlebirgel.de\/nl\/wp-json\/wp\/v2\/product_tag?post=10421"}],"curies":[{"name":"wp","href":"https:\/\/api.w.org\/{rel}","templated":true}]}}