{"id":10488,"date":"2019-12-19T16:16:29","date_gmt":"2021-12-10T15:16:36","guid":{"rendered":"https:\/\/www.muehlebirgel.de\/shop\/fruitbrandewijn-nummer-1\/"},"modified":"2022-09-06T14:32:22","modified_gmt":"2022-09-06T13:32:22","slug":"fruit-brandy-no-1","status":"publish","type":"product","link":"https:\/\/www.muehlebirgel.de\/nl\/shop\/fruitbrandewijn-nummer-1","title":{"rendered":"Fruitbrandewijn nummer 1"},"content":{"rendered":"<h2>Meerlagig genieten &#8211; fruitbrandewijn nummer 1 uit de Eifel<\/h2>\n<p>Onze fruitbrandewijn nummer 1 met een alcoholpercentage van 43% vol is een perfecte combinatie van lokale appels en peren, verfijnd met de fijnste huisbrandewijn, sleedoorn-, kersen- en vlierbessenbrandewijn. Maar dat is niet alles, het staat tenslotte niet voor niets op nummer 1! De specialiteit ligt in de puree. Elk jaar maakt Chefm\u00fcller Erwin een nieuwe samenstelling voor de puree. Elk nieuw jaar cre\u00ebert een nieuwe fusie van de meest uitstekende fruitsmaken, uit een breed scala aan fruit van de hoogste kwaliteit. Dat maakt de cognac een absolute zeldzaamheid en een lust voor neus en gehemelte.<\/p>\n<h2>Hoe geniet je van de cognac?<\/h2>\n<p><strong> <\/strong>Onze fruitbrandewijn is het lekkerst ijskoud of op kamertemperatuur. De perfecte drinktemperatuur ligt tussen de 15 en 18 graden. Als aperitief, digestief of gewoon tussendoor kan hij puur gedronken worden, geserveerd in een kegelvormig glas met ronde glazen bodem. Het smaakt verfrissend goed in cocktails met kaas of een vers fruitschaaltje. Bovendien past het perfect bij waardige gerechten zoals traditionele Duitse gerechten.<\/p>\n<p><strong> <\/strong><\/p>\n<p>&nbsp;<\/p>\n","protected":false},"excerpt":{"rendered":"<p><strong>Alcoholgehalte: 43% vol<\/strong><\/p>\n<p>Elk jaar is er een nieuwe fusie van de meest uitstekende fruitsmaken<\/p>\n","protected":false},"featured_media":9581,"template":"","meta":[],"product_brand":[],"product_cat":[92],"product_tag":[],"class_list":{"0":"post-10488","1":"product","2":"type-product","3":"status-publish","4":"has-post-thumbnail","6":"product_cat-brandewijn","7":"product_shipping_class-verzekerde-verzending","9":"first","10":"instock","11":"taxable","12":"shipping-taxable","13":"purchasable","14":"product-type-variable","15":"has-default-attributes"},"yoast_head":"<!-- This site is optimized with the Yoast SEO plugin v27.2 - https:\/\/yoast.com\/product\/yoast-seo-wordpress\/ -->\n<title>Fruitbrandewijn nummer 1 - Historische Wasserm\u00fchle Birgel<\/title>\n<meta name=\"description\" content=\"De specialiteit ligt in de puree. Elk jaar cre\u00ebert Chefm\u00fcller Erwin een nieuwe samenstelling van de fijnste vruchten voor de fruitbrandewijn.\" \/>\n<meta name=\"robots\" content=\"index, follow, max-snippet:-1, max-image-preview:large, max-video-preview:-1\" \/>\n<link rel=\"canonical\" href=\"https:\/\/www.muehlebirgel.de\/nl\/shop\/fruitbrandewijn-nummer-1\" \/>\n<meta property=\"og:locale\" content=\"nl_NL\" \/>\n<meta property=\"og:type\" content=\"article\" \/>\n<meta property=\"og:title\" content=\"Fruitbrandewijn nummer 1 - Historische Wasserm\u00fchle Birgel\" \/>\n<meta property=\"og:description\" content=\"De specialiteit ligt in de puree. Elk jaar cre\u00ebert Chefm\u00fcller Erwin een nieuwe samenstelling van de fijnste vruchten voor de fruitbrandewijn.\" \/>\n<meta property=\"og:url\" content=\"https:\/\/www.muehlebirgel.de\/nl\/shop\/fruitbrandewijn-nummer-1\/\" \/>\n<meta property=\"og:site_name\" content=\"Historische Wasserm\u00fchle Birgel\" \/>\n<meta property=\"article:modified_time\" content=\"2022-09-06T13:32:22+00:00\" \/>\n<meta property=\"og:image\" content=\"https:\/\/www.muehlebirgel.de\/wp-content\/uploads\/2019\/12\/Obstbrand-Nr.1-05l.png\" \/>\n\t<meta property=\"og:image:width\" content=\"1400\" \/>\n\t<meta property=\"og:image:height\" content=\"2100\" \/>\n\t<meta property=\"og:image:type\" content=\"image\/png\" \/>\n<meta name=\"twitter:card\" content=\"summary_large_image\" \/>\n<meta name=\"twitter:label1\" content=\"Geschatte leestijd\" \/>\n\t<meta name=\"twitter:data1\" content=\"1 minuut\" \/>\n<script type=\"application\/ld+json\" class=\"yoast-schema-graph\">{\"@context\":\"https:\/\/schema.org\",\"@graph\":[{\"@type\":\"WebPage\",\"@id\":\"https:\/\/www.muehlebirgel.de\/nl\/shop\/fruitbrandewijn-nummer-1\",\"url\":\"https:\/\/www.muehlebirgel.de\/nl\/shop\/fruitbrandewijn-nummer-1\",\"name\":\"Fruitbrandewijn nummer 1 - Historische Wasserm\u00fchle Birgel\",\"isPartOf\":{\"@id\":\"https:\/\/www.muehlebirgel.de\/nl\/#website\"},\"primaryImageOfPage\":{\"@id\":\"https:\/\/www.muehlebirgel.de\/nl\/shop\/fruitbrandewijn-nummer-1#primaryimage\"},\"image\":{\"@id\":\"https:\/\/www.muehlebirgel.de\/nl\/shop\/fruitbrandewijn-nummer-1#primaryimage\"},\"thumbnailUrl\":\"https:\/\/www.muehlebirgel.de\/wp-content\/uploads\/2019\/12\/Obstbrand-Nr.1-05l.png\",\"datePublished\":\"2021-12-10T15:16:36+00:00\",\"dateModified\":\"2022-09-06T13:32:22+00:00\",\"description\":\"De specialiteit ligt in de puree. Elk jaar cre\u00ebert Chefm\u00fcller Erwin een nieuwe samenstelling van de fijnste vruchten voor de fruitbrandewijn.\",\"breadcrumb\":{\"@id\":\"https:\/\/www.muehlebirgel.de\/nl\/shop\/fruitbrandewijn-nummer-1#breadcrumb\"},\"inLanguage\":\"nl-NL\",\"potentialAction\":[{\"@type\":\"ReadAction\",\"target\":[\"https:\/\/www.muehlebirgel.de\/nl\/shop\/fruitbrandewijn-nummer-1\"]}]},{\"@type\":\"ImageObject\",\"inLanguage\":\"nl-NL\",\"@id\":\"https:\/\/www.muehlebirgel.de\/nl\/shop\/fruitbrandewijn-nummer-1#primaryimage\",\"url\":\"https:\/\/www.muehlebirgel.de\/wp-content\/uploads\/2019\/12\/Obstbrand-Nr.1-05l.png\",\"contentUrl\":\"https:\/\/www.muehlebirgel.de\/wp-content\/uploads\/2019\/12\/Obstbrand-Nr.1-05l.png\",\"width\":1400,\"height\":2100},{\"@type\":\"BreadcrumbList\",\"@id\":\"https:\/\/www.muehlebirgel.de\/nl\/shop\/fruitbrandewijn-nummer-1#breadcrumb\",\"itemListElement\":[{\"@type\":\"ListItem\",\"position\":1,\"name\":\"Startseite\",\"item\":\"https:\/\/www.muehlebirgel.de\/nl\"},{\"@type\":\"ListItem\",\"position\":2,\"name\":\"Producten\",\"item\":\"https:\/\/www.muehlebirgel.de\/nl\/winkel\"},{\"@type\":\"ListItem\",\"position\":3,\"name\":\"Fruitbrandewijn nummer 1\"}]},{\"@type\":\"WebSite\",\"@id\":\"https:\/\/www.muehlebirgel.de\/nl\/#website\",\"url\":\"https:\/\/www.muehlebirgel.de\/nl\/\",\"name\":\"Historische Wasserm\u00fchle Birgel\",\"description\":\"Willkommen im M\u00fchlen-Erlebniszentrum\",\"potentialAction\":[{\"@type\":\"SearchAction\",\"target\":{\"@type\":\"EntryPoint\",\"urlTemplate\":\"https:\/\/www.muehlebirgel.de\/nl\/?s={search_term_string}\"},\"query-input\":{\"@type\":\"PropertyValueSpecification\",\"valueRequired\":true,\"valueName\":\"search_term_string\"}}],\"inLanguage\":\"nl-NL\"}]}<\/script>\n<!-- \/ Yoast SEO plugin. -->","yoast_head_json":{"title":"Fruitbrandewijn nummer 1 - Historische Wasserm\u00fchle Birgel","description":"De specialiteit ligt in de puree. Elk jaar cre\u00ebert Chefm\u00fcller Erwin een nieuwe samenstelling van de fijnste vruchten voor de fruitbrandewijn.","robots":{"index":"index","follow":"follow","max-snippet":"max-snippet:-1","max-image-preview":"max-image-preview:large","max-video-preview":"max-video-preview:-1"},"canonical":"https:\/\/www.muehlebirgel.de\/nl\/shop\/fruitbrandewijn-nummer-1","og_locale":"nl_NL","og_type":"article","og_title":"Fruitbrandewijn nummer 1 - Historische Wasserm\u00fchle Birgel","og_description":"De specialiteit ligt in de puree. Elk jaar cre\u00ebert Chefm\u00fcller Erwin een nieuwe samenstelling van de fijnste vruchten voor de fruitbrandewijn.","og_url":"https:\/\/www.muehlebirgel.de\/nl\/shop\/fruitbrandewijn-nummer-1\/","og_site_name":"Historische Wasserm\u00fchle Birgel","article_modified_time":"2022-09-06T13:32:22+00:00","og_image":[{"width":1400,"height":2100,"url":"https:\/\/www.muehlebirgel.de\/wp-content\/uploads\/2019\/12\/Obstbrand-Nr.1-05l.png","type":"image\/png"}],"twitter_card":"summary_large_image","twitter_misc":{"Geschatte leestijd":"1 minuut"},"schema":{"@context":"https:\/\/schema.org","@graph":[{"@type":"WebPage","@id":"https:\/\/www.muehlebirgel.de\/nl\/shop\/fruitbrandewijn-nummer-1","url":"https:\/\/www.muehlebirgel.de\/nl\/shop\/fruitbrandewijn-nummer-1","name":"Fruitbrandewijn nummer 1 - Historische Wasserm\u00fchle Birgel","isPartOf":{"@id":"https:\/\/www.muehlebirgel.de\/nl\/#website"},"primaryImageOfPage":{"@id":"https:\/\/www.muehlebirgel.de\/nl\/shop\/fruitbrandewijn-nummer-1#primaryimage"},"image":{"@id":"https:\/\/www.muehlebirgel.de\/nl\/shop\/fruitbrandewijn-nummer-1#primaryimage"},"thumbnailUrl":"https:\/\/www.muehlebirgel.de\/wp-content\/uploads\/2019\/12\/Obstbrand-Nr.1-05l.png","datePublished":"2021-12-10T15:16:36+00:00","dateModified":"2022-09-06T13:32:22+00:00","description":"De specialiteit ligt in de puree. Elk jaar cre\u00ebert Chefm\u00fcller Erwin een nieuwe samenstelling van de fijnste vruchten voor de fruitbrandewijn.","breadcrumb":{"@id":"https:\/\/www.muehlebirgel.de\/nl\/shop\/fruitbrandewijn-nummer-1#breadcrumb"},"inLanguage":"nl-NL","potentialAction":[{"@type":"ReadAction","target":["https:\/\/www.muehlebirgel.de\/nl\/shop\/fruitbrandewijn-nummer-1"]}]},{"@type":"ImageObject","inLanguage":"nl-NL","@id":"https:\/\/www.muehlebirgel.de\/nl\/shop\/fruitbrandewijn-nummer-1#primaryimage","url":"https:\/\/www.muehlebirgel.de\/wp-content\/uploads\/2019\/12\/Obstbrand-Nr.1-05l.png","contentUrl":"https:\/\/www.muehlebirgel.de\/wp-content\/uploads\/2019\/12\/Obstbrand-Nr.1-05l.png","width":1400,"height":2100},{"@type":"BreadcrumbList","@id":"https:\/\/www.muehlebirgel.de\/nl\/shop\/fruitbrandewijn-nummer-1#breadcrumb","itemListElement":[{"@type":"ListItem","position":1,"name":"Startseite","item":"https:\/\/www.muehlebirgel.de\/nl"},{"@type":"ListItem","position":2,"name":"Producten","item":"https:\/\/www.muehlebirgel.de\/nl\/winkel"},{"@type":"ListItem","position":3,"name":"Fruitbrandewijn nummer 1"}]},{"@type":"WebSite","@id":"https:\/\/www.muehlebirgel.de\/nl\/#website","url":"https:\/\/www.muehlebirgel.de\/nl\/","name":"Historische Wasserm\u00fchle Birgel","description":"Willkommen im M\u00fchlen-Erlebniszentrum","potentialAction":[{"@type":"SearchAction","target":{"@type":"EntryPoint","urlTemplate":"https:\/\/www.muehlebirgel.de\/nl\/?s={search_term_string}"},"query-input":{"@type":"PropertyValueSpecification","valueRequired":true,"valueName":"search_term_string"}}],"inLanguage":"nl-NL"}]}},"_links":{"self":[{"href":"https:\/\/www.muehlebirgel.de\/nl\/wp-json\/wp\/v2\/product\/10488","targetHints":{"allow":["GET"]}}],"collection":[{"href":"https:\/\/www.muehlebirgel.de\/nl\/wp-json\/wp\/v2\/product"}],"about":[{"href":"https:\/\/www.muehlebirgel.de\/nl\/wp-json\/wp\/v2\/types\/product"}],"wp:featuredmedia":[{"embeddable":true,"href":"https:\/\/www.muehlebirgel.de\/nl\/wp-json\/wp\/v2\/media\/9581"}],"wp:attachment":[{"href":"https:\/\/www.muehlebirgel.de\/nl\/wp-json\/wp\/v2\/media?parent=10488"}],"wp:term":[{"taxonomy":"product_brand","embeddable":true,"href":"https:\/\/www.muehlebirgel.de\/nl\/wp-json\/wp\/v2\/product_brand?post=10488"},{"taxonomy":"product_cat","embeddable":true,"href":"https:\/\/www.muehlebirgel.de\/nl\/wp-json\/wp\/v2\/product_cat?post=10488"},{"taxonomy":"product_tag","embeddable":true,"href":"https:\/\/www.muehlebirgel.de\/nl\/wp-json\/wp\/v2\/product_tag?post=10488"}],"curies":[{"name":"wp","href":"https:\/\/api.w.org\/{rel}","templated":true}]}}