{"id":36286,"date":"2022-09-19T08:15:55","date_gmt":"2022-09-19T07:15:55","guid":{"rendered":"https:\/\/www.muehlebirgel.de\/shop\/erwins-tarwebierglas"},"modified":"2026-05-07T17:50:54","modified_gmt":"2026-05-07T15:50:54","slug":"erwins-tarwebierglas","status":"publish","type":"product","link":"https:\/\/www.muehlebirgel.de\/nl\/shop\/erwins-tarwebierglas\/","title":{"rendered":"Erwin&#8217;s tarwebierglas"},"content":{"rendered":"<h2><strong>Tarwebierglas uit de Eifel van Chefm\u00fcller Erwin &#8211; van hoge kwaliteit en onmiskenbaar<\/strong><\/h2>\n<p>Als je graag thuis van een M\u00fchlenweizen geniet in een gezellig samenzijn of zelfs gezellig alleen of met z&#8217;n twee\u00ebn, dan moet je dat in stijl doen met originele M\u00fchlenweizen glazen. Onze M\u00fchlenweizen smaakt zeker een beetje beter in de tarwebierglazen van Erwin.<\/p>\n<p>Ons tarwebierglas heeft een inhoud van 0,4 liter.<\/p>\n<p><strong>Erwin&#8217;s tarwebierglazen: alleen echte met het originele molenbiermotief.  <\/strong><\/p>\n<p>Wat vertellen het ontwerp en het motief van het M\u00fchlenbier-logo ons? Hoofdmolenaar Erwin, die verantwoordelijk is voor de kwaliteit van Birgeler M\u00fchlenbraukunst, geeft ons persoonlijk het antwoord: &#8220;Het ontwerp van ons logo is representatief voor ons respect voor de monastieke brouwkunst in tijden dat monniken de enige brouwers waren. Mijn evenbeeld in het logo is bedoeld om mijn ambitie weer te geven om met elk brouwsel de brouwkunst van de monniken zo dicht mogelijk te benaderen. Het oversized ijskristal in ons bierlogo symboliseert het feit dat bier het beste smaakt als het gekoeld is!&#8221;<\/p>\n","protected":false},"excerpt":{"rendered":"<p>Tarwebierglas uit de Eifel van Chefm\u00fcller Erwin &#8211; van hoge kwaliteit en onmiskenbaar Als je graag thuis van een M\u00fchlenweizen geniet in een gezellig samenzijn of zelfs gezellig alleen of met z&#8217;n twee\u00ebn, dan moet je dat in stijl doen met originele M\u00fchlenweizen glazen. Onze M\u00fchlenweizen smaakt zeker een beetje beter in de tarwebierglazen van [&hellip;]<\/p>\n","protected":false},"featured_media":12853,"template":"","meta":[],"product_brand":[],"product_cat":[232],"product_tag":[],"class_list":{"0":"post-36286","1":"product","2":"type-product","3":"status-publish","4":"has-post-thumbnail","6":"product_cat-erwins-molen-bier","7":"product_shipping_class-verzekerde-verzending","9":"first","10":"instock","11":"taxable","12":"shipping-taxable","13":"purchasable","14":"product-type-simple"},"yoast_head":"<!-- This site is optimized with the Yoast SEO plugin v27.5 - https:\/\/yoast.com\/product\/yoast-seo-wordpress\/ -->\n<title>Erwin&#039;s tarwebierglas - Historische Wasserm\u00fchle Birgel<\/title>\n<meta name=\"robots\" content=\"noindex, follow, max-snippet:-1, max-image-preview:large, max-video-preview:-1\" \/>\n<meta property=\"og:locale\" content=\"nl_NL\" \/>\n<meta property=\"og:type\" content=\"article\" \/>\n<meta property=\"og:title\" content=\"Erwin&#039;s tarwebierglas - Historische Wasserm\u00fchle Birgel\" \/>\n<meta property=\"og:description\" content=\"Tarwebierglas uit de Eifel van Chefm\u00fcller Erwin &#8211; van hoge kwaliteit en onmiskenbaar Als je graag thuis van een M\u00fchlenweizen geniet in een gezellig samenzijn of zelfs gezellig alleen of met z&#8217;n twee\u00ebn, dan moet je dat in stijl doen met originele M\u00fchlenweizen glazen. Onze M\u00fchlenweizen smaakt zeker een beetje beter in de tarwebierglazen van [&hellip;]\" \/>\n<meta property=\"og:url\" content=\"https:\/\/www.muehlebirgel.de\/nl\/shop\/erwins-tarwebierglas\/\" \/>\n<meta property=\"og:site_name\" content=\"Historische Wasserm\u00fchle Birgel\" \/>\n<meta property=\"article:modified_time\" content=\"2026-05-07T15:50:54+00:00\" \/>\n<meta property=\"og:image\" content=\"https:\/\/www.muehlebirgel.de\/wp-content\/uploads\/2022\/09\/Erwins-Muehlenweizenglas.jpg\" \/>\n\t<meta property=\"og:image:width\" content=\"1407\" \/>\n\t<meta property=\"og:image:height\" content=\"2110\" \/>\n\t<meta property=\"og:image:type\" content=\"image\/jpeg\" \/>\n<meta name=\"twitter:card\" content=\"summary_large_image\" \/>\n<meta name=\"twitter:label1\" content=\"Geschatte leestijd\" \/>\n\t<meta name=\"twitter:data1\" content=\"1 minuut\" \/>\n<script type=\"application\/ld+json\" class=\"yoast-schema-graph\">{\"@context\":\"https:\\\/\\\/schema.org\",\"@graph\":[{\"@type\":\"WebPage\",\"@id\":\"https:\\\/\\\/www.muehlebirgel.de\\\/nl\\\/shop\\\/erwins-tarwebierglas\\\/\",\"url\":\"https:\\\/\\\/www.muehlebirgel.de\\\/nl\\\/shop\\\/erwins-tarwebierglas\\\/\",\"name\":\"Erwin's tarwebierglas - Historische Wasserm\u00fchle Birgel\",\"isPartOf\":{\"@id\":\"https:\\\/\\\/www.muehlebirgel.de\\\/nl\\\/#website\"},\"primaryImageOfPage\":{\"@id\":\"https:\\\/\\\/www.muehlebirgel.de\\\/nl\\\/shop\\\/erwins-tarwebierglas\\\/#primaryimage\"},\"image\":{\"@id\":\"https:\\\/\\\/www.muehlebirgel.de\\\/nl\\\/shop\\\/erwins-tarwebierglas\\\/#primaryimage\"},\"thumbnailUrl\":\"https:\\\/\\\/www.muehlebirgel.de\\\/wp-content\\\/uploads\\\/2022\\\/09\\\/Erwins-Muehlenweizenglas.jpg\",\"datePublished\":\"2022-09-19T07:15:55+00:00\",\"dateModified\":\"2026-05-07T15:50:54+00:00\",\"breadcrumb\":{\"@id\":\"https:\\\/\\\/www.muehlebirgel.de\\\/nl\\\/shop\\\/erwins-tarwebierglas\\\/#breadcrumb\"},\"inLanguage\":\"nl-NL\",\"potentialAction\":[{\"@type\":\"ReadAction\",\"target\":[\"https:\\\/\\\/www.muehlebirgel.de\\\/nl\\\/shop\\\/erwins-tarwebierglas\\\/\"]}]},{\"@type\":\"ImageObject\",\"inLanguage\":\"nl-NL\",\"@id\":\"https:\\\/\\\/www.muehlebirgel.de\\\/nl\\\/shop\\\/erwins-tarwebierglas\\\/#primaryimage\",\"url\":\"https:\\\/\\\/www.muehlebirgel.de\\\/wp-content\\\/uploads\\\/2022\\\/09\\\/Erwins-Muehlenweizenglas.jpg\",\"contentUrl\":\"https:\\\/\\\/www.muehlebirgel.de\\\/wp-content\\\/uploads\\\/2022\\\/09\\\/Erwins-Muehlenweizenglas.jpg\",\"width\":1407,\"height\":2110},{\"@type\":\"BreadcrumbList\",\"@id\":\"https:\\\/\\\/www.muehlebirgel.de\\\/nl\\\/shop\\\/erwins-tarwebierglas\\\/#breadcrumb\",\"itemListElement\":[{\"@type\":\"ListItem\",\"position\":1,\"name\":\"Startseite\",\"item\":\"https:\\\/\\\/www.muehlebirgel.de\\\/nl\\\/\"},{\"@type\":\"ListItem\",\"position\":2,\"name\":\"online winkel\",\"item\":\"https:\\\/\\\/www.muehlebirgel.de\\\/nl\\\/winkel\\\/\"},{\"@type\":\"ListItem\",\"position\":3,\"name\":\"Erwin's molen bier\",\"item\":\"https:\\\/\\\/www.muehlebirgel.de\\\/nl\\\/shop\\\/erwins-molen-bier\\\/\"},{\"@type\":\"ListItem\",\"position\":4,\"name\":\"Erwin&#8217;s tarwebierglas\"}]},{\"@type\":\"WebSite\",\"@id\":\"https:\\\/\\\/www.muehlebirgel.de\\\/nl\\\/#website\",\"url\":\"https:\\\/\\\/www.muehlebirgel.de\\\/nl\\\/\",\"name\":\"Historische Wasserm\u00fchle Birgel\",\"description\":\"Willkommen im M\u00fchlen-Erlebniszentrum\",\"publisher\":{\"@id\":\"https:\\\/\\\/www.muehlebirgel.de\\\/nl\\\/#organization\"},\"potentialAction\":[{\"@type\":\"SearchAction\",\"target\":{\"@type\":\"EntryPoint\",\"urlTemplate\":\"https:\\\/\\\/www.muehlebirgel.de\\\/nl\\\/?s={search_term_string}\"},\"query-input\":{\"@type\":\"PropertyValueSpecification\",\"valueRequired\":true,\"valueName\":\"search_term_string\"}}],\"inLanguage\":\"nl-NL\"},{\"@type\":\"Organization\",\"@id\":\"https:\\\/\\\/www.muehlebirgel.de\\\/nl\\\/#organization\",\"name\":\"Historische Wasserm\u00fchle Birgel\",\"url\":\"https:\\\/\\\/www.muehlebirgel.de\\\/nl\\\/\",\"logo\":{\"@type\":\"ImageObject\",\"inLanguage\":\"nl-NL\",\"@id\":\"https:\\\/\\\/www.muehlebirgel.de\\\/nl\\\/#\\\/schema\\\/logo\\\/image\\\/\",\"url\":\"https:\\\/\\\/www.muehlebirgel.de\\\/wp-content\\\/uploads\\\/logo-muehle-schwarz.webp\",\"contentUrl\":\"https:\\\/\\\/www.muehlebirgel.de\\\/wp-content\\\/uploads\\\/logo-muehle-schwarz.webp\",\"width\":2140,\"height\":1803,\"caption\":\"Historische Wasserm\u00fchle Birgel\"},\"image\":{\"@id\":\"https:\\\/\\\/www.muehlebirgel.de\\\/nl\\\/#\\\/schema\\\/logo\\\/image\\\/\"}}]}<\/script>\n<!-- \/ Yoast SEO plugin. -->","yoast_head_json":{"title":"Erwin's tarwebierglas - Historische Wasserm\u00fchle Birgel","robots":{"index":"noindex","follow":"follow","max-snippet":"max-snippet:-1","max-image-preview":"max-image-preview:large","max-video-preview":"max-video-preview:-1"},"og_locale":"nl_NL","og_type":"article","og_title":"Erwin's tarwebierglas - Historische Wasserm\u00fchle Birgel","og_description":"Tarwebierglas uit de Eifel van Chefm\u00fcller Erwin &#8211; van hoge kwaliteit en onmiskenbaar Als je graag thuis van een M\u00fchlenweizen geniet in een gezellig samenzijn of zelfs gezellig alleen of met z&#8217;n twee\u00ebn, dan moet je dat in stijl doen met originele M\u00fchlenweizen glazen. Onze M\u00fchlenweizen smaakt zeker een beetje beter in de tarwebierglazen van [&hellip;]","og_url":"https:\/\/www.muehlebirgel.de\/nl\/shop\/erwins-tarwebierglas\/","og_site_name":"Historische Wasserm\u00fchle Birgel","article_modified_time":"2026-05-07T15:50:54+00:00","og_image":[{"width":1407,"height":2110,"url":"https:\/\/www.muehlebirgel.de\/wp-content\/uploads\/2022\/09\/Erwins-Muehlenweizenglas.jpg","type":"image\/jpeg"}],"twitter_card":"summary_large_image","twitter_misc":{"Geschatte leestijd":"1 minuut"},"schema":{"@context":"https:\/\/schema.org","@graph":[{"@type":"WebPage","@id":"https:\/\/www.muehlebirgel.de\/nl\/shop\/erwins-tarwebierglas\/","url":"https:\/\/www.muehlebirgel.de\/nl\/shop\/erwins-tarwebierglas\/","name":"Erwin's tarwebierglas - Historische Wasserm\u00fchle Birgel","isPartOf":{"@id":"https:\/\/www.muehlebirgel.de\/nl\/#website"},"primaryImageOfPage":{"@id":"https:\/\/www.muehlebirgel.de\/nl\/shop\/erwins-tarwebierglas\/#primaryimage"},"image":{"@id":"https:\/\/www.muehlebirgel.de\/nl\/shop\/erwins-tarwebierglas\/#primaryimage"},"thumbnailUrl":"https:\/\/www.muehlebirgel.de\/wp-content\/uploads\/2022\/09\/Erwins-Muehlenweizenglas.jpg","datePublished":"2022-09-19T07:15:55+00:00","dateModified":"2026-05-07T15:50:54+00:00","breadcrumb":{"@id":"https:\/\/www.muehlebirgel.de\/nl\/shop\/erwins-tarwebierglas\/#breadcrumb"},"inLanguage":"nl-NL","potentialAction":[{"@type":"ReadAction","target":["https:\/\/www.muehlebirgel.de\/nl\/shop\/erwins-tarwebierglas\/"]}]},{"@type":"ImageObject","inLanguage":"nl-NL","@id":"https:\/\/www.muehlebirgel.de\/nl\/shop\/erwins-tarwebierglas\/#primaryimage","url":"https:\/\/www.muehlebirgel.de\/wp-content\/uploads\/2022\/09\/Erwins-Muehlenweizenglas.jpg","contentUrl":"https:\/\/www.muehlebirgel.de\/wp-content\/uploads\/2022\/09\/Erwins-Muehlenweizenglas.jpg","width":1407,"height":2110},{"@type":"BreadcrumbList","@id":"https:\/\/www.muehlebirgel.de\/nl\/shop\/erwins-tarwebierglas\/#breadcrumb","itemListElement":[{"@type":"ListItem","position":1,"name":"Startseite","item":"https:\/\/www.muehlebirgel.de\/nl\/"},{"@type":"ListItem","position":2,"name":"online winkel","item":"https:\/\/www.muehlebirgel.de\/nl\/winkel\/"},{"@type":"ListItem","position":3,"name":"Erwin's molen bier","item":"https:\/\/www.muehlebirgel.de\/nl\/shop\/erwins-molen-bier\/"},{"@type":"ListItem","position":4,"name":"Erwin&#8217;s tarwebierglas"}]},{"@type":"WebSite","@id":"https:\/\/www.muehlebirgel.de\/nl\/#website","url":"https:\/\/www.muehlebirgel.de\/nl\/","name":"Historische Wasserm\u00fchle Birgel","description":"Willkommen im M\u00fchlen-Erlebniszentrum","publisher":{"@id":"https:\/\/www.muehlebirgel.de\/nl\/#organization"},"potentialAction":[{"@type":"SearchAction","target":{"@type":"EntryPoint","urlTemplate":"https:\/\/www.muehlebirgel.de\/nl\/?s={search_term_string}"},"query-input":{"@type":"PropertyValueSpecification","valueRequired":true,"valueName":"search_term_string"}}],"inLanguage":"nl-NL"},{"@type":"Organization","@id":"https:\/\/www.muehlebirgel.de\/nl\/#organization","name":"Historische Wasserm\u00fchle Birgel","url":"https:\/\/www.muehlebirgel.de\/nl\/","logo":{"@type":"ImageObject","inLanguage":"nl-NL","@id":"https:\/\/www.muehlebirgel.de\/nl\/#\/schema\/logo\/image\/","url":"https:\/\/www.muehlebirgel.de\/wp-content\/uploads\/logo-muehle-schwarz.webp","contentUrl":"https:\/\/www.muehlebirgel.de\/wp-content\/uploads\/logo-muehle-schwarz.webp","width":2140,"height":1803,"caption":"Historische Wasserm\u00fchle Birgel"},"image":{"@id":"https:\/\/www.muehlebirgel.de\/nl\/#\/schema\/logo\/image\/"}}]}},"_links":{"self":[{"href":"https:\/\/www.muehlebirgel.de\/nl\/wp-json\/wp\/v2\/product\/36286","targetHints":{"allow":["GET"]}}],"collection":[{"href":"https:\/\/www.muehlebirgel.de\/nl\/wp-json\/wp\/v2\/product"}],"about":[{"href":"https:\/\/www.muehlebirgel.de\/nl\/wp-json\/wp\/v2\/types\/product"}],"version-history":[{"count":1,"href":"https:\/\/www.muehlebirgel.de\/nl\/wp-json\/wp\/v2\/product\/36286\/revisions"}],"predecessor-version":[{"id":68717,"href":"https:\/\/www.muehlebirgel.de\/nl\/wp-json\/wp\/v2\/product\/36286\/revisions\/68717"}],"wp:featuredmedia":[{"embeddable":true,"href":"https:\/\/www.muehlebirgel.de\/nl\/wp-json\/wp\/v2\/media\/12853"}],"wp:attachment":[{"href":"https:\/\/www.muehlebirgel.de\/nl\/wp-json\/wp\/v2\/media?parent=36286"}],"wp:term":[{"taxonomy":"product_brand","embeddable":true,"href":"https:\/\/www.muehlebirgel.de\/nl\/wp-json\/wp\/v2\/product_brand?post=36286"},{"taxonomy":"product_cat","embeddable":true,"href":"https:\/\/www.muehlebirgel.de\/nl\/wp-json\/wp\/v2\/product_cat?post=36286"},{"taxonomy":"product_tag","embeddable":true,"href":"https:\/\/www.muehlebirgel.de\/nl\/wp-json\/wp\/v2\/product_tag?post=36286"}],"curies":[{"name":"wp","href":"https:\/\/api.w.org\/{rel}","templated":true}]}}